{"id":1194,"date":"2015-09-18T17:37:13","date_gmt":"2015-09-18T15:37:13","guid":{"rendered":"http:\/\/ogv-wurmberg.de\/cms\/?page_id=1194"},"modified":"2020-09-03T17:17:47","modified_gmt":"2020-09-03T15:17:47","slug":"zwiebel","status":"publish","type":"page","link":"https:\/\/ogv-wurmberg.de\/cms\/zwiebel\/","title":{"rendered":"&#8211; Zwiebeln"},"content":{"rendered":"<p>K\u00fcchenzwiebeln geh\u00f6ren botanisch gesehen zur Gattung Lauch (Allium) und stammen urspr\u00fcnglich aus Mittelasien. Auf jeden Fall z\u00e4hlen sie zu den \u00e4ltesten Kulturpflanzen der Menschheit. Bereits die R\u00f6mer brachten sie nach Mitteleuropa.<\/p>\n<p>Zwiebelgew\u00e4chse sind relativ einfach anzubauen. Sie lieben es eher warm und sonnig, und sie sind <strong>Schwachzehrer<\/strong>. Der Boden sollte daher locker aber nicht frisch ged\u00fcngt sein. Eine Fl\u00e4chenkompostierung im Jahr vor der Saat ist eine gute Voraussetzung f\u00fcr die erfolgreiche Anzucht.<\/p>\n<p><strong>G\u00fcnstige Nachbarn<\/strong> sind Karotten,<strong> ung\u00fcnstig<\/strong> sind Bohnen, Kohl und Kartoffeln. Als Folgekultur nach der Ernte im Fr\u00fchsommer eignen sich Herbstsalate, Pak-Choi und\u00a0 Knollenfenchel. G\u00fcnstig ist auch der Anbau zwischen Erdbeeren. Man muss dann keine eigene Reihe f\u00fcr die Zwiebeln opfern.<\/p>\n<div id=\"attachment_2764\" style=\"width: 310px\" class=\"wp-caption alignright\"><a href=\"http:\/\/ogv-wurmberg.de\/cms\/wp-content\/uploads\/2015\/09\/zwiebeln2.jpg\" rel=\"attachment wp-att-2764\"><img loading=\"lazy\" decoding=\"async\" aria-describedby=\"caption-attachment-2764\" class=\"wp-image-2764 size-medium\" src=\"http:\/\/ogv-wurmberg.de\/cms\/wp-content\/uploads\/2015\/09\/zwiebeln2-300x205.jpg\" width=\"300\" height=\"205\" srcset=\"https:\/\/ogv-wurmberg.de\/cms\/wp-content\/uploads\/2015\/09\/zwiebeln2-300x205.jpg 300w, https:\/\/ogv-wurmberg.de\/cms\/wp-content\/uploads\/2015\/09\/zwiebeln2.jpg 754w\" sizes=\"auto, (max-width: 300px) 100vw, 300px\" \/><\/a><p id=\"caption-attachment-2764\" class=\"wp-caption-text\">Winterzwiebeln Anfang Juni<\/p><\/div>\n<p><strong>Anbau:<\/strong> Wir unterscheiden Sommer- und Winterzwiebeln, Schalotten und Lauchzwiebeln. <strong>Sommerzwiebeln<\/strong> werden im zeitigen Fr\u00fchjahr gesteckt oder ges\u00e4t, <strong>Winterzwiebeln<\/strong> im Sp\u00e4therbst. Die Ernte erfolgt Mitte bis Ende Juli bei den Sommerzwiebeln und Pflanzung im Fr\u00fchjahr bzw. bereits Ende Juni, wenn man sie im Sp\u00e4therbst des vorigen Jahres gesteckt hat (Winterzwiebeln). In unserem Mischkultursystem ist es g\u00fcnstiger, die Zwiebeln zu pflanzen statt zu s\u00e4en, weil Steckzwiebeln schneller erntereif werden und dadurch in derselben Reihe eine Folgekultur erm\u00f6glichen. Wie oben angef\u00fchrt, erreichen wir einen zus\u00e4tzlichen Wachstumsvorsprung dadurch, dass wir Winterzwiebeln stecken. Weil wir einen Anbauplan haben, wissen wir bereits lange vorher, an welcher Stelle im n\u00e4chsten Jahr die Zwiebelreihen sein werden. Die jungen Zwiebelchen pflanzen wir in einer Doppelreihe in Abst\u00e4nden von ca. 10 cm. Wer ein Gew\u00e4chshaus hat und auch im Winter nicht auf Zwiebelgr\u00fcn verzichten m\u00f6chte, kann ab Herbst auch Winterzwiebeln unter Glas stecken. Sie brauchen im Kaltgew\u00e4chshaus ca. 8 Wochen, bis sie erntereif sind. Im Freiland ernten wir die ganze Reihe gegen Ende Juni des n\u00e4chsten Jahres ab, wenn 2\/3 der Pflanzen umgeknickt sind und das Wetter m\u00f6glichst trocken ist. Sie werden mit der Grabegabel aus der Erde gehoben und zum Trocknen aufgeh\u00e4ngt.<\/p>\n<div id=\"attachment_2841\" style=\"width: 310px\" class=\"wp-caption alignleft\"><a href=\"http:\/\/ogv-wurmberg.de\/cms\/wp-content\/uploads\/2016\/06\/zwiebelernte.jpg\" rel=\"attachment wp-att-2841\"><img loading=\"lazy\" decoding=\"async\" aria-describedby=\"caption-attachment-2841\" class=\"wp-image-2841 size-medium\" src=\"http:\/\/ogv-wurmberg.de\/cms\/wp-content\/uploads\/2016\/06\/zwiebelernte-300x210.jpg\" alt=\"Zwiebeln vor der Ernte\" width=\"300\" height=\"210\" srcset=\"https:\/\/ogv-wurmberg.de\/cms\/wp-content\/uploads\/2016\/06\/zwiebelernte-300x210.jpg 300w, https:\/\/ogv-wurmberg.de\/cms\/wp-content\/uploads\/2016\/06\/zwiebelernte-768x539.jpg 768w, https:\/\/ogv-wurmberg.de\/cms\/wp-content\/uploads\/2016\/06\/zwiebelernte-1024x718.jpg 1024w, https:\/\/ogv-wurmberg.de\/cms\/wp-content\/uploads\/2016\/06\/zwiebelernte.jpg 1846w\" sizes=\"auto, (max-width: 300px) 100vw, 300px\" \/><\/a><p id=\"caption-attachment-2841\" class=\"wp-caption-text\">Winterzwiebeln vor der Ernte Ende Juni<\/p><\/div>\n<p>Eine weitere Zwiebelart muss noch erw\u00e4hnt werden, und zwar die <strong>Schalotten<\/strong>. Der Anbau ist derselbe wie bei den Sommerzwiebeln. Die gesteckte Zwiebel w\u00e4chst jedoch nicht zu einer gro\u00dfen Knolle heran, sondern die Mutterzwiebel bringt 5 &#8211; 7 Tochterzwiebeln hervor. Schalotten werden beim Kochen wegen ihres feinen Geschmacks gesch\u00e4tzt. Auch sie werden nach der Ernte zum Trocknen aufgeh\u00e4ngt.<\/p>\n<p><strong>Lauchzwiebeln:\u00a0 <\/strong>Eine besonders interessante Zwiebelart sind Lauchzwiebeln (syn. Fr\u00fchlingszwiebeln). Sie bilden \u00fcber der Wurzel nur ein kleine Verdickung aus und keine dicke Knolle. In der K\u00fcche verwenden wir sie mit dem Gr\u00fcn. Fr\u00fchlingszwiebeln werden im zeitigen Fr\u00fchjahr direkt in die Reihe ges\u00e4t. Wenn sie ca. 15 cm hoch sind, vereinzeln wir sie in einer Doppelreihe und Abst\u00e4nden von ca. 10 cm. Man kann sie im Fr\u00fchjahr zwar im Haus vorz\u00fcchten; dies bringt aber keinen wesentlichen Wachstumsvorteil. Ab Mitte Juli sind sie reif und k\u00f6nnen fortlaufend bis Oktober geerntet werden. S\u00e4t man Ende August noch einmal und steckt die kleinen Pfl\u00e4nzchen im Gew\u00e4chshaus zum Weiterwachsen, kann man sie n\u00e4chstes Jahr im M\u00e4rz im Freien auspflanzen und fr\u00fch ernten.<\/p>\n<p>Auch <strong>Knoblauch<\/strong> geh\u00f6rt zu den Zwiebelgew\u00e4chsen. Er wird von Ende September bis Mitte Oktober gesteckt und ab Juli geerntet. Reif ist er dann, wenn die Bl\u00e4tter gelb werden. Man kann ihn auch im zeitigen Fr\u00fchjahr stecken, die Zwiebeln sind dann aber kleiner. Bew\u00e4hrt hat sich die Kultur zwischen Erdbeeren. So ben\u00f6tigt er keine eigene Reihe. Knoblauch wird gelagert, indem man ihn wie Zwiebeln aufh\u00e4ngt und trocknet.<\/p>\n<div id=\"attachment_2935\" style=\"width: 310px\" class=\"wp-caption alignright\"><a href=\"http:\/\/ogv-wurmberg.de\/cms\/wp-content\/uploads\/2015\/09\/zwiebeltrock.jpg\" rel=\"attachment wp-att-2935\"><img loading=\"lazy\" decoding=\"async\" aria-describedby=\"caption-attachment-2935\" class=\"size-medium wp-image-2935\" src=\"http:\/\/ogv-wurmberg.de\/cms\/wp-content\/uploads\/2015\/09\/zwiebeltrock-300x244.jpg\" alt=\"Zwiebeln zum Trocknen aufgeh\u00e4ngt\" width=\"300\" height=\"244\" srcset=\"https:\/\/ogv-wurmberg.de\/cms\/wp-content\/uploads\/2015\/09\/zwiebeltrock-300x244.jpg 300w, https:\/\/ogv-wurmberg.de\/cms\/wp-content\/uploads\/2015\/09\/zwiebeltrock.jpg 483w\" sizes=\"auto, (max-width: 300px) 100vw, 300px\" \/><\/a><p id=\"caption-attachment-2935\" class=\"wp-caption-text\">Zum Trocknen aufgeh\u00e4ngte Zwiebeln<\/p><\/div>\n<p><strong>Lagerung:<\/strong> Frisch geerntete Zwiebeln k\u00f6nnen mehrere Tage im Gem\u00fcsefach des K\u00fchlschranks gelagert werden. Sie tiefzufrieren, bringt keine guten Ergebnisse. Die Zwiebeln, die nicht direkt in der K\u00fcche verwendet werden, h\u00e4ngen wir zum Trocknen auf. So sind sie ein halbes Jahr haltbar. Sie halten sich am besten, wenn sie mehrere Wochen nach dem Trocknen an einem k\u00fchleren trockenen Ort aufbewahrt werden. Dort m\u00fcssen wir sie gelegentlich kontrollieren. Diejenigen Zwiebeln, die keine glatte Schale mehr aufweisen, m\u00fcssen wir sofort verbrauchen. Lauchzwiebeln \u00fcbrigens eignen sich nicht zum Trocknen. Sie werden laufend nach Bedarf geerntet und verbraucht.<\/p>\n<p><strong>Empfehlenswerte Zwiebelsorten:<\/strong> <em>Sommersteckzwiebeln:<\/em> Sturon, <em>Wintersteckzwiebeln:<\/em> Senshyu Yellow (gelb), Electric (rot), <em>Schalotten:<\/em> Red Sun, Lauch<em>zwiebeln:<\/em> Ishikura Long White; beim Kauf der Steckzwiebeln ist darauf zu achten, dass sie nicht gr\u00f6\u00dfer als Haseln\u00fcsse sind, andernfalls bl\u00fchen sie sehr fr\u00fch.<\/p>\n<p><strong>Kochrezepte<\/strong> mit Zwiebeln siehe <span style=\"color: #ff0000;\"><a href=\"http:\/\/ogv-wurmberg.de\/cms\/rezepte-aus-dem-gemuesegarten\/zwiebeln\/\">hier!<\/a><\/span><\/p>\n<hr \/>\n<p><a href=\"http:\/\/ogv-wurmberg.de\/cms\/gemuese-portraits\/\"> zur\u00fcck!<\/a><\/p>\n<p>&nbsp;<\/p>\n","protected":false},"excerpt":{"rendered":"<p>K\u00fcchenzwiebeln geh\u00f6ren botanisch gesehen zur Gattung Lauch (Allium) und stammen urspr\u00fcnglich aus Mittelasien. Auf jeden Fall z\u00e4hlen sie zu den \u00e4ltesten Kulturpflanzen der Menschheit. Bereits die R\u00f6mer brachten sie nach Mitteleuropa. Zwiebelgew\u00e4chse sind relativ einfach anzubauen. Sie lieben es eher warm und sonnig, und sie sind Schwachzehrer. Der Boden sollte daher locker aber nicht frisch [&hellip;]<\/p>\n","protected":false},"author":2,"featured_media":0,"parent":0,"menu_order":0,"comment_status":"closed","ping_status":"closed","template":"","meta":{"footnotes":""},"class_list":["post-1194","page","type-page","status-publish","hentry"],"_links":{"self":[{"href":"https:\/\/ogv-wurmberg.de\/cms\/wp-json\/wp\/v2\/pages\/1194","targetHints":{"allow":["GET"]}}],"collection":[{"href":"https:\/\/ogv-wurmberg.de\/cms\/wp-json\/wp\/v2\/pages"}],"about":[{"href":"https:\/\/ogv-wurmberg.de\/cms\/wp-json\/wp\/v2\/types\/page"}],"author":[{"embeddable":true,"href":"https:\/\/ogv-wurmberg.de\/cms\/wp-json\/wp\/v2\/users\/2"}],"replies":[{"embeddable":true,"href":"https:\/\/ogv-wurmberg.de\/cms\/wp-json\/wp\/v2\/comments?post=1194"}],"version-history":[{"count":66,"href":"https:\/\/ogv-wurmberg.de\/cms\/wp-json\/wp\/v2\/pages\/1194\/revisions"}],"predecessor-version":[{"id":9042,"href":"https:\/\/ogv-wurmberg.de\/cms\/wp-json\/wp\/v2\/pages\/1194\/revisions\/9042"}],"wp:attachment":[{"href":"https:\/\/ogv-wurmberg.de\/cms\/wp-json\/wp\/v2\/media?parent=1194"}],"curies":[{"name":"wp","href":"https:\/\/api.w.org\/{rel}","templated":true}]}}