{"id":1218,"date":"2015-09-20T23:11:29","date_gmt":"2015-09-20T21:11:29","guid":{"rendered":"http:\/\/ogv-wurmberg.de\/cms\/?page_id=1218"},"modified":"2018-12-28T21:34:04","modified_gmt":"2018-12-28T20:34:04","slug":"pastinaken-rezepte","status":"publish","type":"page","link":"https:\/\/ogv-wurmberg.de\/cms\/pastinaken-rezepte\/","title":{"rendered":"&#8211; Pastinaken-Rezepte"},"content":{"rendered":"<p>Pastinaken sind ein typisches Wintergem\u00fcse. Sie enthalten viel Carotin. Weil sie gut verdaulich sind, kommen sie h\u00e4ufig in Babybahrung vor. In Gerichten lassen sie sich gut zusammen mit anderen Wurzelgem\u00fcsen in winterlichen Eint\u00f6pfen verwenden aber auch einzeln als Beilage zu Schmorgerichten. Pastinaken haben einen ausgepr\u00e4gten Eigengeschmack und vertragen daher kr\u00e4ftige Gew\u00fcrze, wie z.B. Kreuzk\u00fcmmel, Koriander oder Curry.<\/p>\n<h3><\/h3>\n<hr \/>\n<h3><\/h3>\n<h3><strong>Pastinaken-Curry mit Honig<\/strong><\/h3>\n<p><strong><a href=\"http:\/\/ogv-wurmberg.de\/cms\/wp-content\/uploads\/2015\/09\/rezpast.jpg\"><img loading=\"lazy\" decoding=\"async\" class=\"alignright size-medium wp-image-3582\" src=\"http:\/\/ogv-wurmberg.de\/cms\/wp-content\/uploads\/2015\/09\/rezpast-300x169.jpg\" alt=\"rezpast\" width=\"300\" height=\"169\" srcset=\"https:\/\/ogv-wurmberg.de\/cms\/wp-content\/uploads\/2015\/09\/rezpast-300x169.jpg 300w, https:\/\/ogv-wurmberg.de\/cms\/wp-content\/uploads\/2015\/09\/rezpast-768x432.jpg 768w, https:\/\/ogv-wurmberg.de\/cms\/wp-content\/uploads\/2015\/09\/rezpast-1024x576.jpg 1024w, https:\/\/ogv-wurmberg.de\/cms\/wp-content\/uploads\/2015\/09\/rezpast.jpg 1498w\" sizes=\"auto, (max-width: 300px) 100vw, 300px\" \/><\/a><\/strong><\/p>\n<p><strong>Beschreibung:<\/strong> Dauer ca. 45 min, leicht<\/p>\n<p><strong>Zutaten:<\/strong> 500 g Pastinaken, 1 TL Curry-Pulver, 50 g Butter, 25 g Honig, 1 Zitrone, Salz, Pfeffer<\/p>\n<p><strong>Zubereitung: <\/strong>Pastinaken waschen, sch\u00e4len und der L\u00e4nge nach achteln. Curry in einer Pfanne ca. 1 min trocken r\u00f6sten. Dabei umr\u00fchren. Butter und Honig zugeben und leicht salzen. Die Pastinakenst\u00fccke in der Pfanne bei geschlossenem Deckel ca. 15 \u2013 20 min schmoren. Vor dem Servieren Zitronensaft dar\u00fcber tr\u00e4ufeln und mit grobem Salz und Pfeffer w\u00fcrzen. Dazu passt kr\u00e4ftiges Fleisch, z.B. von Ente oder Gans.<\/p>\n<hr \/>\n<h3><strong>Pastinakenchips<\/strong><\/h3>\n<p><strong>Beschreibung<\/strong>: Dauer ca. 40 min, leicht<\/p>\n<p><strong>Zutaten:<\/strong> 2 mittelgro\u00dfe Pastinaken, \u00d6l, Salz, Gew\u00fcrze<\/p>\n<p><strong>Zubereitung:<\/strong> Pastinaken waschen, sch\u00e4len und in d\u00fcnne Scheiben hobeln. Ofen auf 160 Grad vorheizen. Mit etwas \u00d6l bestreichen, sparsam salzen und w\u00fcrzen. Folgende Gew\u00fcrze passen: Currypulver, roter Pfeffer, Sesamk\u00f6rner o.a. Die Scheiben auf ein mit Backpapier ausgelegtes Backblech legen und ca. 30 min im Ofen kross ausbacken. Die Chips m\u00fcssen am selben Tag gegessen werden, weil sie nach mehreren Stunden nicht mehr kross sind.<\/p>\n<hr \/>\n<h3><strong>Pastinakenp\u00fcree<\/strong><\/h3>\n<p><strong>Beschreibung<\/strong>: Dauer ca. 30 min, leicht<\/p>\n<p><strong>Zutaten:<\/strong> 40 g Butter, 300 g Pastinaken, 100 g Karotten, 1 Schalotte, 1 Knoblauchzehe, 200 ml Br\u00fche (Kalb, Gem\u00fcse oder Gefl\u00fcgel), 100 ml Sahne (oder Kokosmilch), 1 TL Kreuzk\u00fcmmel, Raz el Hanout (marokkanisches Mischgew\u00fcrz), Zitrone, Salz, Cayenne-Pfeffer<\/p>\n<p><strong>Zubereitung:<\/strong> Pastinaken, Karotten, Schalotte und Knoblauch sch\u00e4len und in W\u00fcrfel schneiden. In der Butter anschwitzen. Sahne, Kreuzk\u00fcmmel und Br\u00fche zugeben. Gem\u00fcse ca. 15 min weich kochen lassen. Danach in einem Standmixer fein p\u00fcrieren. Mit Salz, Raz el Hanout, Zitronensaft und Cayenne-Pfeffer abschmecken. Das P\u00fcree kann auch in einer gr\u00f6\u00dferen Menge gekocht werden. Der Rest l\u00e4sst sich gut einfrieren (und ohne Geschmacksverlust auftauen) oder zu einer Cremesuppe weiter verarbeiten.<\/p>\n<hr \/>\n<h3><strong><a href=\"https:\/\/ogv-wurmberg.de\/cms\/wp-content\/uploads\/2018\/12\/rezpastsuppe.jpg\"><img loading=\"lazy\" decoding=\"async\" class=\"alignright wp-image-6714\" src=\"https:\/\/ogv-wurmberg.de\/cms\/wp-content\/uploads\/2018\/12\/rezpastsuppe-300x251.jpg\" alt=\"\" width=\"230\" height=\"192\" srcset=\"https:\/\/ogv-wurmberg.de\/cms\/wp-content\/uploads\/2018\/12\/rezpastsuppe-300x251.jpg 300w, https:\/\/ogv-wurmberg.de\/cms\/wp-content\/uploads\/2018\/12\/rezpastsuppe-768x642.jpg 768w, https:\/\/ogv-wurmberg.de\/cms\/wp-content\/uploads\/2018\/12\/rezpastsuppe-1024x855.jpg 1024w\" sizes=\"auto, (max-width: 230px) 100vw, 230px\" \/><\/a>Pastinakencremesuppe<\/strong><\/h3>\n<p>Siehe Pastinakenp\u00fcree! Statt 100 ml nimmt man ungef\u00e4hr die dreifache Menge Br\u00fche (oder Wasser), muss dann aber nachw\u00fcrzen. Als Einlage und Dekoration sind z.B. gehackte Rauchmandeln, Kokoscreme, gew\u00fcrfelte Tomaten oder Sesamk\u00f6rner denkbar.<\/p>\n<hr \/>\n<p><a href=\"http:\/\/ogv-wurmberg.de\/cms\/gemueserezepte\/\">zur\u00fcck!<\/a><\/p>\n","protected":false},"excerpt":{"rendered":"<p>Pastinaken sind ein typisches Wintergem\u00fcse. Sie enthalten viel Carotin. Weil sie gut verdaulich sind, kommen sie h\u00e4ufig in Babybahrung vor. In Gerichten lassen sie sich gut zusammen mit anderen Wurzelgem\u00fcsen in winterlichen Eint\u00f6pfen verwenden aber auch einzeln als Beilage zu Schmorgerichten. Pastinaken haben einen ausgepr\u00e4gten Eigengeschmack und vertragen daher kr\u00e4ftige Gew\u00fcrze, wie z.B. Kreuzk\u00fcmmel, Koriander [&hellip;]<\/p>\n","protected":false},"author":2,"featured_media":0,"parent":0,"menu_order":0,"comment_status":"closed","ping_status":"closed","template":"","meta":{"footnotes":""},"class_list":["post-1218","page","type-page","status-publish","hentry"],"_links":{"self":[{"href":"https:\/\/ogv-wurmberg.de\/cms\/wp-json\/wp\/v2\/pages\/1218","targetHints":{"allow":["GET"]}}],"collection":[{"href":"https:\/\/ogv-wurmberg.de\/cms\/wp-json\/wp\/v2\/pages"}],"about":[{"href":"https:\/\/ogv-wurmberg.de\/cms\/wp-json\/wp\/v2\/types\/page"}],"author":[{"embeddable":true,"href":"https:\/\/ogv-wurmberg.de\/cms\/wp-json\/wp\/v2\/users\/2"}],"replies":[{"embeddable":true,"href":"https:\/\/ogv-wurmberg.de\/cms\/wp-json\/wp\/v2\/comments?post=1218"}],"version-history":[{"count":41,"href":"https:\/\/ogv-wurmberg.de\/cms\/wp-json\/wp\/v2\/pages\/1218\/revisions"}],"predecessor-version":[{"id":6869,"href":"https:\/\/ogv-wurmberg.de\/cms\/wp-json\/wp\/v2\/pages\/1218\/revisions\/6869"}],"wp:attachment":[{"href":"https:\/\/ogv-wurmberg.de\/cms\/wp-json\/wp\/v2\/media?parent=1218"}],"curies":[{"name":"wp","href":"https:\/\/api.w.org\/{rel}","templated":true}]}}