{"id":1340,"date":"2015-09-27T09:57:30","date_gmt":"2015-09-27T07:57:30","guid":{"rendered":"http:\/\/ogv-wurmberg.de\/cms\/?page_id=1340"},"modified":"2018-06-27T22:40:29","modified_gmt":"2018-06-27T20:40:29","slug":"kartoffeln","status":"publish","type":"page","link":"https:\/\/ogv-wurmberg.de\/cms\/kartoffeln\/","title":{"rendered":"&#8211; Kartoffeln"},"content":{"rendered":"<p>Kartoffeln (syn. Erd\u00e4pfel, Krumbeere) geh\u00f6ren zur Familie der Nachtschattengew\u00e4chse und stammen urspr\u00fcnglich aus S\u00fcdamerika.<\/p>\n<div id=\"attachment_1784\" style=\"width: 160px\" class=\"wp-caption alignright\"><a href=\"http:\/\/ogv-wurmberg.de\/cms\/wp-content\/uploads\/2016\/01\/kartoffeln.jpg\"><img loading=\"lazy\" decoding=\"async\" aria-describedby=\"caption-attachment-1784\" class=\"wp-image-1784 size-thumbnail\" src=\"http:\/\/ogv-wurmberg.de\/cms\/wp-content\/uploads\/2016\/01\/kartoffeln-150x150.jpg\" alt=\"Kartoffeln\" width=\"150\" height=\"150\" \/><\/a><p id=\"caption-attachment-1784\" class=\"wp-caption-text\">Fr\u00fchkartoffeln Christa<\/p><\/div>\n<p>\u00dcber die Kanaren sollen sie nach Europa gekommen sein. Friedrich der Gro\u00dfe hat sie im 18. Jahrhundert nachweislich in Preussen eingef\u00fchrt. Erst durch die Waldenser sind sie in unsere Gegend gekommen. Ihren Siegeszug als Grundnahrungsmittel haben sie in der Folgezeit allerdings nur sehr z\u00f6gerlich angetreten. Inzwischen gibt es weltweit mehr als 5000 Sorten. Mit Blick auf die L\u00e4nge der Vegetationszeit werden sie in fr\u00fche, mittlere und sp\u00e4te Sorten unterteilt. F\u00fcr die K\u00fcche ist die Unterscheidung in festkochende, vorwiegend festkochende und mehlige Sorten wichtig.<\/p>\n<p>In unserem Musterbeet werden nur Fr\u00fchkartoffeln angebaut, weil der Platz dort begrenzt ist, und weil Sp\u00e4tkartoffeln Braunf\u00e4ule auf die Tomaten \u00fcbertragen k\u00f6nnen. F\u00fcr uns ist au\u00dferdem wichtig, dass die Reihe nach der Ernte noch f\u00fcr eine Folgekultur zur Verf\u00fcgung steht. Bew\u00e4hrt haben sich hier Zuckerhut oder Kohlrabi. Wer Sp\u00e4tkartoffeln anbauen m\u00f6chte, muss dies auf einem separaten Beet tun ohne Tomaten in der N\u00e4he.<\/p>\n<div id=\"attachment_2537\" style=\"width: 310px\" class=\"wp-caption alignleft\"><a href=\"http:\/\/ogv-wurmberg.de\/cms\/wp-content\/uploads\/2016\/05\/kartoffel.jpg\"><img loading=\"lazy\" decoding=\"async\" aria-describedby=\"caption-attachment-2537\" class=\"size-medium wp-image-2537\" src=\"http:\/\/ogv-wurmberg.de\/cms\/wp-content\/uploads\/2016\/05\/kartoffel-300x135.jpg\" alt=\"Angeh\u00e4ufelte Kartoffelreihe im Mai\" width=\"300\" height=\"135\" srcset=\"https:\/\/ogv-wurmberg.de\/cms\/wp-content\/uploads\/2016\/05\/kartoffel-300x135.jpg 300w, https:\/\/ogv-wurmberg.de\/cms\/wp-content\/uploads\/2016\/05\/kartoffel-768x346.jpg 768w, https:\/\/ogv-wurmberg.de\/cms\/wp-content\/uploads\/2016\/05\/kartoffel-604x270.jpg 604w, https:\/\/ogv-wurmberg.de\/cms\/wp-content\/uploads\/2016\/05\/kartoffel.jpg 967w\" sizes=\"auto, (max-width: 300px) 100vw, 300px\" \/><\/a><p id=\"caption-attachment-2537\" class=\"wp-caption-text\">Angeh\u00e4ufelte Kartoffelreihe im Mai<\/p><\/div>\n<p>Obwohl Kartoffeln <strong>Starkzehrer<\/strong> sind, den Boden also sehr beanspruchen, ist die D\u00fcngung durch die letztj\u00e4hrige Fl\u00e4chenkompostierung ausreichend. Sie sollten aber nur alle vier Jahre auf derselben Fl\u00e4che angebaut werden.<\/p>\n<p><strong>G\u00fcnstige Nachbarn<\/strong> sind Bohnen, Kohrabi und Salate, <strong>ung\u00fcnstig <\/strong>sind Tomaten, Erbsen, Gurken, rote Bete, Sellerie und Zwiebeln.<\/p>\n<div id=\"attachment_6075\" style=\"width: 230px\" class=\"wp-caption alignright\"><a href=\"http:\/\/ogv-wurmberg.de\/cms\/wp-content\/uploads\/2015\/09\/Kartoffeleernte2.jpg\"><img loading=\"lazy\" decoding=\"async\" aria-describedby=\"caption-attachment-6075\" class=\"wp-image-6075\" src=\"http:\/\/ogv-wurmberg.de\/cms\/wp-content\/uploads\/2015\/09\/Kartoffeleernte2-300x262.jpg\" alt=\"kartoffeleernte2\" width=\"220\" height=\"192\" srcset=\"https:\/\/ogv-wurmberg.de\/cms\/wp-content\/uploads\/2015\/09\/Kartoffeleernte2-300x262.jpg 300w, https:\/\/ogv-wurmberg.de\/cms\/wp-content\/uploads\/2015\/09\/Kartoffeleernte2-768x671.jpg 768w, https:\/\/ogv-wurmberg.de\/cms\/wp-content\/uploads\/2015\/09\/Kartoffeleernte2-1024x894.jpg 1024w\" sizes=\"auto, (max-width: 220px) 100vw, 220px\" \/><\/a><p id=\"caption-attachment-6075\" class=\"wp-caption-text\">Fr\u00fchkartoffelernte Ende Juni<\/p><\/div>\n<p><strong>Anbau: <\/strong>Als Pflanzkartoffeln w\u00e4hlen wir immer fr\u00fcheste Sorten. Die Knollen werden Anfang M\u00e4rz zum Vorkeimen in einen hellen k\u00fchlen Raum mit ca. 10 &#8211; 15 Grad gelegt. Mitte M\u00e4rz setzen wir sie in die nach dem Anbauplan vorgesehene Reihe, und zwar ca. 20 cm tief in Abst\u00e4nden von 15 cm. Nachdem sie gekeimt sind, k\u00f6nnen durchaus noch Sp\u00e4tfr\u00f6ste vorkommen. Dann frieren die Blattspitzen an, was die sp\u00e4tere Ernte aber nicht nennenswert beeintr\u00e4chtigt. Man kann dies auch vermeiden und Folie \u00fcber die Kartoffelreihe legen. Sobald dies m\u00f6glich ist, werden die Pflanzen mit Erde angeh\u00e4ufelt. Dadurch bilden sich zus\u00e4tzliche Knollen an den zugedeckten Stielen. Ein Befall mit Kartoffelk\u00e4fern ist im Mischkulturbeet selten. Treten einzelne K\u00e4fer auf, liest man sie ab und zerdr\u00fcckt sie.<\/p>\n<div id=\"attachment_6087\" style=\"width: 310px\" class=\"wp-caption alignleft\"><a href=\"http:\/\/ogv-wurmberg.de\/cms\/wp-content\/uploads\/2015\/09\/Kartoffelfolge.jpg\"><img loading=\"lazy\" decoding=\"async\" aria-describedby=\"caption-attachment-6087\" class=\"size-medium wp-image-6087\" src=\"http:\/\/ogv-wurmberg.de\/cms\/wp-content\/uploads\/2015\/09\/Kartoffelfolge-300x197.jpg\" alt=\"Kartoffelreihe nach der Ernte\" width=\"300\" height=\"197\" srcset=\"https:\/\/ogv-wurmberg.de\/cms\/wp-content\/uploads\/2015\/09\/Kartoffelfolge-300x197.jpg 300w, https:\/\/ogv-wurmberg.de\/cms\/wp-content\/uploads\/2015\/09\/Kartoffelfolge-768x505.jpg 768w, https:\/\/ogv-wurmberg.de\/cms\/wp-content\/uploads\/2015\/09\/Kartoffelfolge-1024x674.jpg 1024w\" sizes=\"auto, (max-width: 300px) 100vw, 300px\" \/><\/a><p id=\"caption-attachment-6087\" class=\"wp-caption-text\">Kartoffelreihe nach der Ernte<\/p><\/div>\n<p>Ende Juni ernten wir die ganze Reihe auf einmal. Gr\u00fcne Kartoffeln m\u00fcssen aussortiert werden, weil sie giftiges Solanin enthalten. Nachdem die Reihe einmal durchgehackt wurde, ist sie f\u00fcr die Saat der Folgekultur gut vorbereitet. Die Stiele mit den Bl\u00e4ttern werden zu beiden Seiten der Saatreihe abgelegt (siehe Foto) und dienen dort als Mulch, der langsam verrrottet. Kartoffeln hinterlassen einen gut gelockerten Boden, der ideal ist f\u00fcr die Nachkultur. Als solche haben sich z.B. Zichorien oder Kohlrabi bew\u00e4hrt.<\/p>\n<p><strong>Lagerung:<\/strong> Fr\u00fchkartoffeln lassen sich nicht so lange lagern wie die sp\u00e4ten Sorten. Maximal drei Monate sind sie haltbar, wenn sie an einem k\u00fchlen, dunklen und feuchten Ort aufbewahrt werden. Ist der Keller zu trocken, sollten wir sie mit einem Flies abdecken.<\/p>\n<p><strong>Empfehlenswerte Sorte:<\/strong> Fr\u00fchkartoffeln Christa oder Finca (vorwiegend festkochend)<\/p>\n<p><strong>Kochrezepte<\/strong> mit Kartoffeln<span style=\"color: #ff0000;\">\u00a0<\/span><span style=\"color: #000000;\">sind\u00a0<span style=\"color: #ff0000;\"><a href=\"http:\/\/ogv-wurmberg.de\/cms\/kartoffel-rezepte\/\">hier<\/a><\/span><\/span> zu finden!<\/p>\n<hr \/>\n<p><a href=\"http:\/\/ogv-wurmberg.de\/cms\/gemuese-portraits\/\">zur\u00fcck!<\/a><\/p>\n","protected":false},"excerpt":{"rendered":"<p>Kartoffeln (syn. Erd\u00e4pfel, Krumbeere) geh\u00f6ren zur Familie der Nachtschattengew\u00e4chse und stammen urspr\u00fcnglich aus S\u00fcdamerika. \u00dcber die Kanaren sollen sie nach Europa gekommen sein. Friedrich der Gro\u00dfe hat sie im 18. Jahrhundert nachweislich in Preussen eingef\u00fchrt. Erst durch die Waldenser sind sie in unsere Gegend gekommen. Ihren Siegeszug als Grundnahrungsmittel haben sie in der Folgezeit allerdings [&hellip;]<\/p>\n","protected":false},"author":2,"featured_media":0,"parent":0,"menu_order":0,"comment_status":"closed","ping_status":"closed","template":"","meta":{"footnotes":""},"class_list":["post-1340","page","type-page","status-publish","hentry"],"_links":{"self":[{"href":"https:\/\/ogv-wurmberg.de\/cms\/wp-json\/wp\/v2\/pages\/1340","targetHints":{"allow":["GET"]}}],"collection":[{"href":"https:\/\/ogv-wurmberg.de\/cms\/wp-json\/wp\/v2\/pages"}],"about":[{"href":"https:\/\/ogv-wurmberg.de\/cms\/wp-json\/wp\/v2\/types\/page"}],"author":[{"embeddable":true,"href":"https:\/\/ogv-wurmberg.de\/cms\/wp-json\/wp\/v2\/users\/2"}],"replies":[{"embeddable":true,"href":"https:\/\/ogv-wurmberg.de\/cms\/wp-json\/wp\/v2\/comments?post=1340"}],"version-history":[{"count":46,"href":"https:\/\/ogv-wurmberg.de\/cms\/wp-json\/wp\/v2\/pages\/1340\/revisions"}],"predecessor-version":[{"id":6092,"href":"https:\/\/ogv-wurmberg.de\/cms\/wp-json\/wp\/v2\/pages\/1340\/revisions\/6092"}],"wp:attachment":[{"href":"https:\/\/ogv-wurmberg.de\/cms\/wp-json\/wp\/v2\/media?parent=1340"}],"curies":[{"name":"wp","href":"https:\/\/api.w.org\/{rel}","templated":true}]}}