{"id":1363,"date":"2015-09-27T22:40:35","date_gmt":"2015-09-27T20:40:35","guid":{"rendered":"http:\/\/ogv-wurmberg.de\/cms\/?page_id=1363"},"modified":"2019-03-26T22:11:56","modified_gmt":"2019-03-26T21:11:56","slug":"kartoffel-rezepte","status":"publish","type":"page","link":"https:\/\/ogv-wurmberg.de\/cms\/kartoffel-rezepte\/","title":{"rendered":"&#8211; Kartoffel-Rezepte"},"content":{"rendered":"<p class=\"western\">Kartoffeln sind aus unserer Ern\u00e4hrung nicht wegzudenken. Es gibt unz\u00e4hlige Verwendungsm\u00f6glichkeiten. Speziell in Norddeutschland war fr\u00fcher ein Gericht ohne Kartoffeln nicht vorstellbar. Je nach Verwendung unterscheiden wir festkochende, vorwiegend festkochende und mehlig kochende Sorten. Festkochende und vorwiegend festkochende Kartoffeln werden f\u00fcr Salat, Brat- und Salzkartoffeln verwendet, mehlig kochende f\u00fcr Stampf, P\u00fcree und Suppen. Unsere Fr\u00fchkartoffeln k\u00f6nnen wir selbstverst\u00e4ndlich mit Schale essen. Das macht auch deshalb Sinn, weil viele Vitamine und Mineralstoffe in der Schale stecken. Gr\u00fcne Kartoffeln wie auch das Laub sind nicht zum Verzehr geeignet, weil es Solanin enth\u00e4lt, ein Gift, das \u00dcberlkeit und Erbrechen verursacht. Bei sehr hei\u00dfem Braten oder Frittieren (&gt;160 Grad) entsteht das krebserregende Acrylamid. Daher gilt die Devise: Im Fett nur auf mittlere Temperaturen erhitzen.<\/p>\n<hr \/>\n<h3><strong><a href=\"http:\/\/ogv-wurmberg.de\/cms\/wp-content\/uploads\/2015\/09\/rezkartoffel.jpg\"><img loading=\"lazy\" decoding=\"async\" class=\"alignright size-medium wp-image-6189\" src=\"http:\/\/ogv-wurmberg.de\/cms\/wp-content\/uploads\/2015\/09\/rezkartoffel-300x248.jpg\" alt=\"rezkartoffel\" width=\"300\" height=\"248\" srcset=\"https:\/\/ogv-wurmberg.de\/cms\/wp-content\/uploads\/2015\/09\/rezkartoffel-300x248.jpg 300w, https:\/\/ogv-wurmberg.de\/cms\/wp-content\/uploads\/2015\/09\/rezkartoffel-768x636.jpg 768w, https:\/\/ogv-wurmberg.de\/cms\/wp-content\/uploads\/2015\/09\/rezkartoffel-1024x847.jpg 1024w, https:\/\/ogv-wurmberg.de\/cms\/wp-content\/uploads\/2015\/09\/rezkartoffel.jpg 1142w\" sizes=\"auto, (max-width: 300px) 100vw, 300px\" \/><\/a>Gebackene Ofenkartoffeln<\/strong><\/h3>\n<p><strong>Beschreibung:<\/strong> Dauer ca. 60 min, einfach<\/p>\n<p><strong>Zutaten:<\/strong> Pro Person 3 \u2013 4 kleine fest kochende Kartoffeln, Salz, 1 &#8211; 3 TL K\u00fcmmel, \u00d6l oder Butter<\/p>\n<p><strong>Zubereitung:<\/strong> Wasser mit Salz und K\u00fcmmel aufkochen. Kartoffeln mit Schale ca. 10 min halbgar kochen. Ofen bei 180 Grad vorheizen. Kartoffeln abschrecken und Schale abziehen. In \u00d6l (oder Butter) w\u00e4lzen und im Ofen garen (ca. 45 min). Wenn sie braun werden, \u00f6fter r\u00fctteln. Evt. am Schluss auf 220 Grad hoch schalten. Auf dem Teller grobes Salz dar\u00fcber streuen. Passt zu kurzgebratenem oder geschmortem Fleisch.<\/p>\n<hr \/>\n<h3><strong><a href=\"http:\/\/ogv-wurmberg.de\/cms\/wp-content\/uploads\/2015\/09\/rezkartoffel4.jpg\"><img loading=\"lazy\" decoding=\"async\" class=\"size-medium wp-image-6191 alignleft\" src=\"http:\/\/ogv-wurmberg.de\/cms\/wp-content\/uploads\/2015\/09\/rezkartoffel4-300x240.jpg\" alt=\"rezkartoffel4\" width=\"300\" height=\"240\" srcset=\"https:\/\/ogv-wurmberg.de\/cms\/wp-content\/uploads\/2015\/09\/rezkartoffel4-300x240.jpg 300w, https:\/\/ogv-wurmberg.de\/cms\/wp-content\/uploads\/2015\/09\/rezkartoffel4-768x614.jpg 768w, https:\/\/ogv-wurmberg.de\/cms\/wp-content\/uploads\/2015\/09\/rezkartoffel4-1024x818.jpg 1024w, https:\/\/ogv-wurmberg.de\/cms\/wp-content\/uploads\/2015\/09\/rezkartoffel4.jpg 1871w\" sizes=\"auto, (max-width: 300px) 100vw, 300px\" \/><\/a>Kartoffelomelett (Tortilla)<\/strong><\/h3>\n<p><strong>Beschreibung:<\/strong> Dauer ca. 40 min, einfach<\/p>\n<p><strong>Zutaten<\/strong>: 800 g festkochende Kartoffeln, Oliven\u00f6l, 2 Knoblauchzehen, 2 Fr\u00fchlingszwiebeln (oder 1 Porreestange), 8 Eier, diverse klein gew\u00fcrfelte Gem\u00fcse (z.B. Karotten, Sellerie, Steckr\u00fcben, Kohlrabi u.a.), veschiedene gehackte Kr\u00e4uter, Salz, Pfeffer, Option: gew\u00fcrfelter Speck<\/p>\n<p><strong>Zubereitung<\/strong>: Kartoffeln sch\u00e4len und in d\u00fcnne Scheiben schneiden. Gro\u00dfe Pfanne 2 cm hoch mit Oliven\u00f6l f\u00fcllen und erhitzen. Kartoffeln darin 10 min braten. Am Schluss gehackten Knoblauch und Zwiebeln und gew\u00fcrfeltes Gem\u00fcse kurz mitbraten. In ein Sieb geben und \u00d6l abtropfen lassen. 2 EL \u00d6l wieder in die Pfanne geben. 8 Eier verquirlen, salzen und pfeffern. Kartoffeln ebenfalls salzen. Eimasse \u00fcber die Kartoffeln gie\u00dfen und geschlossen 6 min bei kleiner Hitze stocken lassen. Danach kurz unter dem Grill anbr\u00e4unen. Dazu passt z.B. Wei\u00dfkohl mit Speck<a href=\"http:\/\/ogv-wurmberg.de\/cms\/weisskohl-rezepte\/\"> (siehe dort).<\/a><\/p>\n<hr \/>\n<h3><strong>Kartoffelschnecken<\/strong><\/h3>\n<p><strong>Beschreibung:<\/strong> Dauer ca. 30 min + K\u00fchlzeit + 5 min Bratzeit, schwierig<\/p>\n<p><strong>Zutaten<\/strong>: 500 g Kartoffeln (mehlig oder vorwiegend festkochend), 100 g Schinkenspeck, \u00bd Bund Petersilie, \u00bd Bund Schnittlauch, 3 Eigelb, ca. 4 EL Mehl, Salz, Pfeffer, Butter<\/p>\n<p><strong>Zubereitung<\/strong>: Kartoffeln in Salzwasser gar kochen. In der Zwischenzeit Speck w\u00fcrfeln und ausbraten. Petersilie hacken und nur ein paar Sekunden in der Pfanne angehen lassen. Kartoffeln noch hei\u00df pellen und durch eine Kartoffelpresse dr\u00fccken. Eigelbe mit Salz, Pfeffer und Muskat in die Kartoffelmasse r\u00fchren. Mehl hinein sieben und ebenfalls unterr\u00fchren. Masse auf einer Haushaltsfolie rechteckig ausstreichen. Speckw\u00fcrfel und Petersilie in die Mitte geben. Folie mit der Masse fest aufrollen und an den Enden zusammen binden. Im K\u00fchlschrank abk\u00fchlen lassen. Vor dem Servieren heraus nehmen und in Scheiben schneiden. In zerlassener Butter bei mittlerer Hitze auf beiden Seiten anbr\u00e4unen. Passt als Beilage zu Hauptgerichten oder zu Feldsalat.<\/p>\n<hr \/>\n<h3><strong>Kartoffelschaumsuppe<\/strong><\/h3>\n<p><strong>Beschreibung<\/strong>: Dauer ca. 30 min, leicht<\/p>\n<p><strong>Zutaten<\/strong>: 500 g Kartoffeln (mehlig), ca. 250 ml Schlagsahne, 100 g Butter, Muskatnuss, Salz, Pfeffer<\/p>\n<p><strong>Zubereitung:<\/strong> Kartoffeln sch\u00e4len, in ca. 2 cm gro\u00dfe W\u00fcrfel schneiden und in kochendem Wasser weich kochen. Abgie\u00dfen und noch hei\u00df Butter, Muskatnuss und Salz zugeben. Mit dem Mixer p\u00fcrieren. Erst kurz vor dem Servieren Schlagsahne unterheben. Einlage: z.B. ger\u00e4ucherte Lachsst\u00fcckchen, Forellenkaviar, Krabben, ger\u00f6stete Schinkelw\u00fcrfel, ger\u00f6stete N\u00fcsse. Gute Variante: 1 Schuss Orangensaft vor dem Servieren zugeben und mit wenigen Orangenzesten und gehackten Basilikumbl\u00e4ttern anrichten.<\/p>\n<hr \/>\n<p><a href=\"http:\/\/ogv-wurmberg.de\/cms\/gemueserezepte\/\">zur\u00fcck!<\/a><\/p>\n<hr \/>\n<p>&nbsp;<\/p>\n","protected":false},"excerpt":{"rendered":"<p>Kartoffeln sind aus unserer Ern\u00e4hrung nicht wegzudenken. Es gibt unz\u00e4hlige Verwendungsm\u00f6glichkeiten. Speziell in Norddeutschland war fr\u00fcher ein Gericht ohne Kartoffeln nicht vorstellbar. Je nach Verwendung unterscheiden wir festkochende, vorwiegend festkochende und mehlig kochende Sorten. Festkochende und vorwiegend festkochende Kartoffeln werden f\u00fcr Salat, Brat- und Salzkartoffeln verwendet, mehlig kochende f\u00fcr Stampf, P\u00fcree und Suppen. Unsere Fr\u00fchkartoffeln [&hellip;]<\/p>\n","protected":false},"author":2,"featured_media":0,"parent":0,"menu_order":0,"comment_status":"closed","ping_status":"closed","template":"","meta":{"footnotes":""},"class_list":["post-1363","page","type-page","status-publish","hentry"],"_links":{"self":[{"href":"https:\/\/ogv-wurmberg.de\/cms\/wp-json\/wp\/v2\/pages\/1363","targetHints":{"allow":["GET"]}}],"collection":[{"href":"https:\/\/ogv-wurmberg.de\/cms\/wp-json\/wp\/v2\/pages"}],"about":[{"href":"https:\/\/ogv-wurmberg.de\/cms\/wp-json\/wp\/v2\/types\/page"}],"author":[{"embeddable":true,"href":"https:\/\/ogv-wurmberg.de\/cms\/wp-json\/wp\/v2\/users\/2"}],"replies":[{"embeddable":true,"href":"https:\/\/ogv-wurmberg.de\/cms\/wp-json\/wp\/v2\/comments?post=1363"}],"version-history":[{"count":19,"href":"https:\/\/ogv-wurmberg.de\/cms\/wp-json\/wp\/v2\/pages\/1363\/revisions"}],"predecessor-version":[{"id":7519,"href":"https:\/\/ogv-wurmberg.de\/cms\/wp-json\/wp\/v2\/pages\/1363\/revisions\/7519"}],"wp:attachment":[{"href":"https:\/\/ogv-wurmberg.de\/cms\/wp-json\/wp\/v2\/media?parent=1363"}],"curies":[{"name":"wp","href":"https:\/\/api.w.org\/{rel}","templated":true}]}}