{"id":1547,"date":"2015-12-10T14:17:14","date_gmt":"2015-12-10T13:17:14","guid":{"rendered":"http:\/\/ogv-wurmberg.de\/cms\/?page_id=1547"},"modified":"2016-02-04T10:09:10","modified_gmt":"2016-02-04T09:09:10","slug":"chronik-2015","status":"publish","type":"page","link":"https:\/\/ogv-wurmberg.de\/cms\/chronik-2015\/","title":{"rendered":"Aktivit\u00e4ten 2015"},"content":{"rendered":"<h3><span style=\"font-family: Arial, sans-serif;\"><span style=\"font-size: medium;\"><strong>Am 10. 01.2015 fand unsere diesj\u00e4hrige Nistkastenputzete statt.<\/strong> <\/span><\/span><\/h3>\n<p><a href=\"http:\/\/ogv-wurmberg.de\/cms\/wp-content\/uploads\/2015\/12\/DSC05826.jpg\"><img loading=\"lazy\" decoding=\"async\" class=\"wp-image-1587 alignleft\" src=\"http:\/\/ogv-wurmberg.de\/cms\/wp-content\/uploads\/2015\/12\/DSC05826-300x169.jpg\" alt=\"DSC05826\" width=\"325\" height=\"183\" srcset=\"https:\/\/ogv-wurmberg.de\/cms\/wp-content\/uploads\/2015\/12\/DSC05826-300x169.jpg 300w, https:\/\/ogv-wurmberg.de\/cms\/wp-content\/uploads\/2015\/12\/DSC05826-1024x577.jpg 1024w\" sizes=\"auto, (max-width: 325px) 100vw, 325px\" \/><\/a><\/p>\n<p style=\"text-align: left;\"><span style=\"font-family: Arial, sans-serif;\"><span style=\"font-size: medium;\">Wir haben \u00fcber 20 Nistk\u00e4sten auf der Wurmberger Markung aufgeh\u00e4ngt, die wir j\u00e4hrlich regelm\u00e4\u00dfig putzen, reparieren oder erneuern, damit sich unsere gefiederten Freunde\u00a0im n\u00e4chsten Jahr wieder wohlf\u00fchlen. <\/span><\/span><span style=\"font-family: Arial, sans-serif;\"><span style=\"font-size: medium;\">Aber auch \u00fcber andere \u201eUntermieter\u201c wie Haselm\u00e4use oder Hornissen\u00a0 freuen\u00a0wir uns.<a href=\"http:\/\/ogv-wurmberg.de\/cms\/wp-content\/uploads\/2015\/12\/DSC05834.jpg\"><img loading=\"lazy\" decoding=\"async\" class=\"wp-image-1588 aligncenter\" src=\"http:\/\/ogv-wurmberg.de\/cms\/wp-content\/uploads\/2015\/12\/DSC05834-300x169.jpg\" alt=\"DSC05834\" width=\"279\" height=\"157\" srcset=\"https:\/\/ogv-wurmberg.de\/cms\/wp-content\/uploads\/2015\/12\/DSC05834-300x169.jpg 300w, https:\/\/ogv-wurmberg.de\/cms\/wp-content\/uploads\/2015\/12\/DSC05834-1024x577.jpg 1024w\" sizes=\"auto, (max-width: 279px) 100vw, 279px\" \/><\/a><\/span><\/span><\/p>\n<p style=\"text-align: left;\"><span style=\"font-family: Arial, sans-serif;\"><span style=\"font-size: medium;\">\u00a0\u00a0\u00a0\u00a0 \u00a0<a href=\"http:\/\/ogv-wurmberg.de\/cms\/wp-content\/uploads\/2015\/12\/DSC05836.jpg\"><img loading=\"lazy\" decoding=\"async\" class=\"wp-image-1589 alignright\" src=\"http:\/\/ogv-wurmberg.de\/cms\/wp-content\/uploads\/2015\/12\/DSC05836-300x169.jpg\" alt=\"DSC05836\" width=\"295\" height=\"166\" srcset=\"https:\/\/ogv-wurmberg.de\/cms\/wp-content\/uploads\/2015\/12\/DSC05836-300x169.jpg 300w, https:\/\/ogv-wurmberg.de\/cms\/wp-content\/uploads\/2015\/12\/DSC05836-1024x577.jpg 1024w\" sizes=\"auto, (max-width: 295px) 100vw, 295px\" \/><\/a><\/span><\/span><\/p>\n<p><span style=\"font-family: Arial, sans-serif;\"><span style=\"font-size: medium;\">Bei der Putzaktion wird genau dar\u00fcber Buch gef\u00fchrt, welche K\u00e4sten von V\u00f6geln oder anderen Tieren &#8222;besiedelt&#8220; wurden, welche fehlen oder ersetzt werden m\u00fcssen. <\/span><\/span><\/p>\n<p><span style=\"font-family: Arial, sans-serif;\"><span style=\"font-size: medium;\">So waren bei der letzten Aktion 19 von V\u00f6geln, zwei von Nagern und zwei nicht bewohnt. Mindestens 6 K\u00e4sten m\u00fcssen erneuert werden.<\/span><\/span><\/p>\n<hr \/>\n<p>&nbsp;<\/p>\n<p>&nbsp;<\/p>\n<h3><strong>Kinderferienprogramm der Gemeinde Wurmberg im Rahmen der Gartenschau in M\u00fchlacker am\u00a0 02.09.2015 mit dem Motto:<\/strong><\/h3>\n<p align=\"CENTER\"><span style=\"font-family: Arial,sans-serif;\"><span style=\"font-size: large;\"><b>&#8222;Kinder beseitigen Wohnungsnot f\u00fcr H\u00f6hlenbr\u00fcter&#8220;<\/b><\/span><\/span><\/p>\n<p><span style=\"font-family: Arial,sans-serif;\">K\u00fcnstliche Nisthilfen sind da sinnvoll, wo Naturh\u00f6hlen fehlen, weil alte und morsche B\u00e4ume oder weil an Geb\u00e4uden geeignete Brutnischen nicht mehr vorhanden sind.<a href=\"http:\/\/ogv-wurmberg.de\/cms\/wp-content\/uploads\/2015\/12\/DSC06113_compressed.jpg\"><img loading=\"lazy\" decoding=\"async\" class=\"alignright wp-image-1555 size-medium\" src=\"http:\/\/ogv-wurmberg.de\/cms\/wp-content\/uploads\/2015\/12\/DSC06113_compressed-300x169.jpg\" alt=\"DSC06113_compressed\" width=\"300\" height=\"169\" srcset=\"https:\/\/ogv-wurmberg.de\/cms\/wp-content\/uploads\/2015\/12\/DSC06113_compressed-300x169.jpg 300w, https:\/\/ogv-wurmberg.de\/cms\/wp-content\/uploads\/2015\/12\/DSC06113_compressed-1024x577.jpg 1024w\" sizes=\"auto, (max-width: 300px) 100vw, 300px\" \/><\/a><\/span><\/p>\n<p><span style=\"font-family: Arial,sans-serif;\">Zahlreiche Vogelarten br\u00fcten deshalb in geschlossenen \u201eMeisenk\u00e4sten\u201c.<\/span><\/p>\n<p><span style=\"font-family: Arial,sans-serif;\">Typische gefiederte Nisth\u00f6hlenbewohner sind Meisen, Kleiber, Fliegenschn\u00e4pper und Sperlinge in \u201eVollh\u00f6hlen\u201c, aber auch<\/span><span style=\"font-family: Arial,sans-serif;\"> Hornissen oder Florfliegen.<\/span><span style=\"font-family: Arial,sans-serif;\"> Gelegentlich finden sich Flederm\u00e4use, Siebenschl\u00e4fer oder auch Haselmaus ein. Es ist einfach sch\u00f6n, wenn die \u201eWohnungen\u201c angenommen sind.<\/span><\/p>\n<p><span style=\"font-family: Arial,sans-serif;\">Nistk\u00e4sten erf\u00fcllen \u00fcbrigens auch im Winter wichtige Aufgaben. Ob Meisen, Kleiber, Eichh\u00f6rnchen und Schmetterlinge \u2013 selbst die wetterbest\u00e4ndigsten \u201eOutdoor-Profis\u201c &#8211; sch\u00e4tzten eine warme Schlafstube. Manchem Vogel k\u00f6nnte die Nisthilfe im Winter sogar das Leben retten. Die Gefahr der \u00dcbertragung von Parasiten durch alte Nester ist geringer als der Nutzen eines warmen Unterschlupfes f\u00fcr die Tiere. <\/span><\/p>\n<p><span style=\"font-family: Arial,sans-serif;\"><a href=\"http:\/\/ogv-wurmberg.de\/cms\/wp-content\/uploads\/2015\/12\/DSC06109_compressed.jpg\"><img loading=\"lazy\" decoding=\"async\" class=\"alignleft wp-image-1554 size-medium\" src=\"http:\/\/ogv-wurmberg.de\/cms\/wp-content\/uploads\/2015\/12\/DSC06109_compressed-300x169.jpg\" alt=\"DSC06109_compressed\" width=\"300\" height=\"169\" srcset=\"https:\/\/ogv-wurmberg.de\/cms\/wp-content\/uploads\/2015\/12\/DSC06109_compressed-300x169.jpg 300w, https:\/\/ogv-wurmberg.de\/cms\/wp-content\/uploads\/2015\/12\/DSC06109_compressed-1024x577.jpg 1024w\" sizes=\"auto, (max-width: 300px) 100vw, 300px\" \/><\/a>Und nat\u00fcrlich macht es auch Spa\u00df, die Tiere zu beobachten.<\/span><\/p>\n<p>Ein voll ausgebuchter Nistkasten ist allerdings nur dann zu erwarten, wenn der Garten naturnah gestaltet ist und die V\u00f6gel entsprechend Nahrung finden. (Auszugsweise aus <span style=\"color: #0000ff;\"><u><a href=\"http:\/\/www.nabu.de\/\"><span style=\"font-family: Arial,sans-serif;\">www.nabu.de<\/span><\/a><\/u><\/span><span style=\"font-family: Arial,sans-serif;\">)<\/span><\/p>\n<p><span style=\"font-family: Arial,sans-serif;\">Deshalb beschlossen die Verantwortlichen des Obst- und Gartenbauvereins und des Kleintierzuchtvereins, Abhilfe zu schaffen: W\u00e4hrend des diesj\u00e4hrigen Kinderferienprogrammes der Gemeinde Wurmberg, die sich auf der Gartenschau \u201eEnzg\u00e4rten\u201c in M\u00fchlacker pr\u00e4sentierte, konnten die Kinder Nistk\u00e4sten bauen. <\/span><\/p>\n<p><span style=\"font-family: Arial,sans-serif;\">F\u00fcr 31 gemeldete Wurmberger Kinder und 30 Besucherkinder wurden die Materialien und Werkzeuge vorbereitet.<\/span><\/p>\n<p>\u201e<span style=\"font-family: Arial,sans-serif;\">Das ist aber einmal eine tolle Idee!\u201c h\u00f6rten wir immer wieder von Eltern und Gro\u00dfeltern, die vorbeikamen oder ihren Kleinen tatkr\u00e4ftig zur Seite standen.<a href=\"http:\/\/ogv-wurmberg.de\/cms\/wp-content\/uploads\/2015\/12\/DSC06107_compressed.jpg\"><img loading=\"lazy\" decoding=\"async\" class=\"alignright size-medium wp-image-1553\" src=\"http:\/\/ogv-wurmberg.de\/cms\/wp-content\/uploads\/2015\/12\/DSC06107_compressed-300x169.jpg\" alt=\"DSC06107_compressed\" width=\"300\" height=\"169\" srcset=\"https:\/\/ogv-wurmberg.de\/cms\/wp-content\/uploads\/2015\/12\/DSC06107_compressed-300x169.jpg 300w, https:\/\/ogv-wurmberg.de\/cms\/wp-content\/uploads\/2015\/12\/DSC06107_compressed-1024x577.jpg 1024w\" sizes=\"auto, (max-width: 300px) 100vw, 300px\" \/><\/a><\/span><\/p>\n<p><span style=\"font-family: Arial,sans-serif;\">Unter der fachlichen Anleitung von Bernhard Ast, Reinhold Strohmer und der Helfer der beiden Vereine bauten die kleinen Zimmerleute die \u201eMeisenk\u00e4sten\u201c: Sie nagelten mit gro\u00dfem Eifer und Freude die vorgefertigten Brettchen zusammen. Nat\u00fcrlich machte es auch den Helfern trotz \u201eH\u00f6llenl\u00e4rm\u201c beim Nageln gro\u00dfen Spa\u00df, bei Schwierigkeiten den kleinen Baumeistern zur Seite zu stehen.<\/span><\/p>\n<p><span style=\"font-family: Arial,sans-serif;\">Auch Ratschl\u00e4ge \u00fcber das richtige Anbringen der Nistk\u00e4sten (mindestens 3 m hoch \u2013 R\u00e4uber sollten nicht drankommen und um Parasiten weitgehend zu vermeiden, sollte der Nistkasten j\u00e4hrlich im Sp\u00e4tjahr gereinigt werden) wurden gegeben.<\/span><\/p>\n<p><span style=\"font-family: Arial,sans-serif;\">Die Aktiven des Obst- und Gartenbauverein Wurmberg und des Kleintierzuchtverein Wurmberg bedanken sich bei den Kindern und Helfern f\u00fcrs Mitmachen sehr herzlich und auch bei der Gemeinde Wurmberg, die, wie jedes Jahr, diese Aktivit\u00e4t finanziell und organisatorisch unterst\u00fctzte.<\/span><\/p>\n<hr \/>\n<p>&nbsp;<\/p>\n<h3><strong>Obstbaumaktion am 31.10.2015 des Obst-und Gartenbauvereins Wurmberg 1929 e. V. <\/strong><\/h3>\n<p>Am Samstag, den 31. Oktober, hat der OGV-Wurmberg eine Obstbaumaktion durchgef\u00fchrt.<\/p>\n<p>Dabei konnten von allen B\u00fcrger\/innen der Gemeinde Wurmberg-Neub\u00e4rental Hoch- oder Halbstammb\u00e4ume mit allem f\u00fcr die Pflanzung notwendigem Zubeh\u00f6r bezogen werden.<\/p>\n<p>Auf Streuobstwiesen ist nur sinnvoll, Hochst\u00e4mme zu pflanzen (bessere Bewirtschaftung und Schutz der B\u00e4ume). Halbst\u00e4mme sind eine Alternative f\u00fcr den Hausgarten, in dem weniger Platz zur Verf\u00fcgung steht.<\/p>\n<p>Es ist geplant, solche Aktionen auch in Zukunft durchzuf\u00fchren. Wahrscheinlich wird dies in 2-j\u00e4hrigem Abstand der Fall sein.<\/p>\n<p>Eine Sortenliste, die diejenigen Obstsorten auff\u00fchrt, die in Wurmberg (und im \u00fcbrigen Enzkreis) besonders gut gedeihen ist <span style=\"color: #ff0000;\"><a href=\"http:\/\/ogv-wurmberg.de\/cms\/aktivitaeten\/\">hier<\/a><\/span> zu finden.<\/p>\n<div id='gallery-2' class='gallery galleryid-1547 gallery-columns-2 gallery-size-medium'><dl class='gallery-item'>\n\t\t\t<dt class='gallery-icon landscape'>\n\t\t\t\t<a href='https:\/\/ogv-wurmberg.de\/cms\/chronik-2015\/anlieferung\/#main'><img loading=\"lazy\" decoding=\"async\" width=\"300\" height=\"169\" src=\"https:\/\/ogv-wurmberg.de\/cms\/wp-content\/uploads\/2015\/12\/anlieferung-300x169.jpg\" class=\"attachment-medium size-medium\" alt=\"\" aria-describedby=\"gallery-2-1730\" srcset=\"https:\/\/ogv-wurmberg.de\/cms\/wp-content\/uploads\/2015\/12\/anlieferung-300x169.jpg 300w, https:\/\/ogv-wurmberg.de\/cms\/wp-content\/uploads\/2015\/12\/anlieferung.jpg 1024w\" sizes=\"auto, (max-width: 300px) 100vw, 300px\" \/><\/a>\n\t\t\t<\/dt>\n\t\t\t\t<dd class='wp-caption-text gallery-caption' id='gallery-2-1730'>\n\t\t\t\tAnlieferung der B\u00e4ume\n\t\t\t\t<\/dd><\/dl><dl class='gallery-item'>\n\t\t\t<dt class='gallery-icon landscape'>\n\t\t\t\t<a href='https:\/\/ogv-wurmberg.de\/cms\/chronik-2015\/zuschneiden\/#main'><img loading=\"lazy\" decoding=\"async\" width=\"300\" height=\"169\" src=\"https:\/\/ogv-wurmberg.de\/cms\/wp-content\/uploads\/2015\/12\/zuschneiden-300x169.jpg\" class=\"attachment-medium size-medium\" alt=\"\" aria-describedby=\"gallery-2-1729\" srcset=\"https:\/\/ogv-wurmberg.de\/cms\/wp-content\/uploads\/2015\/12\/zuschneiden-300x169.jpg 300w, https:\/\/ogv-wurmberg.de\/cms\/wp-content\/uploads\/2015\/12\/zuschneiden.jpg 1024w\" sizes=\"auto, (max-width: 300px) 100vw, 300px\" \/><\/a>\n\t\t\t<\/dt>\n\t\t\t\t<dd class='wp-caption-text gallery-caption' id='gallery-2-1729'>\n\t\t\t\tZuschneiden des Verbissschutzes\n\t\t\t\t<\/dd><\/dl><br style=\"clear: both\" \/><dl class='gallery-item'>\n\t\t\t<dt class='gallery-icon landscape'>\n\t\t\t\t<a href='https:\/\/ogv-wurmberg.de\/cms\/chronik-2015\/ausgabestelle_1\/#main'><img loading=\"lazy\" decoding=\"async\" width=\"300\" height=\"169\" src=\"https:\/\/ogv-wurmberg.de\/cms\/wp-content\/uploads\/2015\/12\/ausgabestelle_1-300x169.jpg\" class=\"attachment-medium size-medium\" alt=\"\" aria-describedby=\"gallery-2-1728\" srcset=\"https:\/\/ogv-wurmberg.de\/cms\/wp-content\/uploads\/2015\/12\/ausgabestelle_1-300x169.jpg 300w, https:\/\/ogv-wurmberg.de\/cms\/wp-content\/uploads\/2015\/12\/ausgabestelle_1.jpg 676w\" sizes=\"auto, (max-width: 300px) 100vw, 300px\" \/><\/a>\n\t\t\t<\/dt>\n\t\t\t\t<dd class='wp-caption-text gallery-caption' id='gallery-2-1728'>\n\t\t\t\tAusgabestelle Ausgabestelle an der Vereinsscheune\n\t\t\t\t<\/dd><\/dl><dl class='gallery-item'>\n\t\t\t<dt class='gallery-icon landscape'>\n\t\t\t\t<a href='https:\/\/ogv-wurmberg.de\/cms\/chronik-2015\/ausgabestelle_2\/#main'><img loading=\"lazy\" decoding=\"async\" width=\"300\" height=\"169\" src=\"https:\/\/ogv-wurmberg.de\/cms\/wp-content\/uploads\/2015\/12\/ausgabestelle_2-300x169.jpg\" class=\"attachment-medium size-medium\" alt=\"\" aria-describedby=\"gallery-2-1731\" srcset=\"https:\/\/ogv-wurmberg.de\/cms\/wp-content\/uploads\/2015\/12\/ausgabestelle_2-300x169.jpg 300w, https:\/\/ogv-wurmberg.de\/cms\/wp-content\/uploads\/2015\/12\/ausgabestelle_2.jpg 1024w\" sizes=\"auto, (max-width: 300px) 100vw, 300px\" \/><\/a>\n\t\t\t<\/dt>\n\t\t\t\t<dd class='wp-caption-text gallery-caption' id='gallery-2-1731'>\n\t\t\t\tAusgabestelle Ausgabestelle an der Vereinsscheune\n\t\t\t\t<\/dd><\/dl><br style=\"clear: both\" \/>\n\t\t<\/div>\n\n","protected":false},"excerpt":{"rendered":"<p>Am 10. 01.2015 fand unsere diesj\u00e4hrige Nistkastenputzete statt. Wir haben \u00fcber 20 Nistk\u00e4sten auf der Wurmberger Markung aufgeh\u00e4ngt, die wir j\u00e4hrlich regelm\u00e4\u00dfig putzen, reparieren oder erneuern, damit sich unsere gefiederten Freunde\u00a0im n\u00e4chsten Jahr wieder wohlf\u00fchlen. Aber auch \u00fcber andere \u201eUntermieter\u201c wie Haselm\u00e4use oder Hornissen\u00a0 freuen\u00a0wir uns. \u00a0\u00a0\u00a0\u00a0 \u00a0 Bei der Putzaktion wird genau dar\u00fcber Buch [&hellip;]<\/p>\n","protected":false},"author":3,"featured_media":0,"parent":0,"menu_order":0,"comment_status":"closed","ping_status":"closed","template":"","meta":{"footnotes":""},"class_list":["post-1547","page","type-page","status-publish","hentry"],"_links":{"self":[{"href":"https:\/\/ogv-wurmberg.de\/cms\/wp-json\/wp\/v2\/pages\/1547","targetHints":{"allow":["GET"]}}],"collection":[{"href":"https:\/\/ogv-wurmberg.de\/cms\/wp-json\/wp\/v2\/pages"}],"about":[{"href":"https:\/\/ogv-wurmberg.de\/cms\/wp-json\/wp\/v2\/types\/page"}],"author":[{"embeddable":true,"href":"https:\/\/ogv-wurmberg.de\/cms\/wp-json\/wp\/v2\/users\/3"}],"replies":[{"embeddable":true,"href":"https:\/\/ogv-wurmberg.de\/cms\/wp-json\/wp\/v2\/comments?post=1547"}],"version-history":[{"count":38,"href":"https:\/\/ogv-wurmberg.de\/cms\/wp-json\/wp\/v2\/pages\/1547\/revisions"}],"predecessor-version":[{"id":1829,"href":"https:\/\/ogv-wurmberg.de\/cms\/wp-json\/wp\/v2\/pages\/1547\/revisions\/1829"}],"wp:attachment":[{"href":"https:\/\/ogv-wurmberg.de\/cms\/wp-json\/wp\/v2\/media?parent=1547"}],"curies":[{"name":"wp","href":"https:\/\/api.w.org\/{rel}","templated":true}]}}