{"id":17,"date":"2015-02-17T18:50:42","date_gmt":"2015-02-17T18:50:42","guid":{"rendered":"http:\/\/ogv-wurmberg.de\/cms\/?page_id=17"},"modified":"2018-02-08T10:13:03","modified_gmt":"2018-02-08T09:13:03","slug":"termine","status":"publish","type":"page","link":"https:\/\/ogv-wurmberg.de\/cms\/termine\/","title":{"rendered":"Termine 2018"},"content":{"rendered":"<hr \/>\n<ul>\n<li>\n<h3>\u00a0<span style=\"text-decoration: underline;\"><strong>Unsere <\/strong><\/span><u><b><span style=\"text-decoration: underline;\">J<\/span>ahreshauptversammlung<br \/>\n<\/b><\/u><\/h3>\n<\/li>\n<\/ul>\n<p>mit Ehrungen findet am<i><b> Freitag 02. Februar 2018 um 20.00 Uhr<\/b><\/i> im Gasthaus Adler in Wurmberg statt.<\/p>\n<hr \/>\n<ul>\n<li>\n<h3><u><b>Ein Winterschnittkurs f\u00fcr Obstb\u00e4ume<br \/>\n<\/b><\/u><\/h3>\n<\/li>\n<\/ul>\n<p>wird am <i><b>Samstag, den 24. Februar 2018<\/b><\/i> in Neub\u00e4rental unter der Leitung von Fachwart <b>Herrn Achim Mayer<\/b> durchgef\u00fchrt. Gezeigt wird der fachgerechte Erhaltungs- und Pflegeschnitt f\u00fcr Halb- und Hochst\u00e4mme verschiedener Altersstufen. <em><b>Treffpunkt<\/b><\/em> ist<b> <\/b>unsere <em><strong>Vereinsscheune<\/strong><\/em> im Welschen Feld um <em><b>10.00 Uhr<\/b><\/em><b> <\/b>. Der Kurs ist kostenlos, eine Anmeldung ist nicht erforderlich. Wer das Gelernte gleich anwenden will, sollte eine Baumschere und eine Hands\u00e4ge mitbringen.<\/p>\n<hr \/>\n<ul>\n<li>\n<h3><u><b>Ein Frauenschnittkurs f\u00fcr Zierstr\u00e4ucher und Rosen<\/b><\/u><\/h3>\n<\/li>\n<\/ul>\n<p>findet am <i><b>Samstag, den 24. M\u00e4rz 2018<\/b><\/i> unter der Leitung von Fachwart <b>Herrn Joachim Schmitt<\/b> statt. Der Kurs ist nicht nur f\u00fcr Frauen interessant. M\u00e4nner sind selbstverst\u00e4ndlich auch willkommen.<em><b>Treffpunkt <\/b><\/em>ist unsere <em><strong>Vereinsscheune<\/strong><\/em> im Welschen Feld um <i><b>13.30 Uhr<\/b><\/i>. Der Kurs ist kostenlos,\u00a0 eine Anmeldung ist nicht erforderlich. Wer eine Rosenschere mitbringt, kann selbst t\u00e4tig werden.<\/p>\n<hr \/>\n<ul>\n<li>\n<h3><span style=\"text-decoration: underline;\"><strong>Die<\/strong><\/span> <u><b>Jahreshauptversammlung des Kreisverbandes<\/b><\/u><\/h3>\n<\/li>\n<\/ul>\n<p>der Obst- und Gartenbauvereine Enzkreis\/Pforzheim ist am<i><b> Freitag, den 20. April 2018 um 19:00 Uhr<\/b><\/i> im Vereinsheim des Musikvereins Eutingen an der S\u00e4gewerkstra\u00dfe 4a in Eutingen.<\/p>\n<hr \/>\n<ul>\n<li>\n<h3><u><b>Die j\u00e4hrliche Bl\u00fctensternwanderung<\/b><\/u><\/h3>\n<\/li>\n<\/ul>\n<p>des Kreisverbandes wird der OGV Gro\u00dfglattbach am<i><b> Sonntag, den 22. April 2018<\/b><\/i> anl\u00e4sslich seines Vereinsjubil\u00e4ums durchf\u00fchren. Hierzu sind Mitglieder und Nichtmitglieder recht herzlich eingeladen. An die Anmeldung werden wir im Gemeindemitteilungsblatt noch rechtzeitig erinnern.<\/p>\n<hr \/>\n<ul>\n<li>\n<h3><u><b>Eine Kr\u00e4uterwanderung mit anschlie\u00dfender Verkostung<\/b><\/u><\/h3>\n<\/li>\n<\/ul>\n<p style=\"text-align: left;\">f\u00fchren wir am <em><strong>Samstag, den 26. Mai 2018 um 14.45 Uhr<\/strong><\/em> durch. <strong><em>Treffpunkt <\/em><\/strong>ist unsere Vereinsscheune im Welschen Feld. Die Wanderung dauert ca. 2 Stunden und findet in der Umgebung unserer Gemeinde statt. Unsere Kr\u00e4uterexpertin Frau Kleinert wird die verschiedensten Wildkr\u00e4uter, die dort wachsen, bestimmen und \u00fcber Essbarkeit, Heilwirkungen und Verwechselungsgefahren berichten. Anschlie\u00dfend werden wir Kr\u00e4uter in unterschiedlichen Zubereitungen an einem Buffet verkosten (Unkostenbeitrag 10 \u20ac). Eine fr\u00fchzeitige Anmeldung ist zu empfehlen, weil die Teilnehmerzahl begrenzt ist.<\/p>\n<hr \/>\n<ul>\n<li>\n<h3><strong><span style=\"text-decoration: underline;\">Unser<\/span> <u>Fr\u00fchsommerfest<\/u><\/strong><\/h3>\n<\/li>\n<\/ul>\n<p><u><b> <\/b><\/u>ist f\u00fcr <i><b>Sonntag, den 10. Juni 2018<\/b><\/i><em><strong> ab 11.00 Uhr<\/strong><\/em> in unserer <em><strong>Vereinsscheune<\/strong><\/em> im Welschen Feld geplant. F\u00fcr das leibliche Wohl wird wie immer bestens gesorgt sein.<\/p>\n<hr \/>\n<ul>\n<li>\n<h3><span style=\"text-decoration: underline;\"><b>Der OGV Ausflug<\/b><\/span><\/h3>\n<\/li>\n<\/ul>\n<p>findet am<i><b> Sonntag, den 16.September 2018 <\/b><\/i>statt.<\/p>\n<p><span style=\"color: #000000;\"><b>Reiseziel<\/b> ist die<b> <\/b><\/span><span style=\"color: #000000;\"> Pfalz und das Elsa\u00df, <b>Abfahrt : <\/b><\/span><span style=\"color: #000000;\">07:30 Uhr in Wurmberg, <b>R\u00fcckkehr: <\/b>Ca.<b> <\/b><\/span><span style=\"color: #000000;\">20:00 Uhr.<br \/>\n<\/span><\/p>\n<p><span style=\"color: #000000;\">\u00dcber die Autobahn geht es nach Karlsruhe, W\u00f6rth und durch den Bienwald nach Schweigen, nach kurzer Picknickpause dann weiter durchs n\u00f6rdliche Elsa\u00df nach Wallburg zu einer gef\u00fchrten Besichtigung im Schattengarten. Gegen 11.00 Uhr fahren wir durch die wundersch\u00f6nen Blumen- und Fachwerkorte mit kurzem Stopp in Seebach und dann wieder nach Schweigen. Um 12.00 Uhr gibt es dort eine Gartenvesper mit kleiner Weinprobe. Anschlie\u00dfend besichtigen wir den Grenzlandgarten. Gegen 14.30 Uhr werden wir in Bad Bergzabern eintreffen, dort eine Stadtf\u00fchrung mitmachen und dabei die Bergkirche besuchen. Der Ort gilt als ein Garten Eden in der S\u00fcd-Pfalz, wo sich Wald und Weinberge treffen und die schroffen Felsen des Wasgau mit der Deutschen Weinstra\u00dfe eine harmonische Einheit bilden. Er ist ein Kleinod mit historischem Stadtbild, herrlichen Patrizierh\u00e4usern und schmucken Giebeln und Erkern, einem pr\u00e4chtigen Schloss, idyllischen Parkanlagen und einer ureigenen Thermalquelle. Gegen 16.30 Uhr geht es weiter \u00fcber Viehstrich und die Grenzorte Steinfeld und Kapsweyer zum Abendessen im Schweigener Hof. Gegen 19.00 Uhr fahren wir zur\u00fcck nach Wurmberg.<\/span><\/p>\n<p><span style=\"color: #000000;\">Kosten (pro Person): F\u00fchrung und Eintritt Schattengarten Wallburg \u20ac 5,00, F\u00fchrung und Eintritt Grenzlandgarten 2-er Weinprobe mit Gartenvesper \u20ac 15.50, Kosten<\/span> der Busfahrt pro Person \u20ac 21,50.<\/p>\n<hr \/>\n<ul>\n<li>\n<h3><u><b>Der 15. Obsttag<\/b><\/u><\/h3>\n<\/li>\n<\/ul>\n<p>des Kreisverbands am <strong><em>Sonntag, den<\/em> <\/strong><i><b>14. Oktober 2018<\/b><\/i> ist<i><b> <\/b><\/i>im Erwin-Steinle-Haus des Wildparks in Pforzheim. \u00dcber 80 alte Apfel- und Birnensorten, neue resistente Apfelsorten und verschiedene Wintergem\u00fcsearten werden dort ausgestellt.<\/p>\n<hr \/>\n<ul>\n<li>\n<h3><u><b>Eine Obstbaumaktion f\u00fcr Wurmberg\/Neub\u00e4rental<\/b><\/u><\/h3>\n<\/li>\n<\/ul>\n<p>wird in der OGV Scheune am <i><b>Samstag, den 03. November 2018 ab 9.00 Uhr <\/b><\/i>durchgef\u00fchrt. Dabei k\u00f6nnen von allen B\u00fcrger\/innen unserer Gemeinde Hoch- oder Halbstammb\u00e4ume mit allem f\u00fcr die Pflanzung notwendigem Zubeh\u00f6r bezogen werden. Eine Sortenliste, die diejenigen Obstsorten auff\u00fchrt, die in Wurmberg (und im \u00fcbrigen Enzkreis) besonders gut gedeihen, ist <a href=\"http:\/\/ogv-wurmberg.de\/cms\/aktivitaeten\/\">hier<\/a> zu finden.<\/p>\n<hr \/>\n<ul>\n<li>\n<h3><u><b>Fachvortrag<br \/>\n<\/b><\/u><\/h3>\n<\/li>\n<\/ul>\n<p>des Kreisverbandes am <em><strong>Freitag, den<\/strong> <\/em><i><b>09. November 2018<\/b><\/i> im Musikvereinsheim in Eutingen an der S\u00e4gewerkstra\u00dfe.<\/p>\n<p>Das Thema wird noch bekannt gegeben. Der Eintritt ist frei.<\/p>\n<h4><\/h4>\n<hr \/>\n<h3><strong>Wir laden alle Interessierten zu unseren Veranstaltungen herzlich ein!<\/strong><\/h3>\n<p>&nbsp;<\/p>\n","protected":false},"excerpt":{"rendered":"<p>\u00a0Unsere Jahreshauptversammlung mit Ehrungen findet am Freitag 02. Februar 2018 um 20.00 Uhr im Gasthaus Adler in Wurmberg statt. Ein Winterschnittkurs f\u00fcr Obstb\u00e4ume wird am Samstag, den 24. Februar 2018 in Neub\u00e4rental unter der Leitung von Fachwart Herrn Achim Mayer durchgef\u00fchrt. Gezeigt wird der fachgerechte Erhaltungs- und Pflegeschnitt f\u00fcr Halb- und Hochst\u00e4mme verschiedener Altersstufen. Treffpunkt [&hellip;]<\/p>\n","protected":false},"author":1,"featured_media":0,"parent":0,"menu_order":0,"comment_status":"closed","ping_status":"closed","template":"","meta":{"footnotes":""},"class_list":["post-17","page","type-page","status-publish","hentry"],"_links":{"self":[{"href":"https:\/\/ogv-wurmberg.de\/cms\/wp-json\/wp\/v2\/pages\/17","targetHints":{"allow":["GET"]}}],"collection":[{"href":"https:\/\/ogv-wurmberg.de\/cms\/wp-json\/wp\/v2\/pages"}],"about":[{"href":"https:\/\/ogv-wurmberg.de\/cms\/wp-json\/wp\/v2\/types\/page"}],"author":[{"embeddable":true,"href":"https:\/\/ogv-wurmberg.de\/cms\/wp-json\/wp\/v2\/users\/1"}],"replies":[{"embeddable":true,"href":"https:\/\/ogv-wurmberg.de\/cms\/wp-json\/wp\/v2\/comments?post=17"}],"version-history":[{"count":148,"href":"https:\/\/ogv-wurmberg.de\/cms\/wp-json\/wp\/v2\/pages\/17\/revisions"}],"predecessor-version":[{"id":5034,"href":"https:\/\/ogv-wurmberg.de\/cms\/wp-json\/wp\/v2\/pages\/17\/revisions\/5034"}],"wp:attachment":[{"href":"https:\/\/ogv-wurmberg.de\/cms\/wp-json\/wp\/v2\/media?parent=17"}],"curies":[{"name":"wp","href":"https:\/\/api.w.org\/{rel}","templated":true}]}}