{"id":2078,"date":"2016-03-11T17:59:35","date_gmt":"2016-03-11T16:59:35","guid":{"rendered":"http:\/\/ogv-wurmberg.de\/cms\/?page_id=2078"},"modified":"2019-04-24T22:10:57","modified_gmt":"2019-04-24T20:10:57","slug":"spargelrezepte","status":"publish","type":"page","link":"https:\/\/ogv-wurmberg.de\/cms\/spargelrezepte\/","title":{"rendered":"&#8211; Spargelrezepte"},"content":{"rendered":"<p>Spargelgerichte erfreuen sich im Fr\u00fchjahr gro\u00dfer Beliebtheit, was wohl auch teilweise damit zusammen h\u00e4ngt, das frischer Spargel nur zeitlich begrenzt zur Verf\u00fcgung steht. Jedes Jahr tauchen dann auch p\u00fcnktlich zur Saison neue Rezepte\u00a0 in den Medien auf, die uns zeigen, wie vielf\u00e4ltig Spargel zubereitet werden kann. Rezepte mit gr\u00fcnem Spargel erfreuen sich dabei zunehmender Beliebtheit. Selbst die Spargelschalen kann man\u00a0 z.B. mit anderen Gem\u00fcseresten f\u00fcr die Zubereitung einer Gem\u00fcsebr\u00fche verwenden.<\/p>\n<hr \/>\n<h3><strong>Gr\u00fcner Spargel mit Spargelcreme<\/strong><\/h3>\n<p><strong>Beschreibung<\/strong>: Dauer ca. 30 min<\/p>\n<p><strong>Zutaten<\/strong>: 700 g gr\u00fcner Spargel, 200 ml Gefl\u00fcgelfond,1 El Butter, Salz, Zucker und Pfeffer<\/p>\n<p><strong>Zubereitung<\/strong>: Spargel abwaschen und das untere Drittel sch\u00e4len. Alle Stangen quer in zwei H\u00e4lften teilen. Obere Teile im Gefl\u00fcgelfond ca. 8 min kochen, herausnehmen, salzen und warm stellen. Untere Teile in kleine St\u00fccke schneiden und in einem kleinen tiefen Topf in der Butter and\u00fcnsten. Den Gefl\u00fcgelfond zugeben und die Spargelst\u00fccke 15 min kochen. Mit dem Mixer schaumig p\u00fcrieren. Mit Salz, Zucker und Pfeffer abschmecken. Spargelcreme mit den oberen Spargelteilen auf vorgew\u00e4rmten Tellern anrichten. Dazu passen Fisch, Gefl\u00fcgel oder Kalbfleisch.<\/p>\n<hr \/>\n<h3><strong>Spargelgratin<\/strong><\/h3>\n<p><strong>Beschreibung<\/strong>: Dauer ca. 1 \u00bc h<\/p>\n<p><strong><a href=\"http:\/\/ogv-wurmberg.de\/cms\/wp-content\/uploads\/2016\/06\/rezspargelaufl.jpg\"><img loading=\"lazy\" decoding=\"async\" class=\"alignright wp-image-2657 size-medium\" src=\"http:\/\/ogv-wurmberg.de\/cms\/wp-content\/uploads\/2016\/06\/rezspargelaufl-300x218.jpg\" alt=\"rezspargelaufl\" width=\"300\" height=\"218\" srcset=\"https:\/\/ogv-wurmberg.de\/cms\/wp-content\/uploads\/2016\/06\/rezspargelaufl-300x218.jpg 300w, https:\/\/ogv-wurmberg.de\/cms\/wp-content\/uploads\/2016\/06\/rezspargelaufl-768x557.jpg 768w, https:\/\/ogv-wurmberg.de\/cms\/wp-content\/uploads\/2016\/06\/rezspargelaufl-1024x742.jpg 1024w, https:\/\/ogv-wurmberg.de\/cms\/wp-content\/uploads\/2016\/06\/rezspargelaufl.jpg 1491w\" sizes=\"auto, (max-width: 300px) 100vw, 300px\" \/><\/a>Zutaten:<\/strong> 300 g gr\u00fcner Spargel, 300 g Kartoffeln (fest oder vorwiegend fest kochend), 1 Knoblauchzehe, 250 ml Milch, 250 ml Creme fraiche, 2 EL Mehl, 2 St\u00e4ngel Rosmarin, Salz, Pfeffer, Muskat, Grana, \u00d6l, Butter, 6 Cocktailtomaten<\/p>\n<p><strong>Zubereitung<\/strong>: Spargel waschen und das untere Drittel sch\u00e4len. Gesch\u00e4lte Kartoffeln mit dem Hobel in sehr d\u00fcnne Scheiben schneiden. Rosmarinbl\u00e4tter von den Stielen streifen und hacken. Gehackten Knoblauch in etwas \u00d6l anschwitzen. Mehl, Milch, Creme fraiche, Rosmarin, Salz, Pfeffer, Muskat dazu geben und schonend erhitzen, bis die Masse k\u00f6chelt. L\u00e4ngliche Auflaufform mit Butter ausstreichen, Kartoffelscheiben zur H\u00e4lfte dachziegelartig darauf verteilen. Eine Viertel der Sahnemasse dar\u00fcber gie\u00dfen. Wieder Kartoffelscheiben darauf verteilen und ein weiteres Viertel der Masse dar\u00fcber gie\u00dfen. Butterflocken darauf verteilen und bei 200 Grad Ober-\/Unterhitze ca. 30 min im Ofen gratinieren. Aus dem Ofen nehmen und den Spargel auf die Kartoffeln legen. Den Rest der Gratinmasse dar\u00fcber gie\u00dfen. Mit geriebenem Grana abschlie\u00dfen. Die Tomaten in H\u00e4lften schneiden und darauf verteilen. F\u00fcr weitere 30 min im Ofen garen.<\/p>\n<hr \/>\n<h3><\/h3>\n<h3><strong>Gr\u00fcne Spargelschaumsuppe<\/strong><\/h3>\n<p><strong>Beschreibung:<\/strong> Dauer ca. 40 min<\/p>\n<p><strong>Zutaten<\/strong>: 500 g gr\u00fcner Spargel, 400 ml Wasser, 200 ml Gefl\u00fcgelfond, 20 g Butter, 1 EL Mehl, 30 ml Sahne, 2 Eigelb, Salz und Pfeffer<\/p>\n<p><strong>Zubereitung<\/strong>: Spargel waschen und das untere Drittel sch\u00e4len. Die K\u00f6pfe (ca. 4 cm) abschneiden und beiseite legen. Die \u00fcbrigen Spargelteile in kleine St\u00fccke schneiden und in der hei\u00dfen Butter and\u00fcnsten. Mehl dar\u00fcber st\u00e4uben. Mit Wasser und Fond abl\u00f6schen und ca. 30 min k\u00f6cheln lassen, danach im Mixer p\u00fcrieren. Den Sud durch ein Sieb passieren. Spargelk\u00f6pfe 6 min darin k\u00f6cheln lassen, danach heraus nehmen. Mit Salz und Pfeffer abschmecken. Eigelb und Sahne gut aufmixen und unter die Suppe heben (darf nicht mehr kochen). Mit den K\u00f6pfen als Einlage\u00a0 servieren.<\/p>\n<hr \/>\n<h3><strong>Terrine von gr\u00fcnem Spargel und Tomaten<\/strong><\/h3>\n<p><strong><a href=\"http:\/\/ogv-wurmberg.de\/cms\/wp-content\/uploads\/2016\/03\/rezspargelterr.jpg\"><img loading=\"lazy\" decoding=\"async\" class=\"alignright wp-image-2735 size-medium\" src=\"http:\/\/ogv-wurmberg.de\/cms\/wp-content\/uploads\/2016\/03\/rezspargelterr-300x246.jpg\" alt=\"rezspargelterr\" width=\"300\" height=\"246\" srcset=\"https:\/\/ogv-wurmberg.de\/cms\/wp-content\/uploads\/2016\/03\/rezspargelterr-300x246.jpg 300w, https:\/\/ogv-wurmberg.de\/cms\/wp-content\/uploads\/2016\/03\/rezspargelterr.jpg 688w\" sizes=\"auto, (max-width: 300px) 100vw, 300px\" \/><\/a>Beschreibung<\/strong>: Dauer ca. 40 min + mind. 4 h K\u00fchlung, mittelschwer, Rezept reicht f\u00fcr eine Terrinenform mit 0,6 l Inhalt; wenn man eine gr\u00f6\u00dfere Form verwendet, m\u00fcssen die Zutaten entsprechend multipliziert werden<\/p>\n<p><strong>Zutaten<\/strong>: 250 mg Spargel, 2 Tomaten, 250 ml Sahne, 250 ml Spargelsud, 4 Blatt Gelatine, 1 EL gehacktes Basilikum, Salz, Pfeffer<\/p>\n<p><strong>Zubereitung<\/strong>: Spargel waschen und das untere Drittel sch\u00e4len. Gelatine in kaltem Wasser einweichen. Spargel in kochendem Wasser (so da\u00df der Spargel gerade bedeckt ist) 10 min garen, heraus nehmen, abk\u00fchlen lassen und in kleine W\u00fcrfel schneiden, dann salzen. Tomaten kurz blanchieren, h\u00e4uten und ebenfalls in kleine W\u00fcrfel schneiden. Danach salzen, pfeffern und leicht zuckern. Basilikumbl\u00e4tter klein hacken und unter die Tomaten mischen. Den Spargelsud auf 50 ml reduzieren, dann salzen, pfeffern und Muskat hinein reiben. Die eingeweichte Gelatine durch R\u00fchren darin l\u00f6sen. Sud in kaltem Wasser abk\u00fchlen lassen. bis er zu gelieren beginnt. Sahne schlagen, unter den Sud ziehen und Spargel- und Tomatenw\u00fcrfel dazu geben. Form mit Haushaltsfolie auskleiden und die Masse einf\u00fcllen. Mind. 4 h k\u00fchlen. Wenn es schnell gehen muss, erst 30 min tiefk\u00fchlen und dann in den K\u00fchlschrank stellen. Vor dem Servieren st\u00fcrzen und in Scheiben schneiden.<\/p>\n<hr \/>\n<p><a href=\"http:\/\/ogv-wurmberg.de\/cms\/gemueserezepte\/\">zur\u00fcck!<\/a><\/p>\n<hr \/>\n<p>&nbsp;<\/p>\n","protected":false},"excerpt":{"rendered":"<p>Spargelgerichte erfreuen sich im Fr\u00fchjahr gro\u00dfer Beliebtheit, was wohl auch teilweise damit zusammen h\u00e4ngt, das frischer Spargel nur zeitlich begrenzt zur Verf\u00fcgung steht. Jedes Jahr tauchen dann auch p\u00fcnktlich zur Saison neue Rezepte\u00a0 in den Medien auf, die uns zeigen, wie vielf\u00e4ltig Spargel zubereitet werden kann. Rezepte mit gr\u00fcnem Spargel erfreuen sich dabei zunehmender Beliebtheit. [&hellip;]<\/p>\n","protected":false},"author":2,"featured_media":0,"parent":0,"menu_order":0,"comment_status":"closed","ping_status":"closed","template":"","meta":{"footnotes":""},"class_list":["post-2078","page","type-page","status-publish","hentry"],"_links":{"self":[{"href":"https:\/\/ogv-wurmberg.de\/cms\/wp-json\/wp\/v2\/pages\/2078","targetHints":{"allow":["GET"]}}],"collection":[{"href":"https:\/\/ogv-wurmberg.de\/cms\/wp-json\/wp\/v2\/pages"}],"about":[{"href":"https:\/\/ogv-wurmberg.de\/cms\/wp-json\/wp\/v2\/types\/page"}],"author":[{"embeddable":true,"href":"https:\/\/ogv-wurmberg.de\/cms\/wp-json\/wp\/v2\/users\/2"}],"replies":[{"embeddable":true,"href":"https:\/\/ogv-wurmberg.de\/cms\/wp-json\/wp\/v2\/comments?post=2078"}],"version-history":[{"count":25,"href":"https:\/\/ogv-wurmberg.de\/cms\/wp-json\/wp\/v2\/pages\/2078\/revisions"}],"predecessor-version":[{"id":7585,"href":"https:\/\/ogv-wurmberg.de\/cms\/wp-json\/wp\/v2\/pages\/2078\/revisions\/7585"}],"wp:attachment":[{"href":"https:\/\/ogv-wurmberg.de\/cms\/wp-json\/wp\/v2\/media?parent=2078"}],"curies":[{"name":"wp","href":"https:\/\/api.w.org\/{rel}","templated":true}]}}