{"id":2114,"date":"2016-03-16T12:08:04","date_gmt":"2016-03-16T11:08:04","guid":{"rendered":"http:\/\/ogv-wurmberg.de\/cms\/?page_id=2114"},"modified":"2019-03-24T20:40:31","modified_gmt":"2019-03-24T19:40:31","slug":"erdbeer-rezepte","status":"publish","type":"page","link":"https:\/\/ogv-wurmberg.de\/cms\/erdbeer-rezepte\/","title":{"rendered":"&#8211; Erdbeer-Rezepte"},"content":{"rendered":"<hr \/>\n<p>Erdbeeren gelten als K\u00f6niginnen der Beerenfr\u00fcchte. Sie werden haupts\u00e4chlich in Desserts verarbeitet, k\u00f6nnen aber auch in Salaten verwendet werden. Tradition hat in Deutschland besonders die Erbeerbowle. Gewaschen werden d\u00fcrfen sie erst kurz vor ihrer Verwendung. Erst danach wird der Stiel entfernt. Wenn Beerenfr\u00fcchte zu Konfit\u00fcre verarbeitet werden, ist es von Vorteil, sie vor dem Kochen eine Nacht lang in Zucker zu mazerieren. Dies macht den Geschmack intensiver.<\/p>\n<hr \/>\n<h3><strong>Marinierte Erdbeeren<\/strong><\/h3>\n<p><strong>Beschreibung:<\/strong> Dauer ca. 10 min, einfach<\/p>\n<p><strong>Zutaten:<\/strong> 300 g Erdbeeren, 3 Orangen, 90 g Puderzucker, 6 EL Orangenlik\u00f6r<\/p>\n<p><strong>Zubereitung:<\/strong> Die H\u00e4lfte der Erdbeeren, den ausgepressten Orangensaft, Zucker und Lik\u00f6r mit dem Mixer p\u00fcrieren, dann passieren. Den Rest der Erdbeeren klein w\u00fcrfeln und in die Fruchtso\u00dfe legen. Dazu passen z.B. Minze, Mandelbl\u00e4ttchen, Pistazien.<\/p>\n<hr \/>\n<h3><strong>Erdbeerkonfit\u00fcre<\/strong><\/h3>\n<p><strong>Beschreibung:<\/strong> Dauer 20 min + ca. 8 h Marinierzeit, einfach<\/p>\n<p><strong>Zutaten:<\/strong> 1 kg Erdbeeren, 4 EL Zitronensaft, 500 g Gelierzucker (2:1), 1 Vanilleschote<\/p>\n<p><strong>Zubereitung:<\/strong> Nach dem Putzen Fr\u00fcchte je nach Gr\u00f6\u00dfe halbieren oder vierteln und in einen gro\u00dfen Topf sch\u00fctten. Vanilleschote der L\u00e4nge nach aufschneiden und das Mark herauskratzen. Zucker, Zitronensaft, Vanillemark und -Schote kalt einr\u00fchren und \u00fcber Nacht k\u00fchl marinieren lassen. Am n\u00e4chsten Tag Twist-off-Gl\u00e4ser hei\u00df abwaschen und auf einem sauberen Geschirrtuch kopf\u00fcber antrocknen lassen. Die gezuckerten Erdbeeren bei starker Hitze offen aufkochen und unter R\u00fchren exakt 3 Min. sprudelnd weiter kochen lassen. Das Mus randvoll in die sauberen Gl\u00e4ser f\u00fcllen. Gl\u00e4ser verschlie\u00dfen und 10\u00a0 Min. auf den Deckel stellen. Umdrehen und abk\u00fchlen lassen. In verschlossenen Gl\u00e4sern h\u00e4lt sich die Konfit\u00fcre ca. 1 Jahr.<\/p>\n<hr \/>\n<h3><strong>Erdbeer-Mousse<\/strong><\/h3>\n<p><b>Beschreibung:<\/b> Dauer ca. 30 min + K\u00fchlzeit<\/p>\n<p><b>Zutaten:<\/b> 500 g Erdbeeren, 2 EL Orangensaft, 2 EL Erdbeerlik\u00f6r (oder Orangenlik\u00f6r), 80 g Zucker, 200 g Joghurt, 100 g Creme fraiche, 6 Blatt Gelatine, 260 g Sahne<\/p>\n<p><b>Zubereitung:<\/b> Erdbeeren waschen und entstielen. Einige zur Dekoration zur\u00fcck behalten. Den Rest mit Zucker, Joghurt und Creme fraiche schaumig aufmixen (ca. 5 min). Gelatine in kaltem Wasser einweichen, danach ausdr\u00fccken und im warmen Orangensaft und Lik\u00f6r aufl\u00f6sen. In die Erdbeermasse einmixen und in kaltem Wasser abk\u00fchlen. Sahne steif schlagen und, wenn die Erdbeermasse zu gelieren beginnt, mit dem Schneebessen unterziehen. In Gl\u00e4ser f\u00fcllen und bis zum Servieren im K\u00fchlschrank lagern. Dazu passt Vanilleeis, Karamelleis, Mangocreme oder -Sorbet, Beeren, Beerensirup usw. <em>Variante<\/em>: Man kann die Mousse auch als Parfait servieren und muss sie dann einfrieren.<\/p>\n<hr \/>\n<h3><strong>Erdbeer-Sorbet<\/strong><\/h3>\n<p><strong>Beschreibung:<\/strong> Dauer ca. 10 min +\u00a0 2 h Gefrierzeit, einfach<\/p>\n<p><strong>Zutaten:<\/strong> 500 g Erdbeeren, Saft von 1 Zitrone, 35 g Puderzucker<\/p>\n<p><strong>Zubereitung:<\/strong> Erdbeeren waschen, putzen und einfrieren. Ca. 15 min vor dem Servieren gefrorene Erdbeeren und alle \u00fcbrigen Zutaten mit dem Mixer p\u00fcrieren. <em>Variante:<\/em> Man kann das Sorbet auch im Glas servieren, z.B. zuerst ein paar Fr\u00fcchte oder Beeren einf\u00fcllen, dann das Sorbet, dar\u00fcber Granite\u00b4 von Holunderbl\u00fctenwein (Hugo) schichten. F\u00fcr das Granite\u00b4 einfach den Hugo ca. 1 cm in eine flache Schale einf\u00fcllen und einfrieren. Das Gefrorene ca. 3 x im Abstand von 30 min mit einer Gabel auflockern. Sp\u00e4ter damit das Sorbet \u00fcberschichten.<\/p>\n<hr \/>\n<p><a href=\"https:\/\/ogv-wurmberg.de\/cms\/erdbeeren\/\">zur\u00fcck!<\/a><\/p>\n","protected":false},"excerpt":{"rendered":"<p>Erdbeeren gelten als K\u00f6niginnen der Beerenfr\u00fcchte. Sie werden haupts\u00e4chlich in Desserts verarbeitet, k\u00f6nnen aber auch in Salaten verwendet werden. Tradition hat in Deutschland besonders die Erbeerbowle. Gewaschen werden d\u00fcrfen sie erst kurz vor ihrer Verwendung. Erst danach wird der Stiel entfernt. Wenn Beerenfr\u00fcchte zu Konfit\u00fcre verarbeitet werden, ist es von Vorteil, sie vor dem Kochen [&hellip;]<\/p>\n","protected":false},"author":2,"featured_media":0,"parent":0,"menu_order":0,"comment_status":"closed","ping_status":"closed","template":"","meta":{"footnotes":""},"class_list":["post-2114","page","type-page","status-publish","hentry"],"_links":{"self":[{"href":"https:\/\/ogv-wurmberg.de\/cms\/wp-json\/wp\/v2\/pages\/2114","targetHints":{"allow":["GET"]}}],"collection":[{"href":"https:\/\/ogv-wurmberg.de\/cms\/wp-json\/wp\/v2\/pages"}],"about":[{"href":"https:\/\/ogv-wurmberg.de\/cms\/wp-json\/wp\/v2\/types\/page"}],"author":[{"embeddable":true,"href":"https:\/\/ogv-wurmberg.de\/cms\/wp-json\/wp\/v2\/users\/2"}],"replies":[{"embeddable":true,"href":"https:\/\/ogv-wurmberg.de\/cms\/wp-json\/wp\/v2\/comments?post=2114"}],"version-history":[{"count":30,"href":"https:\/\/ogv-wurmberg.de\/cms\/wp-json\/wp\/v2\/pages\/2114\/revisions"}],"predecessor-version":[{"id":7507,"href":"https:\/\/ogv-wurmberg.de\/cms\/wp-json\/wp\/v2\/pages\/2114\/revisions\/7507"}],"wp:attachment":[{"href":"https:\/\/ogv-wurmberg.de\/cms\/wp-json\/wp\/v2\/media?parent=2114"}],"curies":[{"name":"wp","href":"https:\/\/api.w.org\/{rel}","templated":true}]}}