{"id":2129,"date":"2016-03-17T18:46:19","date_gmt":"2016-03-17T17:46:19","guid":{"rendered":"http:\/\/ogv-wurmberg.de\/cms\/?page_id=2129"},"modified":"2018-11-22T21:25:06","modified_gmt":"2018-11-22T20:25:06","slug":"rhabarber","status":"publish","type":"page","link":"https:\/\/ogv-wurmberg.de\/cms\/rhabarber\/","title":{"rendered":"&#8211; Rhabarber"},"content":{"rendered":"<p>Rhabarber geh\u00f6rt zu den Kn\u00f6terichgew\u00e4chsen und ist ein Stielgem\u00fcse, wird aber wie Obst verwendet. Er soll im 18. Jahrhundert von China \u00fcber Russland nach Europa gelangt sein. Weil er eine Staude ist, jahrelang am selben Ort bleibt, l\u00e4sst er sich nicht in ein Mischkulturbeet integrieren. Man kann ihn am Rande des Gem\u00fcsegartens pflanzen, aber auch in die N\u00e4he von Teichufern oder in eine Staudenrabatte. Der Ort sollte sonnig oder nur leicht schattig sein. Empfehlenswert ist, Jungpflanzen von Sorten mit rotem Stiel zu kaufen. Diese haben ein leichtes Himbeeraroma und sind weniger sauer.<\/p>\n<div id=\"attachment_3695\" style=\"width: 310px\" class=\"wp-caption alignright\"><a href=\"http:\/\/ogv-wurmberg.de\/cms\/wp-content\/uploads\/2016\/03\/rhabapril15.jpg\"><img loading=\"lazy\" decoding=\"async\" aria-describedby=\"caption-attachment-3695\" class=\"size-medium wp-image-3695\" src=\"http:\/\/ogv-wurmberg.de\/cms\/wp-content\/uploads\/2016\/03\/rhabapril15-300x193.jpg\" alt=\"Rhabarber im April\" width=\"300\" height=\"193\" srcset=\"https:\/\/ogv-wurmberg.de\/cms\/wp-content\/uploads\/2016\/03\/rhabapril15-300x193.jpg 300w, https:\/\/ogv-wurmberg.de\/cms\/wp-content\/uploads\/2016\/03\/rhabapril15-768x493.jpg 768w, https:\/\/ogv-wurmberg.de\/cms\/wp-content\/uploads\/2016\/03\/rhabapril15.jpg 948w\" sizes=\"auto, (max-width: 300px) 100vw, 300px\" \/><\/a><p id=\"caption-attachment-3695\" class=\"wp-caption-text\">Rhabarber im April<\/p><\/div>\n<p><strong>Anbau<\/strong>: Pflanzzeit ist im Herbst oder Fr\u00fchjahr. Man kauft am besten Jungpflanzen in der G\u00e4rtnerei oder bittet ein anderen Hobbyg\u00e4rtner, von einer seiner Pflanzen einen Teil der Wurzel abzustechen. Am ausgew\u00e4hlten Ort reichern wir die Erde mit Kompost an und pflanzen die junge Staude dort ein. Danach m\u00fcssen wir die Erde gr\u00fcndlich w\u00e4ssern. In den Folgejahren ist er f\u00fcr eine Kompostgabe vor dem Austrieb im Fr\u00fchjahr dankbar; dann bildet er viel Blattmasse. Zu beachten ist auch, dass Rhabarber sp\u00e4ter viel Platz ben\u00f6tigt (mind. 1 qm). Frisch gesetzter Rhabarber sollte erst ab dem 2., besser noch ab dem 3. Jahr geerntet werden, wenn die Pflanze kr\u00e4ftig genug geworden ist. Es gilt das Prinzip, dass nur maximal ein Drittel der Stiele f\u00fcr die K\u00fcche verwendet werden darf. An &#8222;Johanni&#8220;, also am 24. Juni, endet die Ernte. Dies gibt der Pflanze die M\u00f6glichkeit sich zu regenerieren, bis sie im Sp\u00e4tsommer einzieht. Au\u00dferdem steigt der Oxalgehalt nach dem 24. Juni immer mehr an. Personen mit Neigung zu oxalathaltigen Nierensteinen sollten Rhabarber meiden.<\/p>\n<p><strong>Ernte und Lagerung:<\/strong> Geerntet werden die Stangen, indem man sie kurz \u00fcber der Basis anfasst und sie mit einer kurzen Drehbewegung heraus zieht. Rhabarber kann maximal 1 &#8211; 2 Wochen im Gem\u00fcsefach des K\u00fchlschranks gelagert werden. Auch eingefroren h\u00e4lt er sich recht gut. Lange haltbar machen k\u00f6nnen wir ihn auch als fertige Marmelade oder eingefroren als Kompott.<\/p>\n<div id=\"attachment_2146\" style=\"width: 160px\" class=\"wp-caption alignleft\"><a href=\"http:\/\/ogv-wurmberg.de\/cms\/wp-content\/uploads\/2016\/03\/rhabarber-1.jpg\" rel=\"attachment wp-att-2146\"><img loading=\"lazy\" decoding=\"async\" aria-describedby=\"caption-attachment-2146\" class=\"size-thumbnail wp-image-2146\" src=\"http:\/\/ogv-wurmberg.de\/cms\/wp-content\/uploads\/2016\/03\/rhabarber-1-150x150.jpg\" alt=\"Vorgetriebener Rhabarber im M\u00e4rz\" width=\"150\" height=\"150\" \/><\/a><p id=\"caption-attachment-2146\" class=\"wp-caption-text\">Vorgetriebener Rhabarber im M\u00e4rz<\/p><\/div>\n<p><strong>Vortreiben:<\/strong> Besonders gut schmeckt vorgetriebener Rhabarber. Dazu mu\u00df man im Februar einen Teil der Wurzel abstechen und ausgraben. Diese wird dann in einen passenden gro\u00dfen Topf mit Erde gepflanzt, gegossen und im Heizungskeller gelagert. Ab Mitte M\u00e4rz kann die Ernte beginnen. Die vorgetriebenen Stangen sind sehr zart und enthalten nur wenig Oxals\u00e4ure. Nach der Ernte wird die Wurzel wieder eingegraben. Will man das Vortreiben im n\u00e4chsten Jahr wiederholen, muss man eine andere Staude nehmen, um die Pflanze nicht zu sehr zu schw\u00e4chen.<\/p>\n<p><strong>Empfehlenswerte Sorte:<\/strong> Holsteiner Blut, Elmsblitz<\/p>\n<p><strong>Rezepte<\/strong> mit Rhabarber sind<a href=\"http:\/\/ogv-wurmberg.de\/cms\/rhabarber-rezepte\/\"> hier<\/a> zu finden.<\/p>\n<hr \/>\n<p><a href=\"http:\/\/ogv-wurmberg.de\/cms\/gemuese-portraits\/\"> zur\u00fcck!<\/a><\/p>\n","protected":false},"excerpt":{"rendered":"<p>Rhabarber geh\u00f6rt zu den Kn\u00f6terichgew\u00e4chsen und ist ein Stielgem\u00fcse, wird aber wie Obst verwendet. Er soll im 18. Jahrhundert von China \u00fcber Russland nach Europa gelangt sein. Weil er eine Staude ist, jahrelang am selben Ort bleibt, l\u00e4sst er sich nicht in ein Mischkulturbeet integrieren. Man kann ihn am Rande des Gem\u00fcsegartens pflanzen, aber auch [&hellip;]<\/p>\n","protected":false},"author":2,"featured_media":0,"parent":0,"menu_order":0,"comment_status":"closed","ping_status":"closed","template":"","meta":{"footnotes":""},"class_list":["post-2129","page","type-page","status-publish","hentry"],"_links":{"self":[{"href":"https:\/\/ogv-wurmberg.de\/cms\/wp-json\/wp\/v2\/pages\/2129","targetHints":{"allow":["GET"]}}],"collection":[{"href":"https:\/\/ogv-wurmberg.de\/cms\/wp-json\/wp\/v2\/pages"}],"about":[{"href":"https:\/\/ogv-wurmberg.de\/cms\/wp-json\/wp\/v2\/types\/page"}],"author":[{"embeddable":true,"href":"https:\/\/ogv-wurmberg.de\/cms\/wp-json\/wp\/v2\/users\/2"}],"replies":[{"embeddable":true,"href":"https:\/\/ogv-wurmberg.de\/cms\/wp-json\/wp\/v2\/comments?post=2129"}],"version-history":[{"count":20,"href":"https:\/\/ogv-wurmberg.de\/cms\/wp-json\/wp\/v2\/pages\/2129\/revisions"}],"predecessor-version":[{"id":6554,"href":"https:\/\/ogv-wurmberg.de\/cms\/wp-json\/wp\/v2\/pages\/2129\/revisions\/6554"}],"wp:attachment":[{"href":"https:\/\/ogv-wurmberg.de\/cms\/wp-json\/wp\/v2\/media?parent=2129"}],"curies":[{"name":"wp","href":"https:\/\/api.w.org\/{rel}","templated":true}]}}