{"id":2139,"date":"2016-03-19T08:52:54","date_gmt":"2016-03-19T07:52:54","guid":{"rendered":"http:\/\/ogv-wurmberg.de\/cms\/?page_id=2139"},"modified":"2018-03-23T18:03:13","modified_gmt":"2018-03-23T17:03:13","slug":"rhabarber-rezepte","status":"publish","type":"page","link":"https:\/\/ogv-wurmberg.de\/cms\/rhabarber-rezepte\/","title":{"rendered":"&#8211; Rhabarber-Rezepte"},"content":{"rendered":"<p>Rhabarber geh\u00f6rt zum ersten Gem\u00fcse, das im Fr\u00fchjahr geerntet werden kann. Obwohl er ein Blattstielgem\u00fcse ist, wird er in der Regel wie Obst verarbeitet. Als Dessert geh\u00f6rt Rhabarber zu den H\u00f6hepunkten der Fr\u00fchlingsk\u00fcche.<\/p>\n<hr \/>\n<h3><strong>Rhabarberkompott<\/strong><\/h3>\n<p><strong>Beschreibung:<\/strong> Dauer ca. 15 min, einfach<\/p>\n<p><strong>Zutaten:<\/strong> 400 g Rhabarber, 80 ml Wei\u00dfwein, 2 Vanilleschoten, 1\/2 Zitrone, 1 Orange, 100 g Zucker, 2 Blatt rote Gelatine<\/p>\n<p><strong>Zubereitung:<\/strong> Gelatine in kaltem Wasser einweichen. Rhabarber abziehen und w\u00fcrfeln. Wein, Zucker, ausgekratzte Vanilleschoten mit Mark und Saft von Zitrone und Orange aufkochen. Rhabarberw\u00fcrfel zugeben und ca. 10 min gar ziehen lassen. Gelatine ausdr\u00fccken, unterr\u00fchren und erkalten lassen.<\/p>\n<hr \/>\n<h3><strong>Rhabarbermarmelade<\/strong><\/h3>\n<p><strong>Beschreibung: <\/strong>Dauer ca. 20 min, einfach<\/p>\n<p><strong>Zutaten: <\/strong>750 g Rhabarber, 150 g Erdbeeren, 450 g\u00a0 Gelierzucker 1+2, 2 P. Vanillezucker, 3 Zweige Thymian, 3 EL Mandellik\u00f6r<\/p>\n<p><strong>Zubereitung:<\/strong> Gelatine in kaltem Wasser einweichen. Rhabarber und Erdbeeren in St\u00fccke schneiden. Alle Zutaten in einen gro\u00dfen Topf geben und aufkochen. Solange unter R\u00fchren kochen, bis der Rhabarber zusammen f\u00e4llt. Sofort in Schraubgl\u00e4ser f\u00fcllen.<\/p>\n<hr \/>\n<h3><strong>Rhabarber-Yoghurt-Parfait<\/strong><\/h3>\n<p><strong>Beschreibung:<\/strong> Dauer ca. 25 min + Gefrierzeit, schwierig<\/p>\n<p><strong>Zutaten: <\/strong>250 g Rhabarber, \u00bd Bund Waldmeister, \u00bd Vanille-Schote, 100 g Zucker, 2 Blatt rote Gelatine, Honig, 220 g Sahne, 75 g Sahneyoghurt (z.B. griechischer)<\/p>\n<p><strong>Zubereitung:<\/strong> Waldmeister waschen, zum Str\u00e4u\u00dfchen binden und 3 h antrocknen lassen (oder kurz bei 70 Grad in den Ofen legen). Gelatine in kaltem Wasser einweichen. Rhabarber l\u00e4ngs vierteln und in kleine W\u00fcrfel schneiden. Rhabarberst\u00fccke und Waldmeister mit ausgekratzter Vanilleschote und Mark, Zucker und 35 ml Wasser 6 min geschlossen d\u00fcnsten. Waldmeister und Schote heraus nehmen, den Rest mit dem Mixer p\u00fcrieren. Ausgedr\u00fcckte Gelatine einr\u00fchren und alles durch ein Sieb passieren und auf Zimmertemperatur abk\u00fchlen lassen. Mit Honig abschmecken. 100 g davon abtrennen. Den Rest des P\u00fcrees mit der Yoghurt verr\u00fchren, Sahne schlagen und unterheben. Yoghurt-Sahne-Masse und P\u00fcree in Lagen in eine 500-ml-Form schichten und diese einfrieren. Dazu passen z.B. Erdbeeren.<\/p>\n<hr \/>\n<p><a href=\"http:\/\/ogv-wurmberg.de\/cms\/gemueserezepte\/\">zur\u00fcck!<\/a><\/p>\n<hr \/>\n<p>&nbsp;<\/p>\n","protected":false},"excerpt":{"rendered":"<p>Rhabarber geh\u00f6rt zum ersten Gem\u00fcse, das im Fr\u00fchjahr geerntet werden kann. Obwohl er ein Blattstielgem\u00fcse ist, wird er in der Regel wie Obst verarbeitet. Als Dessert geh\u00f6rt Rhabarber zu den H\u00f6hepunkten der Fr\u00fchlingsk\u00fcche. Rhabarberkompott Beschreibung: Dauer ca. 15 min, einfach Zutaten: 400 g Rhabarber, 80 ml Wei\u00dfwein, 2 Vanilleschoten, 1\/2 Zitrone, 1 Orange, 100 g [&hellip;]<\/p>\n","protected":false},"author":2,"featured_media":0,"parent":0,"menu_order":0,"comment_status":"closed","ping_status":"closed","template":"","meta":{"footnotes":""},"class_list":["post-2139","page","type-page","status-publish","hentry"],"_links":{"self":[{"href":"https:\/\/ogv-wurmberg.de\/cms\/wp-json\/wp\/v2\/pages\/2139","targetHints":{"allow":["GET"]}}],"collection":[{"href":"https:\/\/ogv-wurmberg.de\/cms\/wp-json\/wp\/v2\/pages"}],"about":[{"href":"https:\/\/ogv-wurmberg.de\/cms\/wp-json\/wp\/v2\/types\/page"}],"author":[{"embeddable":true,"href":"https:\/\/ogv-wurmberg.de\/cms\/wp-json\/wp\/v2\/users\/2"}],"replies":[{"embeddable":true,"href":"https:\/\/ogv-wurmberg.de\/cms\/wp-json\/wp\/v2\/comments?post=2139"}],"version-history":[{"count":20,"href":"https:\/\/ogv-wurmberg.de\/cms\/wp-json\/wp\/v2\/pages\/2139\/revisions"}],"predecessor-version":[{"id":5828,"href":"https:\/\/ogv-wurmberg.de\/cms\/wp-json\/wp\/v2\/pages\/2139\/revisions\/5828"}],"wp:attachment":[{"href":"https:\/\/ogv-wurmberg.de\/cms\/wp-json\/wp\/v2\/media?parent=2139"}],"curies":[{"name":"wp","href":"https:\/\/api.w.org\/{rel}","templated":true}]}}