{"id":2397,"date":"2016-04-28T22:54:59","date_gmt":"2016-04-28T20:54:59","guid":{"rendered":"http:\/\/ogv-wurmberg.de\/cms\/?page_id=2397"},"modified":"2018-03-14T11:14:46","modified_gmt":"2018-03-14T10:14:46","slug":"wildkraeuter","status":"publish","type":"page","link":"https:\/\/ogv-wurmberg.de\/cms\/wildkraeuter\/","title":{"rendered":"Wildkr\u00e4uter"},"content":{"rendered":"<div id=\"attachment_2374\" style=\"width: 310px\" class=\"wp-caption alignright\"><a href=\"http:\/\/ogv-wurmberg.de\/cms\/wp-content\/uploads\/2016\/04\/loewenzahn.jpg\"><img loading=\"lazy\" decoding=\"async\" aria-describedby=\"caption-attachment-2374\" class=\"size-medium wp-image-2374\" src=\"http:\/\/ogv-wurmberg.de\/cms\/wp-content\/uploads\/2016\/04\/loewenzahn-300x214.jpg\" alt=\"Wildkr\u00e4uter\" width=\"300\" height=\"214\" srcset=\"https:\/\/ogv-wurmberg.de\/cms\/wp-content\/uploads\/2016\/04\/loewenzahn-300x214.jpg 300w, https:\/\/ogv-wurmberg.de\/cms\/wp-content\/uploads\/2016\/04\/loewenzahn.jpg 604w\" sizes=\"auto, (max-width: 300px) 100vw, 300px\" \/><\/a><p id=\"caption-attachment-2374\" class=\"wp-caption-text\">L\u00f6wenzahn<\/p><\/div>\n<p>Drau\u00dfen in der Natur findet sich eine gro\u00dfe Zahl verschiedenster Wildkr\u00e4uter, die zur Vielfalt unserer Pflanzenwelt beitragen. Viele davon sind auch in unseren G\u00e4rten anzutreffen und werden dort seit altersher als Unkr\u00e4uter bezeichnet, weil sie im Hausgarten als St\u00f6renfriede angesehen werden. Es lohnt sich aber, die Wildkr\u00e4uter differenzierter zu betrachten, weil sie auch in unseren G\u00e4rten wichtige Funktionen haben.<\/p>\n<p>Im Fr\u00fchjahr stellt sich oft die\u00a0 Frage, warum die Wildkr\u00e4uter unabh\u00e4ngig vom Wetter noch vor den Stauden und Gem\u00fcsen austreiben und wachsen. Dies liegt daran, dass Wildkr\u00e4uter bereits seit Tausenden von Jahren bei uns in der Natur vorkommen und optimal an die Umgebung angepasst sind. Sie tragen zum Artenreichtum bei, und viele sind wichtig f\u00fcr das \u00dcberleben von Insekten, die den Nektar von ihren Bl\u00fcten ben\u00f6tigen.<\/p>\n<p>Manche Wildkr\u00e4uter sind <strong>essbar<\/strong> und bereichern unsere K\u00fcche vor allem im Fr\u00fchjahr, wenn noch wenig anderes im Garten w\u00e4chst. Dazu geh\u00f6ren z.B. L\u00f6wenzahn, Schafgarbe, Brunnenkresse, Scharbockskraut, Giersch, Gundermann, Huflattich, Knoblauchrauke, Wiesenkerbel, Vogelmiere, Sauerampfer, Hirtent\u00e4schelkraut, behaartes Schaumkraut, wei\u00dfe Taubnessel und Frauenmantel. <span style=\"font-size: medium;\"><span style=\"font-size: small;\"><br \/>\n<\/span><\/span><\/p>\n<p>Einige Wildkr\u00e4uter sind sehr gut geeignet als <strong>Zeigerpflanzen<\/strong>, um die Eigenschaften des Gartenbodens anzuzeigen, und zwar ohne dass man den Boden aufwendig analysieren muss. Die Tabelle unten\u00a0 veranschaulicht dies.<a href=\"http:\/\/ogv-wurmberg.de\/cms\/wp-content\/uploads\/2016\/04\/ogv-wildkr\u00e4utertabelle.jpg\" rel=\"attachment wp-att-2466\"><img loading=\"lazy\" decoding=\"async\" class=\"wp-image-2466 alignleft\" src=\"http:\/\/ogv-wurmberg.de\/cms\/wp-content\/uploads\/2016\/04\/ogv-wildkr\u00e4utertabelle-1024x767.jpg\" alt=\"ogv-wildkr\u00e4utertabelle\" width=\"534\" height=\"400\" srcset=\"https:\/\/ogv-wurmberg.de\/cms\/wp-content\/uploads\/2016\/04\/ogv-wildkr\u00e4utertabelle-1024x767.jpg 1024w, https:\/\/ogv-wurmberg.de\/cms\/wp-content\/uploads\/2016\/04\/ogv-wildkr\u00e4utertabelle-300x225.jpg 300w, https:\/\/ogv-wurmberg.de\/cms\/wp-content\/uploads\/2016\/04\/ogv-wildkr\u00e4utertabelle-768x575.jpg 768w\" sizes=\"auto, (max-width: 534px) 100vw, 534px\" \/><\/a><\/p>\n<p>Viele Wildkr\u00e4uter sind auch <strong>Bienenpflanzen<\/strong>, wenn sie bl\u00fchen. Sie locken also Bienen an, die unsere Beerenobststr\u00e4ucher und Obstb\u00e4ume best\u00e4uben. Man muss daher nicht alle Wildkr\u00e4uter im Garten ausmerzen. In vielen F\u00e4llen kann man einfach abwarten, bis sie Samen bilden oder Stauden bzw. Gem\u00fcsepflanzen in der N\u00e4he bedr\u00e4ngen, bevor man sie entfernt.<\/p>\n<p>Es gibt allerdings<strong> echte St\u00f6renfriede<\/strong>, n\u00e4mlich WIldkr\u00e4uter, die unterirdische Rhizome bilden. Deren Wurzeln kann man selten komplett ausgraben, weil sie abrei\u00dfen. Wenn sie sich einmal etabliert haben, wird man sie nur schwer wieder los. Dazu geh\u00f6ren die <strong>Ackerwinde<\/strong>, die <strong>Quecke<\/strong> und der <strong>Giersch<\/strong>. Bei ihnen m\u00fcssen wir in jedem Fall die weitere Verbreitung unterbinden. Auch Gras sollte man nur auf dem Rasen und in der Wiese tolerieren, nicht aber im Gem\u00fcsebeet und in den Blumenrabatten.<\/p>\n<p><strong>Kochrezepte<\/strong> mit Wildkr\u00e4utern finden sich<span style=\"color: #ff0000;\"><a href=\"http:\/\/ogv-wurmberg.de\/cms\/wildkraeuter-rezepte\/\"> hier!<\/a><\/span><\/p>\n<hr \/>\n<p><a href=\"http:\/\/ogv-wurmberg.de\/cms\/gemuese-portraits\/\">zur\u00fcck!<\/a><\/p>\n","protected":false},"excerpt":{"rendered":"<p>Drau\u00dfen in der Natur findet sich eine gro\u00dfe Zahl verschiedenster Wildkr\u00e4uter, die zur Vielfalt unserer Pflanzenwelt beitragen. Viele davon sind auch in unseren G\u00e4rten anzutreffen und werden dort seit altersher als Unkr\u00e4uter bezeichnet, weil sie im Hausgarten als St\u00f6renfriede angesehen werden. Es lohnt sich aber, die Wildkr\u00e4uter differenzierter zu betrachten, weil sie auch in unseren [&hellip;]<\/p>\n","protected":false},"author":2,"featured_media":0,"parent":0,"menu_order":0,"comment_status":"closed","ping_status":"closed","template":"","meta":{"footnotes":""},"class_list":["post-2397","page","type-page","status-publish","hentry"],"_links":{"self":[{"href":"https:\/\/ogv-wurmberg.de\/cms\/wp-json\/wp\/v2\/pages\/2397","targetHints":{"allow":["GET"]}}],"collection":[{"href":"https:\/\/ogv-wurmberg.de\/cms\/wp-json\/wp\/v2\/pages"}],"about":[{"href":"https:\/\/ogv-wurmberg.de\/cms\/wp-json\/wp\/v2\/types\/page"}],"author":[{"embeddable":true,"href":"https:\/\/ogv-wurmberg.de\/cms\/wp-json\/wp\/v2\/users\/2"}],"replies":[{"embeddable":true,"href":"https:\/\/ogv-wurmberg.de\/cms\/wp-json\/wp\/v2\/comments?post=2397"}],"version-history":[{"count":77,"href":"https:\/\/ogv-wurmberg.de\/cms\/wp-json\/wp\/v2\/pages\/2397\/revisions"}],"predecessor-version":[{"id":5764,"href":"https:\/\/ogv-wurmberg.de\/cms\/wp-json\/wp\/v2\/pages\/2397\/revisions\/5764"}],"wp:attachment":[{"href":"https:\/\/ogv-wurmberg.de\/cms\/wp-json\/wp\/v2\/media?parent=2397"}],"curies":[{"name":"wp","href":"https:\/\/api.w.org\/{rel}","templated":true}]}}