{"id":2595,"date":"2016-05-27T08:53:29","date_gmt":"2016-05-27T06:53:29","guid":{"rendered":"http:\/\/ogv-wurmberg.de\/cms\/?page_id=2595"},"modified":"2018-08-29T21:56:46","modified_gmt":"2018-08-29T19:56:46","slug":"broccoli-rezepte","status":"publish","type":"page","link":"https:\/\/ogv-wurmberg.de\/cms\/broccoli-rezepte\/","title":{"rendered":"&#8211; Brokkoli-Rezepte"},"content":{"rendered":"<p>Brokkoli ist ein \u00e4u\u00dferst vielseitiges Gem\u00fcse, deren R\u00f6schen sich \u00e4hnlich wie Blumenkohl als Beilage f\u00fcr Fleisch und Fisch verwenden lassen oder als Bestandteil f\u00fcr Gem\u00fcsesuppen oder Salate. Besonders von Interesse ist, dass der Verzehr von Brokkoli und Brokkolisprossen nachweislich vorbeugend gegen Krebs wirkt.<\/p>\n<p><em>F\u00fcr experimentierfreudige K\u00f6che:<\/em> Die abgeschnittenen R\u00f6schen-Stiele sind gew\u00fcrfelt zusammen mit Karotten gut f\u00fcr Mischgem\u00fcse zu verwenden. Aus dem Strunk k\u00f6nnen wir zusammen mit anderen Gem\u00fcseresten eine Gem\u00fcsebr\u00fche kochen. Dies erspart die Verwendung von Instant-Br\u00fche. Die jungen Bl\u00e4tter kann man wie Spinat behandeln oder sie zu Chips trocknen wie Gr\u00fcnkohl.<\/p>\n<p>Das \u00fcbliche Rezept f\u00fcr die Zubereitung der R\u00f6schen ist folgendes:<\/p>\n<hr \/>\n<h3><strong>Ged\u00fcnsteter Brokkoli<\/strong><\/h3>\n<div id=\"attachment_5759\" style=\"width: 310px\" class=\"wp-caption alignright\"><a href=\"http:\/\/ogv-wurmberg.de\/cms\/wp-content\/uploads\/2016\/05\/rezbrokkoli.jpg\"><img loading=\"lazy\" decoding=\"async\" aria-describedby=\"caption-attachment-5759\" class=\"wp-image-5759 size-medium\" src=\"http:\/\/ogv-wurmberg.de\/cms\/wp-content\/uploads\/2016\/05\/rezbrokkoli-300x225.jpg\" alt=\"rezbrokkoli\" width=\"300\" height=\"225\" srcset=\"https:\/\/ogv-wurmberg.de\/cms\/wp-content\/uploads\/2016\/05\/rezbrokkoli-300x225.jpg 300w, https:\/\/ogv-wurmberg.de\/cms\/wp-content\/uploads\/2016\/05\/rezbrokkoli-768x576.jpg 768w, https:\/\/ogv-wurmberg.de\/cms\/wp-content\/uploads\/2016\/05\/rezbrokkoli-1024x768.jpg 1024w\" sizes=\"auto, (max-width: 300px) 100vw, 300px\" \/><\/a><p id=\"caption-attachment-5759\" class=\"wp-caption-text\">Brokkoli-R\u00f6schen, -W\u00fcrfel und -Bl\u00e4tter mit Stampfkartoffeln u. Rehkeule<\/p><\/div>\n<p><strong>Beschreibung:<\/strong> Dauer ca. 30 min, leicht<\/p>\n<p><strong>Zutaten:<\/strong> Broccoli, Salz, Pfeffer, eventuell Muskat, Butter, Option: Mandelbl\u00e4ttchen (oder Pinienkerne)<\/p>\n<p><strong>Zubereitung:<\/strong> Brokkoli waschen und R\u00f6schen abschneiden. Die R\u00f6schenstiele in kleine W\u00fcrfel schneiden. Von den Bl\u00e4ttern die Mittelrippe entfernen und den Rest in sehr feine Streifen schneiden. R\u00f6schen und W\u00fcrfel ca. 4 min in wenig Wasser blanchieren, sehr kalt abschrecken und abtropfen lassen. Die Blattstreifen wie beim Rezept f\u00fcr italienischen Spinat zubereiten (<a href=\"http:\/\/ogv-wurmberg.de\/cms\/spinat\/\">siehe hier!)<\/a>. Die Zeit f\u00fcr das Blanchieren muss allerdings verdoppelt werden. Wenn gew\u00fcnscht, etwas Butter zerlassen und die Mandelbl\u00e4ttchen darin br\u00e4unen. Bl\u00e4ttchen heraus nehmen. Die R\u00f6schen und W\u00fcrfel vor dem Servieren zum Erw\u00e4rmen in etwas Butter schwenken. Dabei salzen und pfeffern. Auf dem Teller die ger\u00f6steten Mandelbl\u00e4ttchen dar\u00fcber streuen. Passt zu jeglichem Fleisch oder Fisch.<\/p>\n<hr \/>\n<h3><strong>Kohlrabi-Brokkoli-Terrine<\/strong><\/h3>\n<p>Siehe <a href=\"http:\/\/ogv-wurmberg.de\/cms\/kohlrabi-rezepte\/\">dort!<\/a><\/p>\n<hr \/>\n<p><a href=\"http:\/\/ogv-wurmberg.de\/cms\/gemueserezepte\/\">zur\u00fcck!<\/a><\/p>\n<hr \/>\n<p>&nbsp;<\/p>\n","protected":false},"excerpt":{"rendered":"<p>Brokkoli ist ein \u00e4u\u00dferst vielseitiges Gem\u00fcse, deren R\u00f6schen sich \u00e4hnlich wie Blumenkohl als Beilage f\u00fcr Fleisch und Fisch verwenden lassen oder als Bestandteil f\u00fcr Gem\u00fcsesuppen oder Salate. Besonders von Interesse ist, dass der Verzehr von Brokkoli und Brokkolisprossen nachweislich vorbeugend gegen Krebs wirkt. F\u00fcr experimentierfreudige K\u00f6che: Die abgeschnittenen R\u00f6schen-Stiele sind gew\u00fcrfelt zusammen mit Karotten gut [&hellip;]<\/p>\n","protected":false},"author":2,"featured_media":0,"parent":0,"menu_order":0,"comment_status":"closed","ping_status":"closed","template":"","meta":{"footnotes":""},"class_list":["post-2595","page","type-page","status-publish","hentry"],"_links":{"self":[{"href":"https:\/\/ogv-wurmberg.de\/cms\/wp-json\/wp\/v2\/pages\/2595","targetHints":{"allow":["GET"]}}],"collection":[{"href":"https:\/\/ogv-wurmberg.de\/cms\/wp-json\/wp\/v2\/pages"}],"about":[{"href":"https:\/\/ogv-wurmberg.de\/cms\/wp-json\/wp\/v2\/types\/page"}],"author":[{"embeddable":true,"href":"https:\/\/ogv-wurmberg.de\/cms\/wp-json\/wp\/v2\/users\/2"}],"replies":[{"embeddable":true,"href":"https:\/\/ogv-wurmberg.de\/cms\/wp-json\/wp\/v2\/comments?post=2595"}],"version-history":[{"count":21,"href":"https:\/\/ogv-wurmberg.de\/cms\/wp-json\/wp\/v2\/pages\/2595\/revisions"}],"predecessor-version":[{"id":6348,"href":"https:\/\/ogv-wurmberg.de\/cms\/wp-json\/wp\/v2\/pages\/2595\/revisions\/6348"}],"wp:attachment":[{"href":"https:\/\/ogv-wurmberg.de\/cms\/wp-json\/wp\/v2\/media?parent=2595"}],"curies":[{"name":"wp","href":"https:\/\/api.w.org\/{rel}","templated":true}]}}