{"id":2692,"date":"2016-06-06T21:28:17","date_gmt":"2016-06-06T19:28:17","guid":{"rendered":"http:\/\/ogv-wurmberg.de\/cms\/?page_id=2692"},"modified":"2020-07-21T16:44:35","modified_gmt":"2020-07-21T14:44:35","slug":"fenchel","status":"publish","type":"page","link":"https:\/\/ogv-wurmberg.de\/cms\/fenchel\/","title":{"rendered":"&#8211; Fenchel"},"content":{"rendered":"<div id=\"attachment_5384\" style=\"width: 310px\" class=\"wp-caption alignleft\"><a href=\"http:\/\/ogv-wurmberg.de\/cms\/wp-content\/uploads\/2018\/02\/fenchel3.jpg\"><img loading=\"lazy\" decoding=\"async\" aria-describedby=\"caption-attachment-5384\" class=\"size-medium wp-image-5384\" src=\"http:\/\/ogv-wurmberg.de\/cms\/wp-content\/uploads\/2018\/02\/fenchel3-300x300.jpg\" alt=\"Knollenfenchel\" width=\"300\" height=\"300\" srcset=\"https:\/\/ogv-wurmberg.de\/cms\/wp-content\/uploads\/2018\/02\/fenchel3-300x300.jpg 300w, https:\/\/ogv-wurmberg.de\/cms\/wp-content\/uploads\/2018\/02\/fenchel3-150x150.jpg 150w, https:\/\/ogv-wurmberg.de\/cms\/wp-content\/uploads\/2018\/02\/fenchel3-768x768.jpg 768w, https:\/\/ogv-wurmberg.de\/cms\/wp-content\/uploads\/2018\/02\/fenchel3.jpg 870w\" sizes=\"auto, (max-width: 300px) 100vw, 300px\" \/><\/a><p id=\"caption-attachment-5384\" class=\"wp-caption-text\">Knollenfenchel<\/p><\/div>\n<p>Fenchel geh\u00f6rt zu den Doldengew\u00e4chsen. Er stammt urspr\u00fcnglich aus S\u00fcdeuropa und Vorderasien und ist dort wegen seines anisartigen Geschmacks sehr gesch\u00e4tzt. Auch in Deutschland wird er zunehmend beliebter. Man unterscheidet Gew\u00fcrzfenchel und Knollenfenchel. <strong>Gew\u00fcrzfenchel<\/strong> ist ein zweij\u00e4hriges W\u00fcrzkraut, das dazu neigt, sich selbst zu versamen. Er wird ca. 2,0 m hoch, gedeiht auch im Staudenbeet und ist dort ein dekorativer Blickfang. In der K\u00fcche benutzt man die Bl\u00e4tter und die Samen zum W\u00fcrzen besonders von Salaten und Fisch. <strong>Knollenfenchel<\/strong> ist ein einj\u00e4hriges Gem\u00fcse und l\u00e4sst sich daher gut in eine Mischkultur mit anderen Gem\u00fcsen integrieren.<\/p>\n<p>Knollenfenchel braucht Sonne und kommt mit fast allen B\u00f6den zurecht. Au\u00dferdem ist er ein\u00a0 <strong>Mittelzehrer<\/strong> mit\u00a0 kurzer Vegetationszeit (ca. 3 1\/2 Monate) und niedrigem Wuchs (blaue Reihen,<a href=\"http:\/\/ogv-wurmberg.de\/cms\/gemueseanbau-in-mischkultur-grundlagen\/\"> siehe Anbauplan!<\/a>).<\/p>\n<p>Au\u00dfer Fl\u00e4chenkompost im Jahr vor dem Anbau ist D\u00fcngung nicht erforderlich sondern sogar sch\u00e4dlich, weil die Pflanze dann Nitrat anreichert.<\/p>\n<div id=\"attachment_2884\" style=\"width: 310px\" class=\"wp-caption alignright\"><a href=\"http:\/\/ogv-wurmberg.de\/cms\/wp-content\/uploads\/2016\/06\/Fenchel.jpg\"><img loading=\"lazy\" decoding=\"async\" aria-describedby=\"caption-attachment-2884\" class=\"size-medium wp-image-2884\" src=\"http:\/\/ogv-wurmberg.de\/cms\/wp-content\/uploads\/2016\/06\/Fenchel-300x264.jpg\" alt=\"Gew\u00fcrzfenchel\" width=\"300\" height=\"264\" srcset=\"https:\/\/ogv-wurmberg.de\/cms\/wp-content\/uploads\/2016\/06\/Fenchel-300x264.jpg 300w, https:\/\/ogv-wurmberg.de\/cms\/wp-content\/uploads\/2016\/06\/Fenchel-768x676.jpg 768w, https:\/\/ogv-wurmberg.de\/cms\/wp-content\/uploads\/2016\/06\/Fenchel-1024x902.jpg 1024w, https:\/\/ogv-wurmberg.de\/cms\/wp-content\/uploads\/2016\/06\/Fenchel.jpg 1272w\" sizes=\"auto, (max-width: 300px) 100vw, 300px\" \/><\/a><p id=\"caption-attachment-2884\" class=\"wp-caption-text\">Gew\u00fcrzfenchel<\/p><\/div>\n<p><strong>G\u00fcnstige Nachbarn <\/strong>sind Salat, Endivien, Rettich, Gurken und Basilikum,<strong> ung\u00fcnstig<\/strong> sind Bohnen, Kohlrabi und Tomaten.<\/p>\n<p><strong>Anbau: <\/strong>Knollenfenchel l\u00e4sst sich ab M\u00e4rz im Haus s\u00e4en und vorziehen und im Mai auspflanzen. Von Mai bis Juli kann man ihn auch direkt ins Freie s\u00e4en. Alte Sorten neigen zum Schie\u00dfen, wenn sie im Fr\u00fchjahr ges\u00e4t werden. Man sollte deshalb eine neuere schossfeste Sorte w\u00e4hlen (siehe unten). Wenn die Pfl\u00e4nzchen ca. 10 cm hoch sind, wird er in Abst\u00e4nden von ca. 25 cm vereinzelt. Erntereif ist er dann von Juli bis November. Wenn wir ihn erst von Juni bis Juli s\u00e4en, eignen sich Erbsen, Fr\u00fchrettich und Fr\u00fchkartoffeln als Vorkultur. Wer absolut wei\u00dfe Knollen haben will, h\u00e4ufelt sie ein paar Wochen vor der Ernte mit Erde an.<\/p>\n<p><strong>Lagerung:<\/strong> Knollenfenchel h\u00e4lt im Gem\u00fcsefach des K\u00fchlschranks ca. 2 Wochen. Im Sp\u00e4therbst kann er wie Karotten in Sand eingeschlagen werden und h\u00e4lt dann in der Regel bis Ende Januar. Eine Alternative ist das Blanchieren und Einfrieren. So ist er ca. 6 Monate haltbar.<strong><br \/>\n<\/strong><\/p>\n<p><strong>Sorten:<\/strong> Fino (schossfest)<\/p>\n<p><strong>Rezepte<\/strong> mit Fenchel siehe<span style=\"color: #000000;\"> <a style=\"color: #000000;\" href=\"http:\/\/ogv-wurmberg.de\/cms\/fenchel-rezepte\/\">hier!<\/a><\/span><\/p>\n<hr \/>\n<p><a href=\"http:\/\/ogv-wurmberg.de\/cms\/gemuese-portraits\/\">zur\u00fcck!<\/a><\/p>\n","protected":false},"excerpt":{"rendered":"<p>Fenchel geh\u00f6rt zu den Doldengew\u00e4chsen. Er stammt urspr\u00fcnglich aus S\u00fcdeuropa und Vorderasien und ist dort wegen seines anisartigen Geschmacks sehr gesch\u00e4tzt. Auch in Deutschland wird er zunehmend beliebter. Man unterscheidet Gew\u00fcrzfenchel und Knollenfenchel. Gew\u00fcrzfenchel ist ein zweij\u00e4hriges W\u00fcrzkraut, das dazu neigt, sich selbst zu versamen. Er wird ca. 2,0 m hoch, gedeiht auch im Staudenbeet [&hellip;]<\/p>\n","protected":false},"author":2,"featured_media":0,"parent":0,"menu_order":0,"comment_status":"closed","ping_status":"closed","template":"","meta":{"footnotes":""},"class_list":["post-2692","page","type-page","status-publish","hentry"],"_links":{"self":[{"href":"https:\/\/ogv-wurmberg.de\/cms\/wp-json\/wp\/v2\/pages\/2692","targetHints":{"allow":["GET"]}}],"collection":[{"href":"https:\/\/ogv-wurmberg.de\/cms\/wp-json\/wp\/v2\/pages"}],"about":[{"href":"https:\/\/ogv-wurmberg.de\/cms\/wp-json\/wp\/v2\/types\/page"}],"author":[{"embeddable":true,"href":"https:\/\/ogv-wurmberg.de\/cms\/wp-json\/wp\/v2\/users\/2"}],"replies":[{"embeddable":true,"href":"https:\/\/ogv-wurmberg.de\/cms\/wp-json\/wp\/v2\/comments?post=2692"}],"version-history":[{"count":36,"href":"https:\/\/ogv-wurmberg.de\/cms\/wp-json\/wp\/v2\/pages\/2692\/revisions"}],"predecessor-version":[{"id":8988,"href":"https:\/\/ogv-wurmberg.de\/cms\/wp-json\/wp\/v2\/pages\/2692\/revisions\/8988"}],"wp:attachment":[{"href":"https:\/\/ogv-wurmberg.de\/cms\/wp-json\/wp\/v2\/media?parent=2692"}],"curies":[{"name":"wp","href":"https:\/\/api.w.org\/{rel}","templated":true}]}}