{"id":4520,"date":"2017-09-16T17:38:25","date_gmt":"2017-09-16T15:38:25","guid":{"rendered":"http:\/\/ogv-wurmberg.de\/cms\/?page_id=4520"},"modified":"2018-08-29T22:09:26","modified_gmt":"2018-08-29T20:09:26","slug":"zucchinirezepte","status":"publish","type":"page","link":"https:\/\/ogv-wurmberg.de\/cms\/zucchinirezepte\/","title":{"rendered":"&#8211; Zucchini-Rezepte"},"content":{"rendered":"<p>Zucchini sind ein klassisches Sommergem\u00fcse, in der K\u00fcche vielf\u00e4ltig zu verwenden und einfach in der Zubereitung. Ihr Geschmack ist mild. Daher profitieren sie von mediterranen Gew\u00fcrzen wie Thymian, Rosmarin oder Oregano. Sie schmecken ged\u00fcnstet in Butter, gebraten in \u00d6l, als Auflauf oder roh als Salat. Auch grillen lassen sie sich sehr gut. Selten kommt es vor, dass Zucchini bitter schmecken. Man darf sie dann nicht essen, weil die Bitterstoffe \u00e4u\u00dferst giftig sind und auch durch Kochen nicht zerst\u00f6rt werden.<\/p>\n<hr \/>\n<h3><strong>Gebratene Zucchinischeiben mit Karotten<br \/>\n<\/strong><\/h3>\n<p><strong><a href=\"http:\/\/ogv-wurmberg.de\/cms\/wp-content\/uploads\/2018\/08\/rezzucch2.jpg\"><img loading=\"lazy\" decoding=\"async\" class=\"alignright size-medium wp-image-6250\" src=\"http:\/\/ogv-wurmberg.de\/cms\/wp-content\/uploads\/2018\/08\/rezzucch2-300x231.jpg\" alt=\"\" width=\"300\" height=\"231\" srcset=\"https:\/\/ogv-wurmberg.de\/cms\/wp-content\/uploads\/2018\/08\/rezzucch2-300x231.jpg 300w, https:\/\/ogv-wurmberg.de\/cms\/wp-content\/uploads\/2018\/08\/rezzucch2-768x591.jpg 768w, https:\/\/ogv-wurmberg.de\/cms\/wp-content\/uploads\/2018\/08\/rezzucch2-1024x788.jpg 1024w\" sizes=\"auto, (max-width: 300px) 100vw, 300px\" \/><\/a>Beschreibung:<\/strong> Dauer ca. 15 min, leicht<\/p>\n<p><strong>Zutaten:<\/strong> 2 Zucchini, 2 Karotten,\u00a0 3 Zweige Thymian, Korianderpulver, Salz, Pfeffer, 3 EL \u00d6l und 1 EL Butter, Schnittlauch und Bl\u00fcten zur Dekoration, Option: ger\u00e4ucherte Forellenfilets<\/p>\n<p><strong>Zubereitung:<\/strong> Zucchini und Karotte in d\u00fcnne Scheiben hobeln, mit Salz und Pfeffer w\u00fcrzen. Zuchini- mit gehacktem Thymian bestreuen und Karottenscheiben mit Koriander best\u00e4uben. \u00d6l\u00a0 und Butter auf mittlerer Stufe erhitzen und die Scheiben darin anbraten, bis sie etwas anbr\u00e4unen. Auf K\u00fcchenpapier abtropfen lassen, dann wellenf\u00f6rmig auf Spie\u00dfe stecken. Mit Schnittlauch und Bl\u00fcten dekorieren. Dazu passen ger\u00e4ucherte Forellenfilets. Die Scheiben k\u00f6nnen warm oder kalt als Vorspeise gegessen werden.<\/p>\n<hr \/>\n<h3><strong>Zucchini auf r\u00f6mische Art<\/strong><\/h3>\n<p><strong>Beschreibung:<\/strong> Dauer ca. 60 min, leicht, statt des frisch gekochten Tomatensugos l\u00e4sst sich auch Tomatengrundso\u00dfe verwenden (siehe hier!)<\/p>\n<p><strong>Zutaten:<\/strong> 2 &#8211; 3 kleinere Zucchini (500 g), Oliven\u00f6l, 50 g Speckw\u00fcrfel, 1 Zwiebel, 1 Knoblauchzehe, 500 g Tomaten, 1 EL gehackter Oregano, Salz, Pfeffer, 2 EL Paniermehl, 4 EL gemischte Kr\u00e4uter (z.B. Petersilie, Oregano, Rosmarin, Thymian), 40 g geriebener Parmesank\u00e4se (o.\u00e4.), 3 &#8211; 4 EL saure Sahne<\/p>\n<p><strong>Zubereitung:<\/strong> Ofen auf 220 Grad vorheizen. Tomaten blanchieren, abschrecken, Haut abziehen und grob w\u00fcrfeln. 2 EL \u00d6l erhitzen. Zwiebel klein w\u00fcrfeln und mit gehacktem Knoblauch anschwitzen. Tomaten, Oregano, Salz und Pfeffer zugeben und offen d\u00fcnsten, bis eine dickliche So\u00dfe entsteht. In der Zwischenzeit Paniermehl, gehackte gemischte Kr\u00e4uter, geriebenen K\u00e4se, Sahne, Salz und Pfeffer zu einer streichf\u00e4higen Paste verr\u00fchren. Speckw\u00fcrfel r\u00f6sten. Tomatenso\u00dfe in eine ofenfeste Form gie\u00dfen. Speckw\u00fcrfel dar\u00fcber streuen. Zucchini l\u00e4ngs in jeweils vier Scheiben schneiden, salzen und pfeffern und in die Tomatenso\u00dfe legen. Kr\u00e4uter-Sahne-Masse auf die Zucchini streichen und 35 min bei 160 Grad im Ofen garen (die Kr\u00e4uter-Sahne muss leicht gebr\u00e4unt sein).<\/p>\n<hr \/>\n<h3><strong>Gef\u00fcllte Zucchini-Bl\u00fcten<\/strong><\/h3>\n<p><strong>Beschreibung:<\/strong> Dauer: ca. 30 min, statt Zucchini k\u00f6nnen auch Taglilien aus dem Garten verwendet werden<\/p>\n<p><strong>Zutaten:<\/strong> 6 Zucchinibl\u00fcten, 50 g Weizenmehl, 25 g fein gemahlene Sonnenblumenkerne, 50 g grob gehackte ger\u00f6stete Sonnenblumenkerne, 1 Ei, 100 ml kalte Milch, Zucker, \u00d6l; f\u00fcr die F\u00fcllung 6 \u2013 10 Garnelen ( je nach Gr\u00f6\u00dfe), Sahne, Pfeffer Zitronensaft<\/p>\n<p><strong>Zubereitung:<\/strong> Gemahlene Sonnenblumenkerne, Mehl und Milch verr\u00fchren. Ei aufschlagen, verquirlen, dazu geben und mit dem Schneebesen zu einem Teig glatt r\u00fchren. Stempel der Zucchinibl\u00fcten entfernen. F\u00fcllung herstellen: Dazu Garnelen im Mixer p\u00fcrieren und Sahne zuf\u00fcgen, bis eine z\u00e4he Masse entsteht. Mit Salz, Cayennepfeffer und Zitronensaft abschmecken. Jeweils ein daumendickes St\u00fcck in die Bl\u00fcten dr\u00fccken. \u00d6l erhitzen. Bl\u00fcten durch den Backteig ziehen, abtropfen lassen und im \u00d6l frittieren. Auf K\u00fcchenpapier legen. Ger\u00f6stete Sonnenblumenkerne dar\u00fcber streuen.<\/p>\n<hr \/>\n<p><a href=\"http:\/\/ogv-wurmberg.de\/cms\/gemueserezepte\/\">zur\u00fcck!<\/a><\/p>\n","protected":false},"excerpt":{"rendered":"<p>Zucchini sind ein klassisches Sommergem\u00fcse, in der K\u00fcche vielf\u00e4ltig zu verwenden und einfach in der Zubereitung. Ihr Geschmack ist mild. Daher profitieren sie von mediterranen Gew\u00fcrzen wie Thymian, Rosmarin oder Oregano. Sie schmecken ged\u00fcnstet in Butter, gebraten in \u00d6l, als Auflauf oder roh als Salat. Auch grillen lassen sie sich sehr gut. Selten kommt es [&hellip;]<\/p>\n","protected":false},"author":2,"featured_media":0,"parent":0,"menu_order":0,"comment_status":"closed","ping_status":"closed","template":"","meta":{"footnotes":""},"class_list":["post-4520","page","type-page","status-publish","hentry"],"_links":{"self":[{"href":"https:\/\/ogv-wurmberg.de\/cms\/wp-json\/wp\/v2\/pages\/4520","targetHints":{"allow":["GET"]}}],"collection":[{"href":"https:\/\/ogv-wurmberg.de\/cms\/wp-json\/wp\/v2\/pages"}],"about":[{"href":"https:\/\/ogv-wurmberg.de\/cms\/wp-json\/wp\/v2\/types\/page"}],"author":[{"embeddable":true,"href":"https:\/\/ogv-wurmberg.de\/cms\/wp-json\/wp\/v2\/users\/2"}],"replies":[{"embeddable":true,"href":"https:\/\/ogv-wurmberg.de\/cms\/wp-json\/wp\/v2\/comments?post=4520"}],"version-history":[{"count":18,"href":"https:\/\/ogv-wurmberg.de\/cms\/wp-json\/wp\/v2\/pages\/4520\/revisions"}],"predecessor-version":[{"id":6349,"href":"https:\/\/ogv-wurmberg.de\/cms\/wp-json\/wp\/v2\/pages\/4520\/revisions\/6349"}],"wp:attachment":[{"href":"https:\/\/ogv-wurmberg.de\/cms\/wp-json\/wp\/v2\/media?parent=4520"}],"curies":[{"name":"wp","href":"https:\/\/api.w.org\/{rel}","templated":true}]}}