{"id":4817,"date":"2017-11-07T21:35:59","date_gmt":"2017-11-07T20:35:59","guid":{"rendered":"http:\/\/ogv-wurmberg.de\/cms\/?page_id=4817"},"modified":"2019-10-10T21:27:32","modified_gmt":"2019-10-10T19:27:32","slug":"beerenobst","status":"publish","type":"page","link":"https:\/\/ogv-wurmberg.de\/cms\/beerenobst\/","title":{"rendered":"Beeren"},"content":{"rendered":"<p><span style=\"font-size: large;\"><b>Beeren aus dem eigenen Garten<\/b><\/span><\/p>\n<p>Der Anbau von Beerenstr\u00e4uchern im Hausgarten ist unkompliziert, und die unten beschriebenen Arten sind auch f\u00fcr kleine G\u00e4rten geeignet. Zum Beispiel Johannisbeeren oder Stachelbeeren ben\u00f6tigen nur wenig Platz. Man kann sie als Strauch oder auch als Hochstamm sogar in eine Blumenrabatte integrieren. Auch Himbeeren und Brombeeren wachsen raumsparend, weil sie an einem Spalier gezogen werden. Sie eignen sich deshalb gut als Sichtschutz an der Grundst\u00fccksgrenze, oder um verschiedene Gartenabschnitte optisch voneinander abzugrenzen. Obwohl manche Beerenarten sich selbst befruchten k\u00f6nnen, wird die Ernte durch Fremdbest\u00e4ubung erheblich gesteigert. Dabei gilt: Je gr\u00f6\u00dfer die Artenvielfalt der best\u00e4ubenden Insekten ist, desto gr\u00f6\u00dfer ist auch der Ertrag. Zur besten Pflanzzeit im Herbst bieten manche G\u00e4rtnereien wurzelnackte Ware an, die oft g\u00fcnstiger ist als Containerpflanzen. Wer Geduld hat und mehrere Jahre bis zur ersten Ernte warten will, kann Beerenpflanzen durch Absenker auch selbst vermehren.<\/p>\n<h3><em><strong>Anbau:<\/strong><\/em><\/h3>\n<h4><strong>F\u00fcr Details zum Anbau die entsprechenden Fotos anklicken!<\/strong><\/h4>\n<div id='gallery-2' class='gallery galleryid-4817 gallery-columns-6 gallery-size-thumbnail'><dl class='gallery-item'>\n\t\t\t<dt class='gallery-icon landscape'>\n\t\t\t\t<a href=\"http:\/\/ogv-wurmberg.de\/cms\/brombeeren\/\" class=\"no-lightbox\"><img loading=\"lazy\" decoding=\"async\" width=\"150\" height=\"150\" src=\"https:\/\/ogv-wurmberg.de\/cms\/wp-content\/uploads\/2017\/11\/Brombeeren-150x150.jpg\" class=\"attachment-thumbnail size-thumbnail\" alt=\"\" aria-describedby=\"gallery-2-5057\" \/><\/a>\n\t\t\t<\/dt>\n\t\t\t\t<dd class='wp-caption-text gallery-caption' id='gallery-2-5057'>\n\t\t\t\tBrombeeren\n\t\t\t\t<\/dd><\/dl><dl class='gallery-item'>\n\t\t\t<dt class='gallery-icon landscape'>\n\t\t\t\t<a href=\" http:\/\/ogv-wurmberg.de\/cms\/erdbeeren\/ \" class=\"no-lightbox\"><img loading=\"lazy\" decoding=\"async\" width=\"150\" height=\"150\" src=\"https:\/\/ogv-wurmberg.de\/cms\/wp-content\/uploads\/2016\/03\/erdbeeren-150x150.jpg\" class=\"attachment-thumbnail size-thumbnail\" alt=\"\" aria-describedby=\"gallery-2-2206\" \/><\/a>\n\t\t\t<\/dt>\n\t\t\t\t<dd class='wp-caption-text gallery-caption' id='gallery-2-2206'>\n\t\t\t\tErdbeeren\n\t\t\t\t<\/dd><\/dl><dl class='gallery-item'>\n\t\t\t<dt class='gallery-icon landscape'>\n\t\t\t\t<a href=\"http:\/\/ogv-wurmberg.de\/cms\/heidelbeeren-2\/\" class=\"no-lightbox\"><img loading=\"lazy\" decoding=\"async\" width=\"150\" height=\"150\" src=\"https:\/\/ogv-wurmberg.de\/cms\/wp-content\/uploads\/2018\/07\/heidelbeeren2-150x150.jpg\" class=\"attachment-thumbnail size-thumbnail\" alt=\"\" aria-describedby=\"gallery-2-6169\" \/><\/a>\n\t\t\t<\/dt>\n\t\t\t\t<dd class='wp-caption-text gallery-caption' id='gallery-2-6169'>\n\t\t\t\tHeidelbeeren\n\t\t\t\t<\/dd><\/dl><dl class='gallery-item'>\n\t\t\t<dt class='gallery-icon landscape'>\n\t\t\t\t<a href=\"http:\/\/ogv-wurmberg.de\/cms\/himbeeren\/\" class=\"no-lightbox\"><img loading=\"lazy\" decoding=\"async\" width=\"150\" height=\"150\" src=\"https:\/\/ogv-wurmberg.de\/cms\/wp-content\/uploads\/2017\/11\/Himbeeren-150x150.jpg\" class=\"attachment-thumbnail size-thumbnail\" alt=\"\" aria-describedby=\"gallery-2-5071\" \/><\/a>\n\t\t\t<\/dt>\n\t\t\t\t<dd class='wp-caption-text gallery-caption' id='gallery-2-5071'>\n\t\t\t\tHimberen\n\t\t\t\t<\/dd><\/dl><dl class='gallery-item'>\n\t\t\t<dt class='gallery-icon landscape'>\n\t\t\t\t<a href=\"http:\/\/ogv-wurmberg.de\/cms\/johannisbeeren\/\" class=\"no-lightbox\"><img loading=\"lazy\" decoding=\"async\" width=\"150\" height=\"150\" src=\"https:\/\/ogv-wurmberg.de\/cms\/wp-content\/uploads\/2019\/02\/johannisbeeren2-150x150.jpg\" class=\"attachment-thumbnail size-thumbnail\" alt=\"\" aria-describedby=\"gallery-2-7142\" \/><\/a>\n\t\t\t<\/dt>\n\t\t\t\t<dd class='wp-caption-text gallery-caption' id='gallery-2-7142'>\n\t\t\t\tJohannisbeeren\n\t\t\t\t<\/dd><\/dl><dl class='gallery-item'>\n\t\t\t<dt class='gallery-icon landscape'>\n\t\t\t\t<a href=\"http:\/\/ogv-wurmberg.de\/cms\/stachelbeeren\/\" class=\"no-lightbox\"><img loading=\"lazy\" decoding=\"async\" width=\"150\" height=\"150\" src=\"https:\/\/ogv-wurmberg.de\/cms\/wp-content\/uploads\/2019\/02\/Stachelbrezepte2-150x150.jpg\" class=\"attachment-thumbnail size-thumbnail\" alt=\"\" aria-describedby=\"gallery-2-7156\" \/><\/a>\n\t\t\t<\/dt>\n\t\t\t\t<dd class='wp-caption-text gallery-caption' id='gallery-2-7156'>\n\t\t\t\tStachelbeeren\n\t\t\t\t<\/dd><\/dl><br style=\"clear: both\" \/>\n\t\t<\/div>\n\n<p>&nbsp;<\/p>\n","protected":false},"excerpt":{"rendered":"<p>Beeren aus dem eigenen Garten Der Anbau von Beerenstr\u00e4uchern im Hausgarten ist unkompliziert, und die unten beschriebenen Arten sind auch f\u00fcr kleine G\u00e4rten geeignet. Zum Beispiel Johannisbeeren oder Stachelbeeren ben\u00f6tigen nur wenig Platz. Man kann sie als Strauch oder auch als Hochstamm sogar in eine Blumenrabatte integrieren. Auch Himbeeren und Brombeeren wachsen raumsparend, weil sie [&hellip;]<\/p>\n","protected":false},"author":2,"featured_media":0,"parent":0,"menu_order":0,"comment_status":"closed","ping_status":"closed","template":"","meta":{"footnotes":""},"class_list":["post-4817","page","type-page","status-publish","hentry"],"_links":{"self":[{"href":"https:\/\/ogv-wurmberg.de\/cms\/wp-json\/wp\/v2\/pages\/4817","targetHints":{"allow":["GET"]}}],"collection":[{"href":"https:\/\/ogv-wurmberg.de\/cms\/wp-json\/wp\/v2\/pages"}],"about":[{"href":"https:\/\/ogv-wurmberg.de\/cms\/wp-json\/wp\/v2\/types\/page"}],"author":[{"embeddable":true,"href":"https:\/\/ogv-wurmberg.de\/cms\/wp-json\/wp\/v2\/users\/2"}],"replies":[{"embeddable":true,"href":"https:\/\/ogv-wurmberg.de\/cms\/wp-json\/wp\/v2\/comments?post=4817"}],"version-history":[{"count":110,"href":"https:\/\/ogv-wurmberg.de\/cms\/wp-json\/wp\/v2\/pages\/4817\/revisions"}],"predecessor-version":[{"id":8525,"href":"https:\/\/ogv-wurmberg.de\/cms\/wp-json\/wp\/v2\/pages\/4817\/revisions\/8525"}],"wp:attachment":[{"href":"https:\/\/ogv-wurmberg.de\/cms\/wp-json\/wp\/v2\/media?parent=4817"}],"curies":[{"name":"wp","href":"https:\/\/api.w.org\/{rel}","templated":true}]}}