{"id":5190,"date":"2018-02-21T20:45:12","date_gmt":"2018-02-21T19:45:12","guid":{"rendered":"http:\/\/ogv-wurmberg.de\/cms\/?page_id=5190"},"modified":"2018-11-07T20:34:49","modified_gmt":"2018-11-07T19:34:49","slug":"himbeeren","status":"publish","type":"page","link":"https:\/\/ogv-wurmberg.de\/cms\/himbeeren\/","title":{"rendered":"&#8211; Himbeeren"},"content":{"rendered":"<hr \/>\n<p>Himbeeren geh\u00f6ren wie Erdbeeren und Brombeeren zur Familie der Rosengew\u00e4chse. Sie z\u00e4hlen zu den schmackhaftesten Beerenfr\u00fcchten und wachsen auch in k\u00fchleren Gegenden. Wildformen sind weit verbreitet und kommen von Europa bis Sibirien vor. Die ersten Z\u00fcchtungen sollen aus den Klosterg\u00e4rten des Mittelalters stammen.<\/p>\n<div id=\"attachment_5071\" style=\"width: 310px\" class=\"wp-caption alignright\"><a href=\"http:\/\/ogv-wurmberg.de\/cms\/wp-content\/uploads\/2017\/11\/Himbeeren.jpg\"><img loading=\"lazy\" decoding=\"async\" aria-describedby=\"caption-attachment-5071\" class=\"size-medium wp-image-5071\" src=\"http:\/\/ogv-wurmberg.de\/cms\/wp-content\/uploads\/2017\/11\/Himbeeren-300x256.jpg\" alt=\"Himberen\" width=\"300\" height=\"256\" srcset=\"https:\/\/ogv-wurmberg.de\/cms\/wp-content\/uploads\/2017\/11\/Himbeeren-300x256.jpg 300w, https:\/\/ogv-wurmberg.de\/cms\/wp-content\/uploads\/2017\/11\/Himbeeren-768x655.jpg 768w, https:\/\/ogv-wurmberg.de\/cms\/wp-content\/uploads\/2017\/11\/Himbeeren.jpg 1013w\" sizes=\"auto, (max-width: 300px) 100vw, 300px\" \/><\/a><p id=\"caption-attachment-5071\" class=\"wp-caption-text\">Himberen<\/p><\/div>\n<p><strong>Standort und Pflanzung:<\/strong> Himbeeren brauchen ausreichend Sonne. Zwar gedeihen sie auch im Schatten, die Fr\u00fcchte sind dann aber weniger s\u00fc\u00df, und die Ernte f\u00e4llt magerer aus. Weil sie lockeren feuchten Boden lieben, vermischen wir die Erde am Standort mit Kompost. Es gibt Sommer- und herbsttragende Himbeeren. Wir haben mit der Herbstsorte \u201eAutumn Bliss\u201c gute Erfahrungen gemacht. Die beste Pflanzzeit ist im Herbst oder im Fr\u00fchjahr. Sie sollten in einer Reihe gepflanzt werden, und zwar im Abstand von 50 cm. Eine St\u00fctze mit horizontal gespannten Dr\u00e4hten auf jeder Seite stellt sicher, dass die Ruten aufrecht stehen bleiben (siehe unten). Himbeeren sind im Prinzip selbstbefruchtend; bei zus\u00e4tzlicher Fremdbest\u00e4ubung durch Bienen und andere Insekten allerdings f\u00e4llt die Ernte h\u00f6her aus.<\/p>\n<p><strong>Pflege<\/strong>: Einmal gepflanzt machen Himbeeren ein wenig mehr Arbeit als andere Beeren, aber der Geschmack entsch\u00e4digt f\u00fcr den Mehraufwand. Hacken zwischen den Pflanzen ist obsolet, weil die flachen Wurzeln dann gesch\u00e4digt werden. Statt dessen ist ganzj\u00e4hriges Mulchen angesagt, z. B. mit angetrocknetem Gras- oder geh\u00e4ckseltem Strauchschnitt. Nur w\u00e4hrend langer Trockenperioden muss dann gew\u00e4ssert werden.<\/p>\n<p><strong>Ernte:\u00a0 <\/strong>Erntezeit der Herbstsorten ist von August bis Oktober. Wenn viele Fr\u00fcchte rot werden, m\u00fcssen die Pflanzen an jedem 2. Tag durchgepfl\u00fcckt werden.<\/p>\n<div id=\"attachment_5661\" style=\"width: 510px\" class=\"wp-caption alignleft\"><a href=\"http:\/\/ogv-wurmberg.de\/cms\/wp-content\/uploads\/2018\/02\/himbeergraphik.jpeg\"><img loading=\"lazy\" decoding=\"async\" aria-describedby=\"caption-attachment-5661\" class=\"wp-image-5661\" src=\"http:\/\/ogv-wurmberg.de\/cms\/wp-content\/uploads\/2018\/02\/himbeergraphik-300x155.jpeg\" width=\"500\" height=\"258\" srcset=\"https:\/\/ogv-wurmberg.de\/cms\/wp-content\/uploads\/2018\/02\/himbeergraphik-300x155.jpeg 300w, https:\/\/ogv-wurmberg.de\/cms\/wp-content\/uploads\/2018\/02\/himbeergraphik-768x396.jpeg 768w, https:\/\/ogv-wurmberg.de\/cms\/wp-content\/uploads\/2018\/02\/himbeergraphik-1024x528.jpeg 1024w, https:\/\/ogv-wurmberg.de\/cms\/wp-content\/uploads\/2018\/02\/himbeergraphik.jpeg 1620w\" sizes=\"auto, (max-width: 500px) 100vw, 500px\" \/><\/a><p id=\"caption-attachment-5661\" class=\"wp-caption-text\">Himbeeren am St\u00fctzger\u00fcst (H\u00f6he 150 cm): Vorder- u. Seitenansicht<\/p><\/div>\n<p><strong>Schnitt:<\/strong> Im Sommerhalbjahr bilden Himbeeren immer wieder Wurzeltriebe, mit denen wir unterschiedlich verfahren. Solange der Rutenabstand in der Reihe ca. 20 cm betr\u00e4gt, lassen wir sie weiter wachsen. Stehen sie zu eng, schneiden wir sie am Boden ab und geben sie geh\u00e4ckselt wieder als Mulch zwischen die Pflanzen. Dasselbe machen wir mit den Wurzeltrieben, die sich au\u00dferhalb der Reihe bilden. Wenn es L\u00fccken in der Reihe gibt, k\u00f6nnen wir sie auch dorthin umpflanzen. Triebe, die h\u00f6her\u00a0 als das St\u00fctzger\u00fcst werden, schneiden wir ebenfalls ab. Sie bilden dann fruchtende Seitentriebe. Nach der Ernte werden traditionell alle Ruten bodennah abgeschnitten. Es gibt jedoch einen Trick, der dazu f\u00fchrt, das die Erntezeit im n\u00e4chsten Jahr fr\u00fcher einsetzt. Man schneidet dazu die Ruten nach der Ernte nicht bodennah sondern ca. 15 cm oberhalb ab. Im n\u00e4chsten Jahr treiben die Pflanzen an diesen Restruten sehr fr\u00fch aus mit mehreren Seiten\u00e4sten, die fr\u00fcher fruchten als die sp\u00e4ter austreibenden neuen Ruten. Die Beeren m\u00fcssen vollreif geerntet werden, weil sie nicht nachreifen, wenn sie gepfl\u00fcckt sind.<\/p>\n<p><strong>Lagerung:<\/strong> Himbeeren sind druckempfindlich und verlieren rasch an Aroma. Sie k\u00f6nnen nur max. 2 Tage im K\u00fchlschrank gelagert werden. Sp\u00e4testens dann muss man sie essen oder einfrieren.<\/p>\n<p><strong>Sorten:<\/strong> Autumn Bliss (ertragreich, Ernte August bis Oktober)<\/p>\n<p>Ausgew\u00e4hlte Rezepte f\u00fcr die Zubereitung von Himbeeren <a href=\"http:\/\/ogv-wurmberg.de\/cms\/himbeerrezepte\/\">siehe hier!<\/a><\/p>\n<hr \/>\n<p><a href=\"http:\/\/ogv-wurmberg.de\/cms\/beerenobst\/\">zur\u00fcck!<\/a><\/p>\n","protected":false},"excerpt":{"rendered":"<p>Himbeeren geh\u00f6ren wie Erdbeeren und Brombeeren zur Familie der Rosengew\u00e4chse. Sie z\u00e4hlen zu den schmackhaftesten Beerenfr\u00fcchten und wachsen auch in k\u00fchleren Gegenden. Wildformen sind weit verbreitet und kommen von Europa bis Sibirien vor. Die ersten Z\u00fcchtungen sollen aus den Klosterg\u00e4rten des Mittelalters stammen. Standort und Pflanzung: Himbeeren brauchen ausreichend Sonne. Zwar gedeihen sie auch im [&hellip;]<\/p>\n","protected":false},"author":2,"featured_media":0,"parent":0,"menu_order":0,"comment_status":"closed","ping_status":"closed","template":"","meta":{"footnotes":""},"class_list":["post-5190","page","type-page","status-publish","hentry"],"_links":{"self":[{"href":"https:\/\/ogv-wurmberg.de\/cms\/wp-json\/wp\/v2\/pages\/5190","targetHints":{"allow":["GET"]}}],"collection":[{"href":"https:\/\/ogv-wurmberg.de\/cms\/wp-json\/wp\/v2\/pages"}],"about":[{"href":"https:\/\/ogv-wurmberg.de\/cms\/wp-json\/wp\/v2\/types\/page"}],"author":[{"embeddable":true,"href":"https:\/\/ogv-wurmberg.de\/cms\/wp-json\/wp\/v2\/users\/2"}],"replies":[{"embeddable":true,"href":"https:\/\/ogv-wurmberg.de\/cms\/wp-json\/wp\/v2\/comments?post=5190"}],"version-history":[{"count":28,"href":"https:\/\/ogv-wurmberg.de\/cms\/wp-json\/wp\/v2\/pages\/5190\/revisions"}],"predecessor-version":[{"id":6524,"href":"https:\/\/ogv-wurmberg.de\/cms\/wp-json\/wp\/v2\/pages\/5190\/revisions\/6524"}],"wp:attachment":[{"href":"https:\/\/ogv-wurmberg.de\/cms\/wp-json\/wp\/v2\/media?parent=5190"}],"curies":[{"name":"wp","href":"https:\/\/api.w.org\/{rel}","templated":true}]}}