{"id":5196,"date":"2018-02-21T20:50:36","date_gmt":"2018-02-21T19:50:36","guid":{"rendered":"http:\/\/ogv-wurmberg.de\/cms\/?page_id=5196"},"modified":"2019-02-10T21:55:27","modified_gmt":"2019-02-10T20:55:27","slug":"stachelbeeren","status":"publish","type":"page","link":"https:\/\/ogv-wurmberg.de\/cms\/stachelbeeren\/","title":{"rendered":"&#8211; Stachelbeeren"},"content":{"rendered":"<h3><strong>Stachelbeeren<\/strong><\/h3>\n<p>Zu den klassischen Beerenfr\u00fcchten in unseren G\u00e4rten geh\u00f6ren auch die Stachelbeeren. Sie bl\u00fchen von April bis Anfang Mai und sind deshalb sp\u00e4tfrostgef\u00e4hrdet. W\u00e4hrend der Bl\u00fcte befruchten sie sich zwar selbst, die Ernte ist aber bei Fremdbest\u00e4ubung durch Insektenflug wesentlich ertragreicher.<\/p>\n<div id=\"attachment_7156\" style=\"width: 160px\" class=\"wp-caption alignleft\"><a href=\"https:\/\/ogv-wurmberg.de\/cms\/wp-content\/uploads\/2019\/02\/Stachelbrezepte2.jpg\"><img loading=\"lazy\" decoding=\"async\" aria-describedby=\"caption-attachment-7156\" class=\"wp-image-7156 size-thumbnail\" src=\"https:\/\/ogv-wurmberg.de\/cms\/wp-content\/uploads\/2019\/02\/Stachelbrezepte2-150x150.jpg\" alt=\"\" width=\"150\" height=\"150\" \/><\/a><p id=\"caption-attachment-7156\" class=\"wp-caption-text\">Stachelbeeren der Sorte &#8222;Invicta&#8220;<\/p><\/div>\n<p><strong>Standort und Pflanzung<\/strong>: Bei den Stachelbeeren gibt es gr\u00fcne, gelbe und rote Sorten, die aber alle \u00e4hnlich schmecken, und zwar aromatisch s\u00fc\u00df-sauer. Ihre Anspr\u00fcche an Boden und Standort sind denen von Johannisbeeren \u00e4hnlich. Allerdings sollten sie nicht in voller Sonne stehen, weil die Fr\u00fcchte dann durch Sonnenbrand gesch\u00e4digt werden k\u00f6nnen. Stachelbeeren gibt es in zwei unterschiedlichen Wuchsformen, n\u00e4mlich als Busch und als Hochstamm. Wie bei den anderen Beeren ist eine Mulchdecke um die Pflanze von Vorteil.<\/p>\n<p><strong>Ernte:<\/strong> Erntereif sind Stachelbeeren je nach Sorte im Zeitraum von Juli bis August.<\/p>\n<div id=\"attachment_5167\" class=\"wp-caption alignright\"><\/div>\n<p><strong><a href=\"https:\/\/ogv-wurmberg.de\/cms\/wp-content\/uploads\/2018\/12\/stachelbeergraph.png\"><img loading=\"lazy\" decoding=\"async\" class=\"alignright wp-image-6803\" src=\"https:\/\/ogv-wurmberg.de\/cms\/wp-content\/uploads\/2018\/12\/stachelbeergraph-300x177.png\" alt=\"\" width=\"432\" height=\"255\" srcset=\"https:\/\/ogv-wurmberg.de\/cms\/wp-content\/uploads\/2018\/12\/stachelbeergraph-300x177.png 300w, https:\/\/ogv-wurmberg.de\/cms\/wp-content\/uploads\/2018\/12\/stachelbeergraph-768x453.png 768w, https:\/\/ogv-wurmberg.de\/cms\/wp-content\/uploads\/2018\/12\/stachelbeergraph-1024x605.png 1024w\" sizes=\"auto, (max-width: 432px) 100vw, 432px\" \/><\/a>Pflege und Schnitt: <\/strong>Einmal gesetzt m\u00fcssen Stachelbeeren nur noch geschnitten werden. Direkt nach dem Setzen k\u00fcrzen wir 2 &#8211; 3 Triebe um drei\u00a0 Viertel, alle anderen vollst\u00e4ndig (Siehe Zeichnung rechts). Stachelbeeren fruchten vor allem an den letztj\u00e4hrigen kurzen Seiten\u00e4sten \u00e4lterer Triebe. Danach sollte sich auch der Schnitt ausrichten: Die einj\u00e4hrigen starken Triebe werden um ein Drittel gek\u00fcrzt, die schwachen bodennah abgeschnitten. Alle Seiten\u00e4ste l\u00e4sst man stehen. Kleine, zu dichtstehende und nach innen wachsende Triebe werden ganz entfernt. Dies erleichtert auch die\u00a0 Ernte.<\/p>\n<p><strong>Lagerung:<\/strong> Die Lagerf\u00e4higkeit richtet sich nach dem Reifegrad. Vollreife Beeren halten sich im K\u00fchlschrank ca. 5 Tage, halbreife noch harte Fr\u00fcchte, wie man sie gern f\u00fcr Torten und Marmelade verwendet, doppelt so lange.<\/p>\n<p><strong>Sorten:\u00a0<\/strong>Um dem amerikanischen Stachelbeermehltau vorzubeugen, sollte man widerstandsf\u00e4hige Sorten w\u00e4hlen, z.B. Invicta (hellgr\u00fcn) oder Rokula (rot).<\/p>\n<p>Ausgew\u00e4hlte<strong> Rezepte<\/strong> f\u00fcr die Zubereitung von Stachelbeeren <a href=\"https:\/\/ogv-wurmberg.de\/cms\/stachelbeeren-2\/\">siehe hier!<\/a><\/p>\n<hr \/>\n<p><a href=\"http:\/\/ogv-wurmberg.de\/cms\/beerenobst\/\">zur\u00fcck!<\/a><\/p>\n","protected":false},"excerpt":{"rendered":"<p>Stachelbeeren Zu den klassischen Beerenfr\u00fcchten in unseren G\u00e4rten geh\u00f6ren auch die Stachelbeeren. Sie bl\u00fchen von April bis Anfang Mai und sind deshalb sp\u00e4tfrostgef\u00e4hrdet. W\u00e4hrend der Bl\u00fcte befruchten sie sich zwar selbst, die Ernte ist aber bei Fremdbest\u00e4ubung durch Insektenflug wesentlich ertragreicher. Standort und Pflanzung: Bei den Stachelbeeren gibt es gr\u00fcne, gelbe und rote Sorten, die [&hellip;]<\/p>\n","protected":false},"author":2,"featured_media":0,"parent":0,"menu_order":0,"comment_status":"closed","ping_status":"closed","template":"","meta":{"footnotes":""},"class_list":["post-5196","page","type-page","status-publish","hentry"],"_links":{"self":[{"href":"https:\/\/ogv-wurmberg.de\/cms\/wp-json\/wp\/v2\/pages\/5196","targetHints":{"allow":["GET"]}}],"collection":[{"href":"https:\/\/ogv-wurmberg.de\/cms\/wp-json\/wp\/v2\/pages"}],"about":[{"href":"https:\/\/ogv-wurmberg.de\/cms\/wp-json\/wp\/v2\/types\/page"}],"author":[{"embeddable":true,"href":"https:\/\/ogv-wurmberg.de\/cms\/wp-json\/wp\/v2\/users\/2"}],"replies":[{"embeddable":true,"href":"https:\/\/ogv-wurmberg.de\/cms\/wp-json\/wp\/v2\/comments?post=5196"}],"version-history":[{"count":40,"href":"https:\/\/ogv-wurmberg.de\/cms\/wp-json\/wp\/v2\/pages\/5196\/revisions"}],"predecessor-version":[{"id":7165,"href":"https:\/\/ogv-wurmberg.de\/cms\/wp-json\/wp\/v2\/pages\/5196\/revisions\/7165"}],"wp:attachment":[{"href":"https:\/\/ogv-wurmberg.de\/cms\/wp-json\/wp\/v2\/media?parent=5196"}],"curies":[{"name":"wp","href":"https:\/\/api.w.org\/{rel}","templated":true}]}}