{"id":567,"date":"2015-06-01T22:11:34","date_gmt":"2015-06-01T20:11:34","guid":{"rendered":"http:\/\/ogv-wurmberg.de\/cms\/?page_id=567"},"modified":"2016-02-26T18:46:06","modified_gmt":"2016-02-26T17:46:06","slug":"naturschutz","status":"publish","type":"page","link":"https:\/\/ogv-wurmberg.de\/cms\/naturschutz\/","title":{"rendered":"Naturschutz"},"content":{"rendered":"<h5><strong> Wir reden nicht nur \u00fcber den Schutz der Natur, sondern wir betreiben aktiven Naturschutz in<\/strong> <strong>drei Projekten:<\/strong><\/h5>\n<h5><strong>1) Betreuung des Feuchtbiotops &#8222;Weidelichsee&#8220; in der Wurmberger Gemarkung<br \/>\n<\/strong><\/h5>\n<p><a href=\"http:\/\/ogv-wurmberg.de\/cms\/wp-content\/uploads\/2015\/06\/1-Waidelich-See.jpg\"><img loading=\"lazy\" decoding=\"async\" class=\"aligncenter wp-image-1810 size-full\" src=\"http:\/\/ogv-wurmberg.de\/cms\/wp-content\/uploads\/2015\/06\/1-Waidelich-See.jpg\" alt=\"1 Waidelich See\" width=\"600\" height=\"451\" srcset=\"https:\/\/ogv-wurmberg.de\/cms\/wp-content\/uploads\/2015\/06\/1-Waidelich-See.jpg 600w, https:\/\/ogv-wurmberg.de\/cms\/wp-content\/uploads\/2015\/06\/1-Waidelich-See-300x226.jpg 300w\" sizes=\"auto, (max-width: 600px) 100vw, 600px\" \/><\/a><\/p>\n<p>&nbsp;<\/p>\n<h5><strong>2) Aufstellung und Pflege von Nistk\u00e4sten f\u00fcr V\u00f6gel<\/strong><\/h5>\n<h5 style=\"text-align: left;\"><strong>Wir betreuen \u00fcber 25 Nistk\u00e4sten auf der Wurmberger Gemarkung, die wir j\u00e4hrlich regelm\u00e4\u00dfig putzen, reparieren oder erneuern.\u00a0 Dabei f\u00fchren wir dar\u00fcber Buch, welche K\u00e4sten von V\u00f6geln oder anderen Tieren \u201ebesiedelt\u201c wurden, welche fehlen oder ersetzt werden m\u00fcssen.<\/strong><\/h5>\n<p><strong><a href=\"http:\/\/ogv-wurmberg.de\/cms\/wp-content\/uploads\/2015\/05\/1-Nistk\u00e4sten-2.jpg\"><img loading=\"lazy\" decoding=\"async\" class=\"alignleft size-full wp-image-498\" src=\"http:\/\/ogv-wurmberg.de\/cms\/wp-content\/uploads\/2015\/05\/1-Nistk\u00e4sten-2.jpg\" alt=\"1 Nistk\u00e4sten 2\" width=\"768\" height=\"433\" srcset=\"https:\/\/ogv-wurmberg.de\/cms\/wp-content\/uploads\/2015\/05\/1-Nistk\u00e4sten-2.jpg 768w, https:\/\/ogv-wurmberg.de\/cms\/wp-content\/uploads\/2015\/05\/1-Nistk\u00e4sten-2-300x169.jpg 300w\" sizes=\"auto, (max-width: 768px) 100vw, 768px\" \/><\/a><\/strong><\/p>\n<h5><\/h5>\n<h5>\u00a03) Beim Kinderferienprogramm 2011 wurden\u00a0Wildbienenhotels von den Kindern gebaut und auch mit dem selbst zugeschnittenen Nistmaterial best\u00fcckt.<\/h5>\n<p><a href=\"http:\/\/ogv-wurmberg.de\/cms\/wp-content\/uploads\/2016\/02\/DSC03049_compressed.jpg\" rel=\"attachment wp-att-1965\"><img loading=\"lazy\" decoding=\"async\" class=\"alignnone wp-image-1965\" src=\"http:\/\/ogv-wurmberg.de\/cms\/wp-content\/uploads\/2016\/02\/DSC03049_compressed-169x300.jpg\" alt=\"DSC03049_compressed\" width=\"133\" height=\"236\" srcset=\"https:\/\/ogv-wurmberg.de\/cms\/wp-content\/uploads\/2016\/02\/DSC03049_compressed-169x300.jpg 169w, https:\/\/ogv-wurmberg.de\/cms\/wp-content\/uploads\/2016\/02\/DSC03049_compressed-768x1363.jpg 768w, https:\/\/ogv-wurmberg.de\/cms\/wp-content\/uploads\/2016\/02\/DSC03049_compressed-577x1024.jpg 577w\" sizes=\"auto, (max-width: 133px) 100vw, 133px\" \/><\/a>\u00a0\u00a0\u00a0\u00a0\u00a0\u00a0\u00a0\u00a0\u00a0\u00a0\u00a0\u00a0\u00a0\u00a0 <a href=\"http:\/\/ogv-wurmberg.de\/cms\/wp-content\/uploads\/2016\/02\/DSC03107_compressed.jpg\" rel=\"attachment wp-att-1966\"><img loading=\"lazy\" decoding=\"async\" class=\"wp-image-1966 alignnone\" src=\"http:\/\/ogv-wurmberg.de\/cms\/wp-content\/uploads\/2016\/02\/DSC03107_compressed-300x169.jpg\" alt=\"DSC03107_compressed\" width=\"394\" height=\"222\" srcset=\"https:\/\/ogv-wurmberg.de\/cms\/wp-content\/uploads\/2016\/02\/DSC03107_compressed-300x169.jpg 300w, https:\/\/ogv-wurmberg.de\/cms\/wp-content\/uploads\/2016\/02\/DSC03107_compressed-768x433.jpg 768w, https:\/\/ogv-wurmberg.de\/cms\/wp-content\/uploads\/2016\/02\/DSC03107_compressed-1024x577.jpg 1024w\" sizes=\"auto, (max-width: 394px) 100vw, 394px\" \/><\/a><\/p>\n<h5><strong>In jedem Sommer nehmen wir am Kinderferienprogramm\u00a0 der Gemeinde Wurmberg teil. Die Kinder basteln dabei unter unserer Anleitung Nistk\u00e4sten aller Art f\u00fcr V\u00f6gel, Bienenhotels und vieles mehr, um sie f\u00fcr die Erhaltung unserer nat\u00fcrlichen Umgebung zu sensibilisieren.<\/strong><\/h5>\n<h5>\u00a0<a href=\"http:\/\/ogv-wurmberg.de\/cms\/wp-content\/uploads\/2015\/06\/1-Kinderferienprogramm-12_compressed.jpg\"><img loading=\"lazy\" decoding=\"async\" class=\"alignleft wp-image-1803 size-full\" src=\"http:\/\/ogv-wurmberg.de\/cms\/wp-content\/uploads\/2015\/06\/1-Kinderferienprogramm-12_compressed.jpg\" alt=\"1 Kinderferienprogramm 12_compressed\" width=\"661\" height=\"373\" srcset=\"https:\/\/ogv-wurmberg.de\/cms\/wp-content\/uploads\/2015\/06\/1-Kinderferienprogramm-12_compressed.jpg 661w, https:\/\/ogv-wurmberg.de\/cms\/wp-content\/uploads\/2015\/06\/1-Kinderferienprogramm-12_compressed-300x169.jpg 300w\" sizes=\"auto, (max-width: 661px) 100vw, 661px\" \/><\/a><\/h5>\n<p>&nbsp;<\/p>\n<p><a href=\"http:\/\/ogv-wurmberg.de\/cms\/wp-content\/uploads\/2015\/05\/1-Kinderferienprogramm-12.jpg\">\u00a0<\/a><\/p>\n","protected":false},"excerpt":{"rendered":"<p>Wir reden nicht nur \u00fcber den Schutz der Natur, sondern wir betreiben aktiven Naturschutz in drei Projekten: 1) Betreuung des Feuchtbiotops &#8222;Weidelichsee&#8220; in der Wurmberger Gemarkung &nbsp; 2) Aufstellung und Pflege von Nistk\u00e4sten f\u00fcr V\u00f6gel Wir betreuen \u00fcber 25 Nistk\u00e4sten auf der Wurmberger Gemarkung, die wir j\u00e4hrlich regelm\u00e4\u00dfig putzen, reparieren oder erneuern.\u00a0 Dabei f\u00fchren wir [&hellip;]<\/p>\n","protected":false},"author":2,"featured_media":0,"parent":0,"menu_order":0,"comment_status":"closed","ping_status":"closed","template":"","meta":{"footnotes":""},"class_list":["post-567","page","type-page","status-publish","hentry"],"_links":{"self":[{"href":"https:\/\/ogv-wurmberg.de\/cms\/wp-json\/wp\/v2\/pages\/567","targetHints":{"allow":["GET"]}}],"collection":[{"href":"https:\/\/ogv-wurmberg.de\/cms\/wp-json\/wp\/v2\/pages"}],"about":[{"href":"https:\/\/ogv-wurmberg.de\/cms\/wp-json\/wp\/v2\/types\/page"}],"author":[{"embeddable":true,"href":"https:\/\/ogv-wurmberg.de\/cms\/wp-json\/wp\/v2\/users\/2"}],"replies":[{"embeddable":true,"href":"https:\/\/ogv-wurmberg.de\/cms\/wp-json\/wp\/v2\/comments?post=567"}],"version-history":[{"count":26,"href":"https:\/\/ogv-wurmberg.de\/cms\/wp-json\/wp\/v2\/pages\/567\/revisions"}],"predecessor-version":[{"id":1969,"href":"https:\/\/ogv-wurmberg.de\/cms\/wp-json\/wp\/v2\/pages\/567\/revisions\/1969"}],"wp:attachment":[{"href":"https:\/\/ogv-wurmberg.de\/cms\/wp-json\/wp\/v2\/media?parent=567"}],"curies":[{"name":"wp","href":"https:\/\/api.w.org\/{rel}","templated":true}]}}