{"id":637,"date":"2015-06-08T23:39:02","date_gmt":"2015-06-08T21:39:02","guid":{"rendered":"http:\/\/ogv-wurmberg.de\/cms\/?page_id=637"},"modified":"2020-07-25T14:50:38","modified_gmt":"2020-07-25T12:50:38","slug":"gemuese-portraits","status":"publish","type":"page","link":"https:\/\/ogv-wurmberg.de\/cms\/gemuese-portraits\/","title":{"rendered":"Gem\u00fcse in Einzelportraits"},"content":{"rendered":"<h4><strong>Um N\u00e4heres \u00fcber die einzelnen Gem\u00fcsearten zu erfahren, einfach die entsprechenden Fotos anklicken!<\/strong><\/h4>\n<p><strong>Die hier aufgef\u00fchrten Gem\u00fcsearten sind als Mischkulturen f\u00fcr die Kultivierung in unserem Musterbeet geeignet. Um sich \u00fcber die Prinzipien der Reihenmischkultur und den daraus resultierenden Anbauplan dieses Jahres zu informieren, <a href=\"http:\/\/ogv-wurmberg.de\/cms\/gemueseanbau-in-mischkultur-grundlagen\/\">siehe hier!<\/a><\/strong><\/p>\n<div id='gallery-2' class='gallery galleryid-637 gallery-columns-6 gallery-size-thumbnail'><dl class='gallery-item'>\n\t\t\t<dt class='gallery-icon landscape'>\n\t\t\t\t<a href=\"http:\/\/ogv-wurmberg.de\/cms\/auberginen\/\" class=\"no-lightbox\"><img loading=\"lazy\" decoding=\"async\" width=\"150\" height=\"150\" src=\"https:\/\/ogv-wurmberg.de\/cms\/wp-content\/uploads\/2018\/07\/auberginen3-150x150.jpg\" class=\"attachment-thumbnail size-thumbnail\" alt=\"\" aria-describedby=\"gallery-2-6111\" \/><\/a>\n\t\t\t<\/dt>\n\t\t\t\t<dd class='wp-caption-text gallery-caption' id='gallery-2-6111'>\n\t\t\t\tAuberginen\n\t\t\t\t<\/dd><\/dl><dl class='gallery-item'>\n\t\t\t<dt class='gallery-icon portrait'>\n\t\t\t\t<a href=\"http:\/\/ogv-wurmberg.de\/cms\/blumenkohl\/\/\" class=\"no-lightbox\"><img loading=\"lazy\" decoding=\"async\" width=\"150\" height=\"150\" src=\"https:\/\/ogv-wurmberg.de\/cms\/wp-content\/uploads\/2015\/06\/Blumenkohl2-150x150.jpg\" class=\"attachment-thumbnail size-thumbnail\" alt=\"\" aria-describedby=\"gallery-2-4641\" srcset=\"https:\/\/ogv-wurmberg.de\/cms\/wp-content\/uploads\/2015\/06\/Blumenkohl2-150x150.jpg 150w, https:\/\/ogv-wurmberg.de\/cms\/wp-content\/uploads\/2015\/06\/Blumenkohl2-300x300.jpg 300w, https:\/\/ogv-wurmberg.de\/cms\/wp-content\/uploads\/2015\/06\/Blumenkohl2-768x769.jpg 768w, https:\/\/ogv-wurmberg.de\/cms\/wp-content\/uploads\/2015\/06\/Blumenkohl2-1024x1024.jpg 1024w, https:\/\/ogv-wurmberg.de\/cms\/wp-content\/uploads\/2015\/06\/Blumenkohl2.jpg 1222w\" sizes=\"auto, (max-width: 150px) 100vw, 150px\" \/><\/a>\n\t\t\t<\/dt>\n\t\t\t\t<dd class='wp-caption-text gallery-caption' id='gallery-2-4641'>\n\t\t\t\tBlumenkohl\n\t\t\t\t<\/dd><\/dl><dl class='gallery-item'>\n\t\t\t<dt class='gallery-icon portrait'>\n\t\t\t\t<a href=\"http:\/\/ogv-wurmberg.de\/cms\/bohnen-anbau\/\" class=\"no-lightbox\"><img loading=\"lazy\" decoding=\"async\" width=\"150\" height=\"150\" src=\"https:\/\/ogv-wurmberg.de\/cms\/wp-content\/uploads\/2015\/09\/buschbohnen-150x150.jpg\" class=\"attachment-thumbnail size-thumbnail\" alt=\"\" aria-describedby=\"gallery-2-1004\" \/><\/a>\n\t\t\t<\/dt>\n\t\t\t\t<dd class='wp-caption-text gallery-caption' id='gallery-2-1004'>\n\t\t\t\tBohnen\n\t\t\t\t<\/dd><\/dl><dl class='gallery-item'>\n\t\t\t<dt class='gallery-icon landscape'>\n\t\t\t\t<a href=\"http:\/\/ogv-wurmberg.de\/cms\/broccoli-2\/\" class=\"no-lightbox\"><img loading=\"lazy\" decoding=\"async\" width=\"150\" height=\"150\" src=\"https:\/\/ogv-wurmberg.de\/cms\/wp-content\/uploads\/2016\/04\/broccoli-150x150.jpg\" class=\"attachment-thumbnail size-thumbnail\" alt=\"\" aria-describedby=\"gallery-2-2278\" \/><\/a>\n\t\t\t<\/dt>\n\t\t\t\t<dd class='wp-caption-text gallery-caption' id='gallery-2-2278'>\n\t\t\t\tBrokkoli\n\t\t\t\t<\/dd><\/dl><dl class='gallery-item'>\n\t\t\t<dt class='gallery-icon landscape'>\n\t\t\t\t<a href=\"http:\/\/ogv-wurmberg.de\/cms\/chinakohl-2\/\/\" class=\"no-lightbox\"><img loading=\"lazy\" decoding=\"async\" width=\"150\" height=\"150\" src=\"https:\/\/ogv-wurmberg.de\/cms\/wp-content\/uploads\/2018\/02\/Chinakohl-150x150.jpg\" class=\"attachment-thumbnail size-thumbnail\" alt=\"\" aria-describedby=\"gallery-2-5099\" srcset=\"https:\/\/ogv-wurmberg.de\/cms\/wp-content\/uploads\/2018\/02\/Chinakohl-150x150.jpg 150w, https:\/\/ogv-wurmberg.de\/cms\/wp-content\/uploads\/2018\/02\/Chinakohl-300x300.jpg 300w, https:\/\/ogv-wurmberg.de\/cms\/wp-content\/uploads\/2018\/02\/Chinakohl-768x768.jpg 768w, https:\/\/ogv-wurmberg.de\/cms\/wp-content\/uploads\/2018\/02\/Chinakohl-1024x1024.jpg 1024w, https:\/\/ogv-wurmberg.de\/cms\/wp-content\/uploads\/2018\/02\/Chinakohl.jpg 1737w\" sizes=\"auto, (max-width: 150px) 100vw, 150px\" \/><\/a>\n\t\t\t<\/dt>\n\t\t\t\t<dd class='wp-caption-text gallery-caption' id='gallery-2-5099'>\n\t\t\t\tChinakohl\n\t\t\t\t<\/dd><\/dl><dl class='gallery-item'>\n\t\t\t<dt class='gallery-icon landscape'>\n\t\t\t\t<a href=\" http:\/\/ogv-wurmberg.de\/cms\/dicke-bohnen\/\" class=\"no-lightbox\"><img loading=\"lazy\" decoding=\"async\" width=\"150\" height=\"148\" src=\"https:\/\/ogv-wurmberg.de\/cms\/wp-content\/uploads\/2015\/06\/gemuese-ende-juni2-e1458486999388-150x148.jpg\" class=\"attachment-thumbnail size-thumbnail\" alt=\"\" aria-describedby=\"gallery-2-767\" \/><\/a>\n\t\t\t<\/dt>\n\t\t\t\t<dd class='wp-caption-text gallery-caption' id='gallery-2-767'>\n\t\t\t\tDicke Bohnen\n\t\t\t\t<\/dd><\/dl><br style=\"clear: both\" \/><dl class='gallery-item'>\n\t\t\t<dt class='gallery-icon landscape'>\n\t\t\t\t<a href=\"http:\/\/ogv-wurmberg.de\/cms\/erbsen\/\" class=\"no-lightbox\"><img loading=\"lazy\" decoding=\"async\" width=\"150\" height=\"150\" src=\"https:\/\/ogv-wurmberg.de\/cms\/wp-content\/uploads\/2018\/07\/erbsenrez-150x150.jpg\" class=\"attachment-thumbnail size-thumbnail\" alt=\"\" aria-describedby=\"gallery-2-6116\" \/><\/a>\n\t\t\t<\/dt>\n\t\t\t\t<dd class='wp-caption-text gallery-caption' id='gallery-2-6116'>\n\t\t\t\tErbsen\/Zuckerschoten\n\t\t\t\t<\/dd><\/dl><dl class='gallery-item'>\n\t\t\t<dt class='gallery-icon landscape'>\n\t\t\t\t<a href=\"http:\/\/ogv-wurmberg.de\/cms\/fenchel\/ \" class=\"no-lightbox\"><img loading=\"lazy\" decoding=\"async\" width=\"150\" height=\"150\" src=\"https:\/\/ogv-wurmberg.de\/cms\/wp-content\/uploads\/2016\/06\/fenchelkno-150x150.jpg\" class=\"attachment-thumbnail size-thumbnail\" alt=\"\" aria-describedby=\"gallery-2-2701\" \/><\/a>\n\t\t\t<\/dt>\n\t\t\t\t<dd class='wp-caption-text gallery-caption' id='gallery-2-2701'>\n\t\t\t\tFenchel\n\t\t\t\t<\/dd><\/dl><dl class='gallery-item'>\n\t\t\t<dt class='gallery-icon portrait'>\n\t\t\t\t<a href=\" http:\/\/ogv-wurmberg.de\/cms\/gruenkohl-2\/\" class=\"no-lightbox\"><img loading=\"lazy\" decoding=\"async\" width=\"134\" height=\"148\" src=\"https:\/\/ogv-wurmberg.de\/cms\/wp-content\/uploads\/2016\/01\/gruenkohl2.jpg\" class=\"attachment-thumbnail size-thumbnail\" alt=\"\" aria-describedby=\"gallery-2-1721\" \/><\/a>\n\t\t\t<\/dt>\n\t\t\t\t<dd class='wp-caption-text gallery-caption' id='gallery-2-1721'>\n\t\t\t\tGr\u00fcnkohl\n\t\t\t\t<\/dd><\/dl><dl class='gallery-item'>\n\t\t\t<dt class='gallery-icon landscape'>\n\t\t\t\t<a href=\"http:\/\/ogv-wurmberg.de\/cms\/gurken\/\" class=\"no-lightbox\"><img loading=\"lazy\" decoding=\"async\" width=\"150\" height=\"150\" src=\"https:\/\/ogv-wurmberg.de\/cms\/wp-content\/uploads\/2016\/03\/gurken-150x150.jpg\" class=\"attachment-thumbnail size-thumbnail\" alt=\"\" aria-describedby=\"gallery-2-2010\" \/><\/a>\n\t\t\t<\/dt>\n\t\t\t\t<dd class='wp-caption-text gallery-caption' id='gallery-2-2010'>\n\t\t\t\tGurken\n\t\t\t\t<\/dd><\/dl><dl class='gallery-item'>\n\t\t\t<dt class='gallery-icon portrait'>\n\t\t\t\t<a href=\"http:\/\/ogv-wurmberg.de\/cms\/karotten-anbau\/\" class=\"no-lightbox\"><img loading=\"lazy\" decoding=\"async\" width=\"150\" height=\"150\" src=\"https:\/\/ogv-wurmberg.de\/cms\/wp-content\/uploads\/2015\/06\/karotten-150x150.jpg\" class=\"attachment-thumbnail size-thumbnail\" alt=\"\" aria-describedby=\"gallery-2-1830\" \/><\/a>\n\t\t\t<\/dt>\n\t\t\t\t<dd class='wp-caption-text gallery-caption' id='gallery-2-1830'>\n\t\t\t\tKarotten\n\t\t\t\t<\/dd><\/dl><dl class='gallery-item'>\n\t\t\t<dt class='gallery-icon landscape'>\n\t\t\t\t<a href=\"http:\/\/ogv-wurmberg.de\/cms\/kartoffeln\/\" class=\"no-lightbox\"><img loading=\"lazy\" decoding=\"async\" width=\"150\" height=\"150\" src=\"https:\/\/ogv-wurmberg.de\/cms\/wp-content\/uploads\/2016\/01\/kartoffeln-150x150.jpg\" class=\"attachment-thumbnail size-thumbnail\" alt=\"\" aria-describedby=\"gallery-2-1784\" \/><\/a>\n\t\t\t<\/dt>\n\t\t\t\t<dd class='wp-caption-text gallery-caption' id='gallery-2-1784'>\n\t\t\t\tKartoffeln\n\t\t\t\t<\/dd><\/dl><br style=\"clear: both\" \/><dl class='gallery-item'>\n\t\t\t<dt class='gallery-icon landscape'>\n\t\t\t\t<a href=\"http:\/\/ogv-wurmberg.de\/cms\/kohlrabi\/\" class=\"no-lightbox\"><img loading=\"lazy\" decoding=\"async\" width=\"150\" height=\"150\" src=\"https:\/\/ogv-wurmberg.de\/cms\/wp-content\/uploads\/2018\/09\/kohlrabi3-150x150.jpg\" class=\"attachment-thumbnail size-thumbnail\" alt=\"\" aria-describedby=\"gallery-2-6356\" \/><\/a>\n\t\t\t<\/dt>\n\t\t\t\t<dd class='wp-caption-text gallery-caption' id='gallery-2-6356'>\n\t\t\t\tKohlrabi\n\t\t\t\t<\/dd><\/dl><dl class='gallery-item'>\n\t\t\t<dt class='gallery-icon landscape'>\n\t\t\t\t<a href=\"http:\/\/ogv-wurmberg.de\/cms\/kraeuter\/\" class=\"no-lightbox\"><img loading=\"lazy\" decoding=\"async\" width=\"150\" height=\"150\" src=\"https:\/\/ogv-wurmberg.de\/cms\/wp-content\/uploads\/2016\/06\/Petersilie-150x150.jpg\" class=\"attachment-thumbnail size-thumbnail\" alt=\"\" aria-describedby=\"gallery-2-2740\" \/><\/a>\n\t\t\t<\/dt>\n\t\t\t\t<dd class='wp-caption-text gallery-caption' id='gallery-2-2740'>\n\t\t\t\tK\u00fcchenkr\u00e4uter\n\t\t\t\t<\/dd><\/dl><dl class='gallery-item'>\n\t\t\t<dt class='gallery-icon landscape'>\n\t\t\t\t<a href=\"http:\/\/ogv-wurmberg.de\/cms\/kuerbisse\/\/\" class=\"no-lightbox\"><img loading=\"lazy\" decoding=\"async\" width=\"150\" height=\"150\" src=\"https:\/\/ogv-wurmberg.de\/cms\/wp-content\/uploads\/2017\/09\/kuerbis3-150x150.jpg\" class=\"attachment-thumbnail size-thumbnail\" alt=\"\" aria-describedby=\"gallery-2-4527\" \/><\/a>\n\t\t\t<\/dt>\n\t\t\t\t<dd class='wp-caption-text gallery-caption' id='gallery-2-4527'>\n\t\t\t\tK\u00fcrbisse\n\t\t\t\t<\/dd><\/dl><dl class='gallery-item'>\n\t\t\t<dt class='gallery-icon landscape'>\n\t\t\t\t<a href=\"http:\/\/ogv-wurmberg.de\/cms\/porree\/\" class=\"no-lightbox\"><img loading=\"lazy\" decoding=\"async\" width=\"150\" height=\"150\" src=\"https:\/\/ogv-wurmberg.de\/cms\/wp-content\/uploads\/2015\/09\/Lauch2-150x150.jpg\" class=\"attachment-thumbnail size-thumbnail\" alt=\"\" aria-describedby=\"gallery-2-1719\" \/><\/a>\n\t\t\t<\/dt>\n\t\t\t\t<dd class='wp-caption-text gallery-caption' id='gallery-2-1719'>\n\t\t\t\tLauch\n\t\t\t\t<\/dd><\/dl><dl class='gallery-item'>\n\t\t\t<dt class='gallery-icon portrait'>\n\t\t\t\t<a href=\" http:\/\/ogv-wurmberg.de\/cms\/mangold-anbau\/\" class=\"no-lightbox\"><img loading=\"lazy\" decoding=\"async\" width=\"150\" height=\"150\" src=\"https:\/\/ogv-wurmberg.de\/cms\/wp-content\/uploads\/2015\/06\/mangold-150x150.jpg\" class=\"attachment-thumbnail size-thumbnail\" alt=\"\" aria-describedby=\"gallery-2-1832\" \/><\/a>\n\t\t\t<\/dt>\n\t\t\t\t<dd class='wp-caption-text gallery-caption' id='gallery-2-1832'>\n\t\t\t\tMangold\n\t\t\t\t<\/dd><\/dl><dl class='gallery-item'>\n\t\t\t<dt class='gallery-icon landscape'>\n\t\t\t\t<a href=\"http:\/\/ogv-wurmberg.de\/cms\/paprika\/\/\" class=\"no-lightbox\"><img loading=\"lazy\" decoding=\"async\" width=\"150\" height=\"150\" src=\"https:\/\/ogv-wurmberg.de\/cms\/wp-content\/uploads\/2016\/03\/paprika-150x150.jpg\" class=\"attachment-thumbnail size-thumbnail\" alt=\"\" aria-describedby=\"gallery-2-2009\" \/><\/a>\n\t\t\t<\/dt>\n\t\t\t\t<dd class='wp-caption-text gallery-caption' id='gallery-2-2009'>\n\t\t\t\tPaprika\n\t\t\t\t<\/dd><\/dl><br style=\"clear: both\" \/><dl class='gallery-item'>\n\t\t\t<dt class='gallery-icon landscape'>\n\t\t\t\t<a href=\" http:\/\/ogv-wurmberg.de\/cms\/pastinaken-anbau\/\" class=\"no-lightbox\"><img loading=\"lazy\" decoding=\"async\" width=\"150\" height=\"150\" src=\"https:\/\/ogv-wurmberg.de\/cms\/wp-content\/uploads\/2016\/01\/pastinaken-150x150.jpg\" class=\"attachment-thumbnail size-thumbnail\" alt=\"\" aria-describedby=\"gallery-2-1786\" \/><\/a>\n\t\t\t<\/dt>\n\t\t\t\t<dd class='wp-caption-text gallery-caption' id='gallery-2-1786'>\n\t\t\t\tPastinaken\n\t\t\t\t<\/dd><\/dl><dl class='gallery-item'>\n\t\t\t<dt class='gallery-icon landscape'>\n\t\t\t\t<a href=\"http:\/\/ogv-wurmberg.de\/cms\/rettich\/\" class=\"no-lightbox\"><img loading=\"lazy\" decoding=\"async\" width=\"150\" height=\"150\" src=\"https:\/\/ogv-wurmberg.de\/cms\/wp-content\/uploads\/2015\/06\/radies-150x150.jpg\" class=\"attachment-thumbnail size-thumbnail\" alt=\"\" aria-describedby=\"gallery-2-1831\" \/><\/a>\n\t\t\t<\/dt>\n\t\t\t\t<dd class='wp-caption-text gallery-caption' id='gallery-2-1831'>\n\t\t\t\tRettich u. Radieschen\n\t\t\t\t<\/dd><\/dl><dl class='gallery-item'>\n\t\t\t<dt class='gallery-icon landscape'>\n\t\t\t\t<a href=\" http:\/\/ogv-wurmberg.de\/cms\/rhabarber\/ \" class=\"no-lightbox\"><img loading=\"lazy\" decoding=\"async\" width=\"150\" height=\"150\" src=\"https:\/\/ogv-wurmberg.de\/cms\/wp-content\/uploads\/2016\/03\/rhabarber2-150x150.jpg\" class=\"attachment-thumbnail size-thumbnail\" alt=\"\" aria-describedby=\"gallery-2-2238\" \/><\/a>\n\t\t\t<\/dt>\n\t\t\t\t<dd class='wp-caption-text gallery-caption' id='gallery-2-2238'>\n\t\t\t\tRhabarber\n\t\t\t\t<\/dd><\/dl><dl class='gallery-item'>\n\t\t\t<dt class='gallery-icon landscape'>\n\t\t\t\t<a href=\"http:\/\/ogv-wurmberg.de\/cms\/rosenkohl-2\/\" class=\"no-lightbox\"><img loading=\"lazy\" decoding=\"async\" width=\"150\" height=\"150\" src=\"https:\/\/ogv-wurmberg.de\/cms\/wp-content\/uploads\/2018\/12\/Rosenkohl1-150x150.jpg\" class=\"attachment-thumbnail size-thumbnail\" alt=\"\" aria-describedby=\"gallery-2-6620\" \/><\/a>\n\t\t\t<\/dt>\n\t\t\t\t<dd class='wp-caption-text gallery-caption' id='gallery-2-6620'>\n\t\t\t\tRosenkohl\n\t\t\t\t<\/dd><\/dl><dl class='gallery-item'>\n\t\t\t<dt class='gallery-icon landscape'>\n\t\t\t\t<a href=\"http:\/\/ogv-wurmberg.de\/cms\/rote-bete\/\" class=\"no-lightbox\"><img loading=\"lazy\" decoding=\"async\" width=\"150\" height=\"150\" src=\"https:\/\/ogv-wurmberg.de\/cms\/wp-content\/uploads\/2015\/06\/rotebete-150x150.jpg\" class=\"attachment-thumbnail size-thumbnail\" alt=\"\" aria-describedby=\"gallery-2-2233\" \/><\/a>\n\t\t\t<\/dt>\n\t\t\t\t<dd class='wp-caption-text gallery-caption' id='gallery-2-2233'>\n\t\t\t\tRote Bete\n\t\t\t\t<\/dd><\/dl><dl class='gallery-item'>\n\t\t\t<dt class='gallery-icon landscape'>\n\t\t\t\t<a href=\"http:\/\/ogv-wurmberg.de\/cms\/Rotkohl\/\/\" class=\"no-lightbox\"><img loading=\"lazy\" decoding=\"async\" width=\"150\" height=\"150\" src=\"https:\/\/ogv-wurmberg.de\/cms\/wp-content\/uploads\/2017\/09\/rotkohl1-150x150.jpg\" class=\"attachment-thumbnail size-thumbnail\" alt=\"\" aria-describedby=\"gallery-2-4587\" srcset=\"https:\/\/ogv-wurmberg.de\/cms\/wp-content\/uploads\/2017\/09\/rotkohl1-150x150.jpg 150w, https:\/\/ogv-wurmberg.de\/cms\/wp-content\/uploads\/2017\/09\/rotkohl1-300x300.jpg 300w, https:\/\/ogv-wurmberg.de\/cms\/wp-content\/uploads\/2017\/09\/rotkohl1-768x768.jpg 768w, https:\/\/ogv-wurmberg.de\/cms\/wp-content\/uploads\/2017\/09\/rotkohl1-1024x1024.jpg 1024w, https:\/\/ogv-wurmberg.de\/cms\/wp-content\/uploads\/2017\/09\/rotkohl1.jpg 1509w\" sizes=\"auto, (max-width: 150px) 100vw, 150px\" \/><\/a>\n\t\t\t<\/dt>\n\t\t\t\t<dd class='wp-caption-text gallery-caption' id='gallery-2-4587'>\n\t\t\t\tRotkohl\n\t\t\t\t<\/dd><\/dl><br style=\"clear: both\" \/><dl class='gallery-item'>\n\t\t\t<dt class='gallery-icon landscape'>\n\t\t\t\t<a href=\"http:\/\/ogv-wurmberg.de\/cms\/salate-anbau\/\" class=\"no-lightbox\"><img loading=\"lazy\" decoding=\"async\" width=\"150\" height=\"150\" src=\"https:\/\/ogv-wurmberg.de\/cms\/wp-content\/uploads\/2015\/09\/romana-150x150.jpg\" class=\"attachment-thumbnail size-thumbnail\" alt=\"\" aria-describedby=\"gallery-2-1080\" \/><\/a>\n\t\t\t<\/dt>\n\t\t\t\t<dd class='wp-caption-text gallery-caption' id='gallery-2-1080'>\n\t\t\t\tFr\u00fchlings-\/Sommersalate\n\t\t\t\t<\/dd><\/dl><dl class='gallery-item'>\n\t\t\t<dt class='gallery-icon portrait'>\n\t\t\t\t<a href=\"http:\/\/ogv-wurmberg.de\/cms\/salate-winter\/\" class=\"no-lightbox\"><img loading=\"lazy\" decoding=\"async\" width=\"150\" height=\"150\" src=\"https:\/\/ogv-wurmberg.de\/cms\/wp-content\/uploads\/2015\/09\/radicchio-150x150.jpg\" class=\"attachment-thumbnail size-thumbnail\" alt=\"\" aria-describedby=\"gallery-2-1082\" \/><\/a>\n\t\t\t<\/dt>\n\t\t\t\t<dd class='wp-caption-text gallery-caption' id='gallery-2-1082'>\n\t\t\t\tHerbst-\/Wintersalate\n\t\t\t\t<\/dd><\/dl><dl class='gallery-item'>\n\t\t\t<dt class='gallery-icon landscape'>\n\t\t\t\t<a href=\"http:\/\/ogv-wurmberg.de\/cms\/sellerie\/\" class=\"no-lightbox\"><img loading=\"lazy\" decoding=\"async\" width=\"150\" height=\"150\" src=\"https:\/\/ogv-wurmberg.de\/cms\/wp-content\/uploads\/2018\/01\/sellerie4-150x150.jpg\" class=\"attachment-thumbnail size-thumbnail\" alt=\"\" aria-describedby=\"gallery-2-4946\" \/><\/a>\n\t\t\t<\/dt>\n\t\t\t\t<dd class='wp-caption-text gallery-caption' id='gallery-2-4946'>\n\t\t\t\tSellerie\n\t\t\t\t<\/dd><\/dl><dl class='gallery-item'>\n\t\t\t<dt class='gallery-icon landscape'>\n\t\t\t\t<a href=\"http:\/\/ogv-wurmberg.de\/cms\/spargel\/\/\" class=\"no-lightbox\"><img loading=\"lazy\" decoding=\"async\" width=\"150\" height=\"150\" src=\"https:\/\/ogv-wurmberg.de\/cms\/wp-content\/uploads\/2016\/03\/spargel-150x150.jpg\" class=\"attachment-thumbnail size-thumbnail\" alt=\"\" aria-describedby=\"gallery-2-2062\" \/><\/a>\n\t\t\t<\/dt>\n\t\t\t\t<dd class='wp-caption-text gallery-caption' id='gallery-2-2062'>\n\t\t\t\tSpargel\n\t\t\t\t<\/dd><\/dl><dl class='gallery-item'>\n\t\t\t<dt class='gallery-icon landscape'>\n\t\t\t\t<a href=\"http:\/\/ogv-wurmberg.de\/cms\/spinat-anbau\/\/\" class=\"no-lightbox\"><img loading=\"lazy\" decoding=\"async\" width=\"150\" height=\"150\" src=\"https:\/\/ogv-wurmberg.de\/cms\/wp-content\/uploads\/2016\/03\/spinat-150x150.jpg\" class=\"attachment-thumbnail size-thumbnail\" alt=\"\" aria-describedby=\"gallery-2-2011\" srcset=\"https:\/\/ogv-wurmberg.de\/cms\/wp-content\/uploads\/2016\/03\/spinat-150x150.jpg 150w, https:\/\/ogv-wurmberg.de\/cms\/wp-content\/uploads\/2016\/03\/spinat.jpg 199w\" sizes=\"auto, (max-width: 150px) 100vw, 150px\" \/><\/a>\n\t\t\t<\/dt>\n\t\t\t\t<dd class='wp-caption-text gallery-caption' id='gallery-2-2011'>\n\t\t\t\tSpinat\n\t\t\t\t<\/dd><\/dl><dl class='gallery-item'>\n\t\t\t<dt class='gallery-icon landscape'>\n\t\t\t\t<a href=\" http:\/\/ogv-wurmberg.de\/cms\/steckrueben\/\" class=\"no-lightbox\"><img loading=\"lazy\" decoding=\"async\" width=\"150\" height=\"150\" src=\"https:\/\/ogv-wurmberg.de\/cms\/wp-content\/uploads\/2017\/10\/steckr\u00fcben2-150x150.jpg\" class=\"attachment-thumbnail size-thumbnail\" alt=\"\" aria-describedby=\"gallery-2-4712\" \/><\/a>\n\t\t\t<\/dt>\n\t\t\t\t<dd class='wp-caption-text gallery-caption' id='gallery-2-4712'>\n\t\t\t\tSteckr\u00fcben\n\t\t\t\t<\/dd><\/dl><br style=\"clear: both\" \/><dl class='gallery-item'>\n\t\t\t<dt class='gallery-icon portrait'>\n\t\t\t\t<a href=\" http:\/\/ogv-wurmberg.de\/cms\/gemuese-portraits\/tomaten-2\/\/\" class=\"no-lightbox\"><img loading=\"lazy\" decoding=\"async\" width=\"150\" height=\"150\" src=\"https:\/\/ogv-wurmberg.de\/cms\/wp-content\/uploads\/2015\/06\/tomatensorten-e1438714949970-150x150.jpg\" class=\"attachment-thumbnail size-thumbnail\" alt=\"\" aria-describedby=\"gallery-2-918\" srcset=\"https:\/\/ogv-wurmberg.de\/cms\/wp-content\/uploads\/2015\/06\/tomatensorten-e1438714949970-150x150.jpg 150w, https:\/\/ogv-wurmberg.de\/cms\/wp-content\/uploads\/2015\/06\/tomatensorten-e1438714949970-300x300.jpg 300w, https:\/\/ogv-wurmberg.de\/cms\/wp-content\/uploads\/2015\/06\/tomatensorten-e1438714949970.jpg 361w\" sizes=\"auto, (max-width: 150px) 100vw, 150px\" \/><\/a>\n\t\t\t<\/dt>\n\t\t\t\t<dd class='wp-caption-text gallery-caption' id='gallery-2-918'>\n\t\t\t\tTomaten\n\t\t\t\t<\/dd><\/dl><dl class='gallery-item'>\n\t\t\t<dt class='gallery-icon landscape'>\n\t\t\t\t<a href=\"http:\/\/ogv-wurmberg.de\/cms\/weisskohl\/\" class=\"no-lightbox\"><img loading=\"lazy\" decoding=\"async\" width=\"150\" height=\"150\" src=\"https:\/\/ogv-wurmberg.de\/cms\/wp-content\/uploads\/2017\/09\/Wei\u00dfkohl2-150x150.jpg\" class=\"attachment-thumbnail size-thumbnail\" alt=\"\" aria-describedby=\"gallery-2-4589\" srcset=\"https:\/\/ogv-wurmberg.de\/cms\/wp-content\/uploads\/2017\/09\/Wei\u00dfkohl2-150x150.jpg 150w, https:\/\/ogv-wurmberg.de\/cms\/wp-content\/uploads\/2017\/09\/Wei\u00dfkohl2-300x298.jpg 300w, https:\/\/ogv-wurmberg.de\/cms\/wp-content\/uploads\/2017\/09\/Wei\u00dfkohl2-768x762.jpg 768w, https:\/\/ogv-wurmberg.de\/cms\/wp-content\/uploads\/2017\/09\/Wei\u00dfkohl2-1024x1016.jpg 1024w, https:\/\/ogv-wurmberg.de\/cms\/wp-content\/uploads\/2017\/09\/Wei\u00dfkohl2.jpg 1059w\" sizes=\"auto, (max-width: 150px) 100vw, 150px\" \/><\/a>\n\t\t\t<\/dt>\n\t\t\t\t<dd class='wp-caption-text gallery-caption' id='gallery-2-4589'>\n\t\t\t\tWei\u00dfkohl\n\t\t\t\t<\/dd><\/dl><dl class='gallery-item'>\n\t\t\t<dt class='gallery-icon landscape'>\n\t\t\t\t<a href=\"http:\/\/ogv-wurmberg.de\/cms\/wildkraeuter\/\" class=\"no-lightbox\"><img loading=\"lazy\" decoding=\"async\" width=\"150\" height=\"150\" src=\"https:\/\/ogv-wurmberg.de\/cms\/wp-content\/uploads\/2016\/04\/loewenzahn-150x150.jpg\" class=\"attachment-thumbnail size-thumbnail\" alt=\"\" aria-describedby=\"gallery-2-2374\" \/><\/a>\n\t\t\t<\/dt>\n\t\t\t\t<dd class='wp-caption-text gallery-caption' id='gallery-2-2374'>\n\t\t\t\tWildkr\u00e4uter\n\t\t\t\t<\/dd><\/dl><dl class='gallery-item'>\n\t\t\t<dt class='gallery-icon landscape'>\n\t\t\t\t<a href=\" http:\/\/ogv-wurmberg.de\/cms\/wirsing\/\" class=\"no-lightbox\"><img loading=\"lazy\" decoding=\"async\" width=\"150\" height=\"150\" src=\"https:\/\/ogv-wurmberg.de\/cms\/wp-content\/uploads\/2015\/06\/Wirsing-150x150.jpg\" class=\"attachment-thumbnail size-thumbnail\" alt=\"\" aria-describedby=\"gallery-2-4679\" \/><\/a>\n\t\t\t<\/dt>\n\t\t\t\t<dd class='wp-caption-text gallery-caption' id='gallery-2-4679'>\n\t\t\t\tWirsing\n\t\t\t\t<\/dd><\/dl><dl class='gallery-item'>\n\t\t\t<dt class='gallery-icon landscape'>\n\t\t\t\t<a href=\" http:\/\/ogv-wurmberg.de\/cms\/zucchini\/\" class=\"no-lightbox\"><img loading=\"lazy\" decoding=\"async\" width=\"150\" height=\"150\" src=\"https:\/\/ogv-wurmberg.de\/cms\/wp-content\/uploads\/2018\/08\/zuchini1-150x150.jpg\" class=\"attachment-thumbnail size-thumbnail\" alt=\"\" aria-describedby=\"gallery-2-6265\" \/><\/a>\n\t\t\t<\/dt>\n\t\t\t\t<dd class='wp-caption-text gallery-caption' id='gallery-2-6265'>\n\t\t\t\tZucchini\n\t\t\t\t<\/dd><\/dl><dl class='gallery-item'>\n\t\t\t<dt class='gallery-icon landscape'>\n\t\t\t\t<a href=\" http:\/\/ogv-wurmberg.de\/cms\/zwiebel\/\" class=\"no-lightbox\"><img loading=\"lazy\" decoding=\"async\" width=\"150\" height=\"150\" src=\"https:\/\/ogv-wurmberg.de\/cms\/wp-content\/uploads\/2016\/01\/zwiebeln-150x150.jpg\" class=\"attachment-thumbnail size-thumbnail\" alt=\"\" aria-describedby=\"gallery-2-1785\" \/><\/a>\n\t\t\t<\/dt>\n\t\t\t\t<dd class='wp-caption-text gallery-caption' id='gallery-2-1785'>\n\t\t\t\tZwiebeln\n\t\t\t\t<\/dd><\/dl><br style=\"clear: both\" \/>\n\t\t<\/div>\n\n","protected":false},"excerpt":{"rendered":"<p>Um N\u00e4heres \u00fcber die einzelnen Gem\u00fcsearten zu erfahren, einfach die entsprechenden Fotos anklicken! Die hier aufgef\u00fchrten Gem\u00fcsearten sind als Mischkulturen f\u00fcr die Kultivierung in unserem Musterbeet geeignet. Um sich \u00fcber die Prinzipien der Reihenmischkultur und den daraus resultierenden Anbauplan dieses Jahres zu informieren, siehe hier!<\/p>\n","protected":false},"author":2,"featured_media":0,"parent":0,"menu_order":0,"comment_status":"closed","ping_status":"closed","template":"","meta":{"footnotes":""},"class_list":["post-637","page","type-page","status-publish","hentry"],"_links":{"self":[{"href":"https:\/\/ogv-wurmberg.de\/cms\/wp-json\/wp\/v2\/pages\/637","targetHints":{"allow":["GET"]}}],"collection":[{"href":"https:\/\/ogv-wurmberg.de\/cms\/wp-json\/wp\/v2\/pages"}],"about":[{"href":"https:\/\/ogv-wurmberg.de\/cms\/wp-json\/wp\/v2\/types\/page"}],"author":[{"embeddable":true,"href":"https:\/\/ogv-wurmberg.de\/cms\/wp-json\/wp\/v2\/users\/2"}],"replies":[{"embeddable":true,"href":"https:\/\/ogv-wurmberg.de\/cms\/wp-json\/wp\/v2\/comments?post=637"}],"version-history":[{"count":101,"href":"https:\/\/ogv-wurmberg.de\/cms\/wp-json\/wp\/v2\/pages\/637\/revisions"}],"predecessor-version":[{"id":6936,"href":"https:\/\/ogv-wurmberg.de\/cms\/wp-json\/wp\/v2\/pages\/637\/revisions\/6936"}],"wp:attachment":[{"href":"https:\/\/ogv-wurmberg.de\/cms\/wp-json\/wp\/v2\/media?parent=637"}],"curies":[{"name":"wp","href":"https:\/\/api.w.org\/{rel}","templated":true}]}}