{"id":7419,"date":"2019-03-10T11:01:25","date_gmt":"2019-03-10T10:01:25","guid":{"rendered":"https:\/\/ogv-wurmberg.de\/cms\/?page_id=7419"},"modified":"2019-10-17T09:11:48","modified_gmt":"2019-10-17T07:11:48","slug":"quittenrezepte","status":"publish","type":"page","link":"https:\/\/ogv-wurmberg.de\/cms\/quittenrezepte\/","title":{"rendered":"&#8211; Quittenrezepte"},"content":{"rendered":"<hr \/>\n<p>Quitten waren lange Zeit in Vergessenheit geraten, haben aber seit einigen Jahren wieder viele Liebhaber gefunden. Sie sind roh verzehrt hart und sauer und m\u00fcssen daher erst gar gekocht werden. Dann aber entfalten sie einen unnachahmlich intensiven Geschmack, der u.a. an Zitronen und \u00c4pfel erinnert. Quitten passen sehr gut zu Zitrusfr\u00fcchten, Rosinen, Mandeln und Ingwer. Auch orientalische Gew\u00fcrze harmonieren hervorragend, z.B. Zimt, Koriander, Kardamom oder Muskat. Schlie\u00dflich stammen die Fr\u00fcchte urspr\u00fcnglich aus dem Orient. Unten zeigen wir, wie man Quitten rationell vorbereiten und zu leckeren Desserts (z.B. Sorbet, Eiscreme, Kompott) weiter verarbeiten kann.<\/p>\n<hr \/>\n<h3><strong>Quitten-Grundrezept<br \/>\n<\/strong><\/h3>\n<p><strong>Beschreibung:<\/strong> Dauer 30 \u2013 40 min<\/p>\n<p><strong>Zutaten:<\/strong> 6 -8 Quitten, 1,3 l Apfelsaft, \u00bd Biozitrone, 1 Stange Zimt<\/p>\n<p><strong>Zubereitung:<\/strong> Quitten mit feuchtem Tuch abreiben und waschen. Entkernen und ungesch\u00e4lt in grobe W\u00fcrfel schneiden. Apfelsaft aufkochen. Quitten, Zimtstange, Zitronensaft und-Schale zugeben und kochen, bis die W\u00fcrfel weich sind (ca. 10 -20 min je nach Sorte). In ein Sieb geben und abtropfen lassen, Zitronenschale und Zimtstange herausnehmen. Quitten und Sud lassen sich auf verschiedene Arten weiter verwenden: Die St\u00fccke k\u00f6nnen zu Sorbet, Eiscreme, Kompott (siehe unten) oder als Auflage f\u00fcr Kuchen weiter verarbeitet werden, und zwar gleich oder sp\u00e4ter, nachdem sie eingefroren wurden. Der Apfel-Quittensud schmeckt hervorragend als Saft, ist aber auch gut als Zutat f\u00fcr manche Quittendesserts geeignet.<\/p>\n<hr \/>\n<h3><strong>Quittensorbet<br \/>\n<\/strong><\/h3>\n<p><strong>Beschreibung:<\/strong> Dauer 5 min, leicht<\/p>\n<p><strong>Zutaten:<\/strong> 300 g gefrorene Quittenw\u00fcrfel (siehe oben), 1 EL Quittenbrand, 1 gestr. TL Vanillezucker, Honig nach Geschmack<\/p>\n<p><strong>Zubereitung:<\/strong> Gefrorene St\u00fccke mit Quittenbrand und Vanillezucker in einen Standmixer geben und p\u00fcrieren. Mit Honig abschmecken und sofort servieren.<\/p>\n<hr \/>\n<h3><strong>Quitteneiscreme<br \/>\n<\/strong><\/h3>\n<p><strong>Beschreibung:<\/strong> Dauer 5 min, leicht<\/p>\n<p><strong>Zutaten:<\/strong> 300 g gefrorene Quittenst\u00fccke, 1 EL Quittenbrand, 1 gestr. TL Vanillezucker, Honig nach Geschmack, 150 g Schmand (oder Creme fraiche)<\/p>\n<p><strong>Zubereitung:<\/strong> Alle Zutaten in einem Standmixer p\u00fcrieren. Mit Honig abschmecken.<strong><br \/>\n<\/strong><\/p>\n<hr \/>\n<h3><strong>Quittenkompott<br \/>\n<\/strong><\/h3>\n<p><strong>Beschreibung:<\/strong> Dauer 5 min, leicht<\/p>\n<p><strong>Zutaten:<\/strong> 300 g gefrorene Quittenst\u00fccke, 1 EL Quittenbrand, 1 gestr. TL Vanillezucker, 3 &#8211; 4 EL Quittensud (siehe Quitten-Grundrezept), Honig nach Geschmack<\/p>\n<p><strong>Zubereitung: <\/strong>Gefrorene St\u00fccke in kleinere W\u00fcrfelchen schneiden. Mit den \u00fcbrigen Zutaten gut vermischen.<\/p>\n<hr \/>\n<h3><strong>Quittenparfait<br \/>\n<\/strong><\/h3>\n<p><strong>Beschreibung:<\/strong> Dauer 5 min, leicht<\/p>\n<p><strong>Zutaten:<\/strong> 300 g gefrorene Quittenst\u00fccke, 50 ml Quittensud, 1 EL Quittenbrand, 2 Eigelbe, 30 g Zucker, 2 El Honig, 1 TL Vanillezucker, 200 g Sahne, 60 g N\u00fcsse (z.B. Pistazien, Waln\u00fcsse, Haseln\u00fcsse, Mandelbl\u00e4ttchen)<\/p>\n<p><strong>Zubereitung: <\/strong>Gefrorene St\u00fccke in kleinere W\u00fcrfelchen schneiden. N\u00fcsse grob hacken und trocken anr\u00f6sten. Sud, Brand, Zucker, Honig, Vanillezucker und Eigelbe im hei\u00dfen Wasserbad schaumig aufmixen, dann in kaltem Wasser weiter r\u00fchren.\u00a0 Sahne schlagen und die H\u00e4lfte unter die Eimasse heben. Die 2. H\u00e4lfte mit den N\u00fcssen und den Quittenst\u00fcckchen ebenfalls unterziehen. In ein 600 ml fassende Form (oder in kleine F\u00f6rmchen) gie\u00dfen und mind. 3 h tiefk\u00fchlen. Dazu passt z. B. Schokoladen-Eis oder -Mousse<\/p>\n<p>&nbsp;<\/p>\n<p><a href=\"https:\/\/ogv-wurmberg.de\/cms\/quitten\/\">Zur\u00fcck<strong>!<\/strong><\/a><\/p>\n<hr \/>\n","protected":false},"excerpt":{"rendered":"<p>Quitten waren lange Zeit in Vergessenheit geraten, haben aber seit einigen Jahren wieder viele Liebhaber gefunden. Sie sind roh verzehrt hart und sauer und m\u00fcssen daher erst gar gekocht werden. Dann aber entfalten sie einen unnachahmlich intensiven Geschmack, der u.a. an Zitronen und \u00c4pfel erinnert. Quitten passen sehr gut zu Zitrusfr\u00fcchten, Rosinen, Mandeln und Ingwer. [&hellip;]<\/p>\n","protected":false},"author":2,"featured_media":0,"parent":0,"menu_order":0,"comment_status":"closed","ping_status":"closed","template":"","meta":{"footnotes":""},"class_list":["post-7419","page","type-page","status-publish","hentry"],"_links":{"self":[{"href":"https:\/\/ogv-wurmberg.de\/cms\/wp-json\/wp\/v2\/pages\/7419","targetHints":{"allow":["GET"]}}],"collection":[{"href":"https:\/\/ogv-wurmberg.de\/cms\/wp-json\/wp\/v2\/pages"}],"about":[{"href":"https:\/\/ogv-wurmberg.de\/cms\/wp-json\/wp\/v2\/types\/page"}],"author":[{"embeddable":true,"href":"https:\/\/ogv-wurmberg.de\/cms\/wp-json\/wp\/v2\/users\/2"}],"replies":[{"embeddable":true,"href":"https:\/\/ogv-wurmberg.de\/cms\/wp-json\/wp\/v2\/comments?post=7419"}],"version-history":[{"count":19,"href":"https:\/\/ogv-wurmberg.de\/cms\/wp-json\/wp\/v2\/pages\/7419\/revisions"}],"predecessor-version":[{"id":8554,"href":"https:\/\/ogv-wurmberg.de\/cms\/wp-json\/wp\/v2\/pages\/7419\/revisions\/8554"}],"wp:attachment":[{"href":"https:\/\/ogv-wurmberg.de\/cms\/wp-json\/wp\/v2\/media?parent=7419"}],"curies":[{"name":"wp","href":"https:\/\/api.w.org\/{rel}","templated":true}]}}