{"id":7697,"date":"2019-07-12T17:13:11","date_gmt":"2019-07-12T15:13:11","guid":{"rendered":"https:\/\/ogv-wurmberg.de\/cms\/?page_id=7697"},"modified":"2019-09-16T22:18:14","modified_gmt":"2019-09-16T20:18:14","slug":"aktivitaeten-2019","status":"publish","type":"page","link":"https:\/\/ogv-wurmberg.de\/cms\/aktivitaeten-2019\/","title":{"rendered":"Aktivit\u00e4ten 2019"},"content":{"rendered":"<div id=\"safariDiv\" class=\"row article-no-safari\">\r\n<div class=\"col-sm-8 col-sm-pull-4 articleColumn\">\r\n<div class=\"form-group\">\r\n<div id=\"article-read-mode\"><hr \/>\r\n<h3><strong>Winterschnittkurs f\u00fcr Halb- und Hochst\u00e4mme<\/strong><\/h3>\r\n<\/div>\r\n<\/div>\r\n<p>Obstb\u00e4ume m\u00fcssen regelm\u00e4\u00dfig geschnitten werden, um ihre sortentypischen Eigenschaften zu erhalten. Regelm\u00e4\u00dfig hei\u00dft, bei Hoch-und Halbst\u00e4mmen mindestens alle drei Jahre, und zwar traditionell von Dezember bis Ende M\u00e4rz. Unterbleiben diese Ma\u00dfnahmen, verbuschen und vergreisen die Baumkronen fr\u00fchzeitig; Ertrag und Fruchtqualit\u00e4t nehmen ab.<\/p>\r\n<p>Deshalb haben wir uns am Samstag, dem 16. Februar, unter der Leitung von Fachwart Joachim Schmitt zum diesj\u00e4hrigen Winterschnittkurs getroffen. Von unserer Scheune aus sind wir mit unseren Freunden vom OGV-Neub\u00e4rental zu einer Streuobstwiese in der N\u00e4he gelaufen. Dort fand der Kurs statt.<\/p>\r\n<p>Nach der Begr\u00fc\u00dfung zeigte Herr Schmitt zuerst, wie ein Pflanzschnitt kurz nach der Neupflanzung des Baumes durchgef\u00fchrt wird. Fragen der Anwesenden beantwortete er sehr detailliert und zeigte ein gro\u00dfes Fachwissen. Danach nahm er sich mehrere \u00e4ltere Apfelb\u00e4ume vor und demonstrierte, wie ein Erziehungs- und Erhaltungsschnitt optimal ausgef\u00fchrt wird.<\/p>\r\n<p>Anschlie\u00dfend konnten wir uns im Feuewehrhaus in Neub\u00e4rental bei Kaffee wieder aufw\u00e4rmen und sich mit Butterbrezeln und kleinen Snacks st\u00e4rken. Dabei wurden Erfahrungen ausgetauscht und noch anstehende Fragen beantwortet.<\/p>\r\n<div class=\"form-group\">\r\n<div id=\"article-read-mode\"><hr \/>\r\n<div id=\"attachment_7841\" style=\"width: 970px\" class=\"wp-caption alignright\"><a href=\"https:\/\/ogv-wurmberg.de\/cms\/wp-content\/uploads\/2019\/07\/fruehsomm19.jpg\"><img loading=\"lazy\" decoding=\"async\" aria-describedby=\"caption-attachment-7841\" class=\"wp-image-7841 size-large\" src=\"https:\/\/ogv-wurmberg.de\/cms\/wp-content\/uploads\/2019\/07\/fruehsomm19-1024x577.jpg\" alt=\"\" width=\"960\" height=\"541\" srcset=\"https:\/\/ogv-wurmberg.de\/cms\/wp-content\/uploads\/2019\/07\/fruehsomm19-1024x577.jpg 1024w, https:\/\/ogv-wurmberg.de\/cms\/wp-content\/uploads\/2019\/07\/fruehsomm19-300x169.jpg 300w, https:\/\/ogv-wurmberg.de\/cms\/wp-content\/uploads\/2019\/07\/fruehsomm19-768x433.jpg 768w\" sizes=\"auto, (max-width: 960px) 100vw, 960px\" \/><\/a><p id=\"caption-attachment-7841\" class=\"wp-caption-text\">Scheunendekoration beim Fr\u00fchsommerfest<\/p><\/div>\r\n<p>&nbsp;<\/p>\r\n<h3><strong>Fr\u00fchsommerfest<\/strong><\/h3>\r\n<p>Auch dieses Jahr konnten wir wieder viele G\u00e4ste anl\u00e4sslich unseres Fr\u00fchsommerfestes am Sonntag, den 10. Juni 2019, begr\u00fc\u00dfen und daf\u00fcr bedanken wir uns bei allen Besuchern ganz herzlich.<\/p>\r\n<p>Aber was ist ein Fest ohne die Helfer: In der K\u00fcche im Freien wirbelten unsere Spezialisten bez\u00fcglich Fleisch, Wurst und So\u00dfe, sowie an der Essensausgabe und drinnen eine weitere Mannschaft im Bereich Salate. An der Theke sorgten die M\u00e4nner f\u00fcr k\u00fchles Bier, Weizenbier, Weine aber auch f\u00fcr Nichtalkoholisches. Und schon fr\u00fch nach dem Mittagessen wurde unser Kuchenbuffet gest\u00fcrmt.<\/p>\r\n<p>Das allgemeine Lob f\u00fcr das gute Essen und die gesamte Bewirtschaftung geben wir allen Helfern hinter den Theken, in der K\u00fcche, beim Ausschank, an der Kuchentheke, in der Sp\u00fclk\u00fcche usw. weiter.<\/p>\r\n<p><a href=\"https:\/\/ogv-wurmberg.de\/cms\/wp-content\/uploads\/2019\/07\/fruehsomm219.jpg\"><img loading=\"lazy\" decoding=\"async\" class=\"alignleft wp-image-7842 size-medium\" src=\"https:\/\/ogv-wurmberg.de\/cms\/wp-content\/uploads\/2019\/07\/fruehsomm219-300x169.jpg\" alt=\"\" width=\"300\" height=\"169\" srcset=\"https:\/\/ogv-wurmberg.de\/cms\/wp-content\/uploads\/2019\/07\/fruehsomm219-300x169.jpg 300w, https:\/\/ogv-wurmberg.de\/cms\/wp-content\/uploads\/2019\/07\/fruehsomm219-768x433.jpg 768w, https:\/\/ogv-wurmberg.de\/cms\/wp-content\/uploads\/2019\/07\/fruehsomm219-1024x577.jpg 1024w\" sizes=\"auto, (max-width: 300px) 100vw, 300px\" \/><\/a>Hier zeigt sich die jahrelange Erfahrung aller Beteiligten, sodass die Zusammenarbeit \u2013 auch in der Sto\u00dfzeit &#8211; reibungslos lief. Selbstverst\u00e4ndlich sprang jeder auch dort ein, wo gerade \u201eNot am Mann\/Frau\u201c war. Auch die \u201eNeulinge\u201c waren sehr schnell eingearbeitet.<\/p>\r\n<p>Ohne der Hilfe aller w\u00e4re das Fest kaum so gut gelungen; daher an die gesamten Aktiven nochmals ein besonderes Dankesch\u00f6n.<\/p>\r\n<p>Bedanken wollen wir uns auch bei denjenigen, die beim Auf- und Abbau tatkr\u00e4ftig zur Stelle waren, sowie bei den zahlreichen Kuchenspender\/innen.<\/p>\r\n<p>Die vier Tage Arbeit unserer Aktiven hatte sich wieder gelohnt und unsere Chefs Thomas und Uwe konnten auch dieses Jahr zufrieden sein.<\/p>\r\n<hr \/>\r\n<h3><strong>Besuch der Gem\u00fcse- und Kr\u00e4uterg\u00e4rtnerei Kiemle<\/strong><\/h3>\r\n<p><a href=\"https:\/\/ogv-wurmberg.de\/cms\/wp-content\/uploads\/2019\/07\/Kiemle1.2019.jpg\"><img loading=\"lazy\" decoding=\"async\" class=\"alignright wp-image-7701 size-medium\" src=\"https:\/\/ogv-wurmberg.de\/cms\/wp-content\/uploads\/2019\/07\/Kiemle1.2019-300x169.jpg\" alt=\"\" width=\"300\" height=\"169\" srcset=\"https:\/\/ogv-wurmberg.de\/cms\/wp-content\/uploads\/2019\/07\/Kiemle1.2019-300x169.jpg 300w, https:\/\/ogv-wurmberg.de\/cms\/wp-content\/uploads\/2019\/07\/Kiemle1.2019-768x433.jpg 768w, https:\/\/ogv-wurmberg.de\/cms\/wp-content\/uploads\/2019\/07\/Kiemle1.2019-1024x577.jpg 1024w\" sizes=\"auto, (max-width: 300px) 100vw, 300px\" \/><\/a>Am Samstag, 6. Juni 2019, haben wir die G\u00e4rtnerei Kiemle in Bietigheim-Bissingen besucht. Dies ist ein gro\u00dfes Unternehmen, in dem moderne Produktionsmethoden die Abl\u00e4ufe bestimmen. Insgesamt wird dort eine gro\u00dfe Anzahl verschiedener Gem\u00fcse-, Salat- und Kr\u00e4uterkulturen angebaut. Allerdings gibt es keinen Hofverkauf, \u00a0sondern die Vermarktung erfolgt nur an Wiederverk\u00e4ufer: speziell f\u00fcr den Gro\u00dfmarkt Stuttgart-Wangen.<\/p>\r\n<p>Besonders beeindruckt waren wir von der Vielzahl der Tomatenarten und der Kr\u00e4uter. In einem der zahlreichen gro\u00dfen Gew\u00e4chsh\u00e4user werden unwahrscheinlich viele Kr\u00e4uterarten gezogen, in anderen Paprika, Gurken, Auberginen, Zucchini, Salate und \u2013 wie schon erw\u00e4hnt \u2013 verschiedene Tomatensorten angebaut und geerntet. Interessant<\/p>\r\n<div id=\"attachment_7843\" style=\"width: 970px\" class=\"wp-caption alignleft\"><a href=\"https:\/\/ogv-wurmberg.de\/cms\/wp-content\/uploads\/2019\/07\/kiemle219.jpg\"><img loading=\"lazy\" decoding=\"async\" aria-describedby=\"caption-attachment-7843\" class=\"wp-image-7843 size-large\" src=\"https:\/\/ogv-wurmberg.de\/cms\/wp-content\/uploads\/2019\/07\/kiemle219-1024x577.jpg\" alt=\"\" width=\"960\" height=\"541\" srcset=\"https:\/\/ogv-wurmberg.de\/cms\/wp-content\/uploads\/2019\/07\/kiemle219-1024x577.jpg 1024w, https:\/\/ogv-wurmberg.de\/cms\/wp-content\/uploads\/2019\/07\/kiemle219-300x169.jpg 300w, https:\/\/ogv-wurmberg.de\/cms\/wp-content\/uploads\/2019\/07\/kiemle219-768x433.jpg 768w\" sizes=\"auto, (max-width: 960px) 100vw, 960px\" \/><\/a><p id=\"caption-attachment-7843\" class=\"wp-caption-text\">Optimierung der Best\u00e4ubung von Gew\u00e4chshaustomaten durch Hummeln<\/p><\/div>\r\n<p>war f\u00fcr uns auch der Einsatz vieler N\u00fctzlinge zur Sch\u00e4dlingsbek\u00e4mpfung und auch das Bem\u00fchen, nat\u00fcrliche Ressourcen zu schonen, z. B. durch ein mit Biogas betriebenes Blockheizkraftwerk, Fotovoltaik, und ein 20 000m\u00b3 gro\u00dfes Regenwasserbecken. Nat\u00fcrlich durften wir auch probieren; die Tomaten hatten viel Geschmack und waren teilweise zuckers\u00fc\u00df &#8211; einige exotische Kr\u00e4uter waren allerdings gew\u00f6hnungsbedurftig. M\u00fcde und durchgeschwitzt fuhren wir dann weiter zu einem z\u00fcnftigen Mittagessen im Blockhausbesen in Hohenhaslach, wo unser sehr interessanter Ausflug ausklang.<\/p>\r\n<\/div>\r\n<\/div>\r\n<\/div>\r\n<\/div>\r\n<nav class=\"navbar navbar-fixed-bottom article-button-row\">\r\n<div class=\"container\">\r\n<div class=\"row button-row\">\r\n<div class=\"form-group\"><hr \/><\/div>\r\n<\/div>\r\n<\/div>\r\n<\/nav>\r\n<h3><strong>Flei\u00dfige Baumeister beim Kinderferienprogramm 2019 des Kleintierzuchtvereins und\u00a0 des Obst- und Gartenbauvereins Wurmberg<\/strong><\/h3>\r\n\r\n\r\n\r\n<p>&nbsp;<\/p>\r\n\r\n\r\n\r\n<p><a href=\"https:\/\/ogv-wurmberg.de\/cms\/wp-content\/uploads\/2019\/09\/DSC06851.jpg\"><img loading=\"lazy\" decoding=\"async\" class=\"alignleft wp-image-8376 size-large\" src=\"https:\/\/ogv-wurmberg.de\/cms\/wp-content\/uploads\/2019\/09\/DSC06851-1024x577.jpg\" alt=\"\" width=\"960\" height=\"541\" srcset=\"https:\/\/ogv-wurmberg.de\/cms\/wp-content\/uploads\/2019\/09\/DSC06851-1024x577.jpg 1024w, https:\/\/ogv-wurmberg.de\/cms\/wp-content\/uploads\/2019\/09\/DSC06851-300x169.jpg 300w, https:\/\/ogv-wurmberg.de\/cms\/wp-content\/uploads\/2019\/09\/DSC06851-768x433.jpg 768w\" sizes=\"auto, (max-width: 960px) 100vw, 960px\" \/><\/a>W\u00e4hrend des diesj\u00e4hrigen Kinderferienprogramms der Gemeinde Wurmberg konnten die Kinder eine Halbh\u00f6hle f\u00fcr Gartenrotschw\u00e4nzchen, Grauschn\u00e4pper und andere Nischenbr\u00fcter bauen.<\/p>\r\n\r\n\r\n\r\n<p>Am Samstag, am 31.\u00a0August 2019, trafen sich 12 Kinder mit ihren Helfern im Schulhof der Grundschule Wurmberg. Unter der fachlichen Anleitung von Reinhold Strohmer und der Helfer beider Vereine bauten die kleinen Zimmerleute die Halbh\u00f6hlen: Sie nagelten, nachdem sie alle Teile mit Schmirgelpapier vers\u00e4ubert hatten, mit gro\u00dfem Eifer und Freude die von der Schreinerei Beigel vorgefertigten Brettchen und H\u00f6lzer zusammen und sch\u00fctzten das Ganze mit Dachpappe. Besonderes Bonbon war, dass in das Frontbrettchen der Vorname der einzelnen Baumeister eingraviert war. Schlie\u00dflich wurde von ihnen auch noch vermessen und kontrolliert und nochmals vers\u00e4ubert.<a href=\"https:\/\/ogv-wurmberg.de\/cms\/wp-content\/uploads\/2019\/09\/DSC06863.jpg\"><img loading=\"lazy\" decoding=\"async\" class=\"alignleft size-medium wp-image-8375\" src=\"https:\/\/ogv-wurmberg.de\/cms\/wp-content\/uploads\/2019\/09\/DSC06863-300x169.jpg\" alt=\"\" width=\"300\" height=\"169\" srcset=\"https:\/\/ogv-wurmberg.de\/cms\/wp-content\/uploads\/2019\/09\/DSC06863-300x169.jpg 300w, https:\/\/ogv-wurmberg.de\/cms\/wp-content\/uploads\/2019\/09\/DSC06863-768x433.jpg 768w, https:\/\/ogv-wurmberg.de\/cms\/wp-content\/uploads\/2019\/09\/DSC06863-1024x577.jpg 1024w\" sizes=\"auto, (max-width: 300px) 100vw, 300px\" \/><\/a><\/p>\r\n\r\n\r\n\r\n<p>Nat\u00fcrlich machte es auch den Helfern trotz \u201eH\u00f6llenl\u00e4rm\u201c beim Nageln gro\u00dfen Spa\u00df, bei Schwierigkeiten den kleinen Baumeistern zur Seite zu stehen.<\/p>\r\n\r\n\r\n\r\n<p>Nach getaner Arbeit konnten sich dann alle mit einem St\u00fcck Pizza und einem Getr\u00e4nk st\u00e4rken.<\/p>\r\n\r\n\r\n\r\n<p>Die Aktiven des Kleintierzuchtverein Wurmberg und des Obst- und Gartenbauverein Wurmberg bedanken sich bei den Kindern und Helfern f\u00fcrs Mitmachen sehr herzlich, \u00a0bei der Schreinerei Beigel f\u00fcr die Vorbereitung der Brettchen und auch bei der Gemeinde Wurmberg, die, wie jedes Jahr, diese Aktivit\u00e4t finanziell und organisatorisch unterst\u00fctzte.<\/p>\r\n","protected":false},"excerpt":{"rendered":"<p>Winterschnittkurs f\u00fcr Halb- und Hochst\u00e4mme Obstb\u00e4ume m\u00fcssen regelm\u00e4\u00dfig geschnitten werden, um ihre sortentypischen Eigenschaften zu erhalten. Regelm\u00e4\u00dfig hei\u00dft, bei Hoch-und Halbst\u00e4mmen mindestens alle drei Jahre, und zwar traditionell von Dezember bis Ende M\u00e4rz. Unterbleiben diese Ma\u00dfnahmen, verbuschen und vergreisen die Baumkronen fr\u00fchzeitig; Ertrag und Fruchtqualit\u00e4t nehmen ab. Deshalb haben wir uns am Samstag, dem 16. [&hellip;]<\/p>\n","protected":false},"author":2,"featured_media":0,"parent":0,"menu_order":0,"comment_status":"closed","ping_status":"closed","template":"","meta":{"footnotes":""},"class_list":["post-7697","page","type-page","status-publish","hentry"],"_links":{"self":[{"href":"https:\/\/ogv-wurmberg.de\/cms\/wp-json\/wp\/v2\/pages\/7697","targetHints":{"allow":["GET"]}}],"collection":[{"href":"https:\/\/ogv-wurmberg.de\/cms\/wp-json\/wp\/v2\/pages"}],"about":[{"href":"https:\/\/ogv-wurmberg.de\/cms\/wp-json\/wp\/v2\/types\/page"}],"author":[{"embeddable":true,"href":"https:\/\/ogv-wurmberg.de\/cms\/wp-json\/wp\/v2\/users\/2"}],"replies":[{"embeddable":true,"href":"https:\/\/ogv-wurmberg.de\/cms\/wp-json\/wp\/v2\/comments?post=7697"}],"version-history":[{"count":42,"href":"https:\/\/ogv-wurmberg.de\/cms\/wp-json\/wp\/v2\/pages\/7697\/revisions"}],"predecessor-version":[{"id":8380,"href":"https:\/\/ogv-wurmberg.de\/cms\/wp-json\/wp\/v2\/pages\/7697\/revisions\/8380"}],"wp:attachment":[{"href":"https:\/\/ogv-wurmberg.de\/cms\/wp-json\/wp\/v2\/media?parent=7697"}],"curies":[{"name":"wp","href":"https:\/\/api.w.org\/{rel}","templated":true}]}}