{"id":8159,"date":"2019-08-25T22:01:04","date_gmt":"2019-08-25T20:01:04","guid":{"rendered":"https:\/\/ogv-wurmberg.de\/cms\/?page_id=8159"},"modified":"2020-04-12T16:49:08","modified_gmt":"2020-04-12T14:49:08","slug":"mirabellen","status":"publish","type":"page","link":"https:\/\/ogv-wurmberg.de\/cms\/mirabellen\/","title":{"rendered":"&#8211; Mirabellen"},"content":{"rendered":"\r\n<p><strong><a href=\"https:\/\/ogv-wurmberg.de\/cms\/wp-content\/uploads\/2020\/04\/Mirabellenbl\u00fcten.jpg\"><img loading=\"lazy\" decoding=\"async\" class=\"alignleft wp-image-8868 size-large\" src=\"https:\/\/ogv-wurmberg.de\/cms\/wp-content\/uploads\/2020\/04\/Mirabellenbl\u00fcten-1024x576.jpg\" alt=\"\" width=\"960\" height=\"540\" srcset=\"https:\/\/ogv-wurmberg.de\/cms\/wp-content\/uploads\/2020\/04\/Mirabellenbl\u00fcten-1024x576.jpg 1024w, https:\/\/ogv-wurmberg.de\/cms\/wp-content\/uploads\/2020\/04\/Mirabellenbl\u00fcten-300x169.jpg 300w, https:\/\/ogv-wurmberg.de\/cms\/wp-content\/uploads\/2020\/04\/Mirabellenbl\u00fcten-768x432.jpg 768w\" sizes=\"auto, (max-width: 960px) 100vw, 960px\" \/><\/a>Historie:<\/strong> Mirabellen sind eine Unterart der Pflaumen. Ein Mirabellenbaum ist eine Zierde f\u00fcr jeden Hausgarten. Im Fr\u00fchjahr ist er mit stark duftenden Bl\u00fcten \u00fcbers\u00e4t, im Sommer bilden die zahlreichen Fr\u00fcchte und im Herbst das bunte Herbstlaub einen dekorativen Blickfang. Die Fr\u00fcchte sind rund, gelb bis r\u00f6tlich und nur ca. 2,5 cm im Durchmesser. Wegen ihres zuckers\u00fc\u00dfen hocharomatigen Geschmacks haben sie viele Liebhaber. Mirabellen sollen urspr\u00fcnglich aus Kleinasien stammen, m\u00f6glicherweise aus einer Kreuzung von Pflaumen und Schlehen hervorgegangen und im Iran weiter gez\u00fcchtet worden sein. Von dort aus gelangten sie im Mittelalter nach Frankreich. Der Name stammt allerdings aus dem Italienischen und bedeutet \u00fcbersetzt &#8222;Wundersch\u00f6ne&#8220;. Heute sind Mirabellen in Lothringen und in der Pfalz sehr verbreitet. Beim Kernobst liegen sie im Enzkreis nach Kirschen und Zwetschgen an 3. Stelle.<\/p>\r\n\r\n\r\n\r\n<div id=\"attachment_8333\" style=\"width: 310px\" class=\"wp-caption alignright\"><a href=\"https:\/\/ogv-wurmberg.de\/cms\/wp-content\/uploads\/2019\/09\/mirabellen6-1.jpg\"><img loading=\"lazy\" decoding=\"async\" aria-describedby=\"caption-attachment-8333\" class=\"size-medium wp-image-8333\" src=\"https:\/\/ogv-wurmberg.de\/cms\/wp-content\/uploads\/2019\/09\/mirabellen6-1-300x169.jpg\" alt=\"\" width=\"300\" height=\"169\" srcset=\"https:\/\/ogv-wurmberg.de\/cms\/wp-content\/uploads\/2019\/09\/mirabellen6-1-300x169.jpg 300w, https:\/\/ogv-wurmberg.de\/cms\/wp-content\/uploads\/2019\/09\/mirabellen6-1-768x432.jpg 768w, https:\/\/ogv-wurmberg.de\/cms\/wp-content\/uploads\/2019\/09\/mirabellen6-1-1024x576.jpg 1024w\" sizes=\"auto, (max-width: 300px) 100vw, 300px\" \/><\/a><p id=\"caption-attachment-8333\" class=\"wp-caption-text\">Reife Fr\u00fcchte der Sorte &#8222;Mirabelle von Nancy&#8220;<\/p><\/div>\r\n<p><strong>Sorten:<\/strong> Die meisten Mirabellensorten sind selbstfruchtbar. So auch die alte robuste Sorte &#8222;Mirabelle von Nancy&#8220; aus Frankreich, die bei uns immer noch am st\u00e4rksten verbreitet ist. &#8222;Miragrande&#8220; ist eine neuere ebenfalls selbstfruchtbare Sorte mit vergleichsweise gro\u00dfen Fr\u00fcchten, die bereits ab dem 2. Jahr die ersten Fr\u00fcchte tragen soll. In den letzten Jahren sind noch weitere Z\u00fcchtungen auf den Markt gekommen, z.B. die &#8222;Mirabelle von Pillnitz&#8220;, eine schwachw\u00fcchsige, scharkatolerante Sorte mit hohem Ertrag. Wie Miragrande ist auch &#8222;Bellamira&#8220; eine neuere robuste Z\u00fcchtung der Forschungsanstalt Geisenheim: selbstfruchtbar, scharkarolerant und mit Ertragsbeginn im 2. Standjahr.<\/p>\r\n\r\n\r\n\r\n<p><strong>Pflege, Ernte und Lagerung:<\/strong> Unveredelte Mirabellenb\u00e4ume werden bis 6 m hoch und entwickeln eine ausladende Krone. Damit die Fr\u00fcchte ihr volles Aroma entwickeln k\u00f6nnen, sollte der Baum m\u00f6glichst sonnig stehen. Geschnitten werden Mirabellenb\u00e4ume nach dem Prinzip, das schon bei Kernobstb\u00e4umen beschrieben ist <a href=\"https:\/\/ogv-wurmberg.de\/cms\/obstbaumschnitt\/\">(Details siehe hier!)<\/a>. Unveredelte B\u00e4ume lassen sich \u00fcber Wurzelausl\u00e4ufer vermehren. Die Erntezeit reicht von August bis September. Die vitaminreichen Fr\u00fcchte halten sich bis zu 4 Tagen im K\u00fchlschrank. Sie lassen sich auch unblanchiert und ohne Kerne sehr gut einfrieren. Neben dem Frischverzehr k\u00f6nnen sie zum Backen von Kuchen, der Zubereitung von Marmelade sowie zur Herstellung von Mirabellenbrand verwendet werden.<\/p>\r\n\r\n\r\n\r\n<p><strong>Krankheiten und Sch\u00e4dlinge:<\/strong> Mirabellen haben dieselben Krankheiten und Sch\u00e4dlinge wie Zwetschgen <a href=\"https:\/\/ogv-wurmberg.de\/cms\/pflaumen\/\">(siehe hier!).<\/a><\/p>\r\n\r\n\r\n\r\n<p><strong>Rezepte<\/strong> mit Mirabellen<a href=\"https:\/\/ogv-wurmberg.de\/cms\/mirabellenrezepte\/\"> siehe hier!<\/a><\/p>\r\n<hr \/>\r\n<p><a href=\"https:\/\/ogv-wurmberg.de\/cms\/steinobst\/\">zur\u00fcck!<\/a><\/p>","protected":false},"excerpt":{"rendered":"<p>Historie: Mirabellen sind eine Unterart der Pflaumen. Ein Mirabellenbaum ist eine Zierde f\u00fcr jeden Hausgarten. Im Fr\u00fchjahr ist er mit stark duftenden Bl\u00fcten \u00fcbers\u00e4t, im Sommer bilden die zahlreichen Fr\u00fcchte und im Herbst das bunte Herbstlaub einen dekorativen Blickfang. Die Fr\u00fcchte sind rund, gelb bis r\u00f6tlich und nur ca. 2,5 cm im Durchmesser. Wegen ihres [&hellip;]<\/p>\n","protected":false},"author":2,"featured_media":0,"parent":0,"menu_order":0,"comment_status":"closed","ping_status":"closed","template":"","meta":{"footnotes":""},"class_list":["post-8159","page","type-page","status-publish","hentry"],"_links":{"self":[{"href":"https:\/\/ogv-wurmberg.de\/cms\/wp-json\/wp\/v2\/pages\/8159","targetHints":{"allow":["GET"]}}],"collection":[{"href":"https:\/\/ogv-wurmberg.de\/cms\/wp-json\/wp\/v2\/pages"}],"about":[{"href":"https:\/\/ogv-wurmberg.de\/cms\/wp-json\/wp\/v2\/types\/page"}],"author":[{"embeddable":true,"href":"https:\/\/ogv-wurmberg.de\/cms\/wp-json\/wp\/v2\/users\/2"}],"replies":[{"embeddable":true,"href":"https:\/\/ogv-wurmberg.de\/cms\/wp-json\/wp\/v2\/comments?post=8159"}],"version-history":[{"count":31,"href":"https:\/\/ogv-wurmberg.de\/cms\/wp-json\/wp\/v2\/pages\/8159\/revisions"}],"predecessor-version":[{"id":8870,"href":"https:\/\/ogv-wurmberg.de\/cms\/wp-json\/wp\/v2\/pages\/8159\/revisions\/8870"}],"wp:attachment":[{"href":"https:\/\/ogv-wurmberg.de\/cms\/wp-json\/wp\/v2\/media?parent=8159"}],"curies":[{"name":"wp","href":"https:\/\/api.w.org\/{rel}","templated":true}]}}