{"id":8435,"date":"2019-09-24T18:02:27","date_gmt":"2019-09-24T16:02:27","guid":{"rendered":"https:\/\/ogv-wurmberg.de\/cms\/?page_id=8435"},"modified":"2019-10-18T21:49:12","modified_gmt":"2019-10-18T19:49:12","slug":"mirabellenrezepte","status":"publish","type":"page","link":"https:\/\/ogv-wurmberg.de\/cms\/mirabellenrezepte\/","title":{"rendered":"&#8211; Mirabellenrezepte"},"content":{"rendered":"<p>Der s\u00fc\u00dfe intensive Geschmack frischer Mirabellen erfreut jeden Obstliebhaber. Trotzdem wird der gr\u00f6\u00dfte Teil der in Deutschland geernteten Mirabellen f\u00fcr Lik\u00f6r und Obstbrand verarbeitet. Nur geringe Mengen kommen in den Einzelhandel. Dies mag daran liegen, dass die Erntezeit von August bis September nur sehr kurz ist und Mirabellen nicht gelagert werden k\u00f6nnen. Man sollte die Saison deshalb nutzen, um die Fr\u00fcchte einzulegen oder sie zu Marmelade verarbeiten. In Desserts harmonieren sie sehr gut mit Thymian, Lavendel, Mandeln, Vanille und Honig.<\/p>\n<hr \/>\n<h3><strong>Eingelegte Mirabellen (Mirabellenkompott)<\/strong><\/h3>\n<p><strong>Beschreibung:<\/strong> Dauer ca. 20 min, einfach, ausreichend f\u00fcr 3 x 300 ml Weckgl\u00e4ser<\/p>\n<p><strong>Zutaten:<\/strong> 1 kg Mirabellen, 100 g Zucker, 1 TL Vanillezucker, 60 g Honig,\u00a0 \u00bd Zitrone, Thymian<\/p>\n<p><strong>Zubereitung:<\/strong> Mirabellen waschen. Ofen auf 95 Grad vorheizen. Ausreichend Wasser in einem flachen Topf aufkochen und in den Ofen stellen. Zucker, Vanillezucker und Honig mit 700 g Wasser aufkochen. Saft der halben Zitrone und ganze Mirabellen mit Kernen zugeben. Jeweils 2 St\u00e4ngel Thymian in kleine Weckgl\u00e4ser geben und mit den Mirabellen und dem Zuckersud auff\u00fcllen. Der Fl\u00fcssigkeitsspiegel sollte ca. 2 cm unter dem Deckel sein. Die Gl\u00e4ser verschlie\u00dfen und in den Topf im Ofen stellen. Gl\u00e4ser nach 25 min heraus nehmen und ca. 30 min auf den Kopf stellen. Die Fr\u00fcchte halten sich so ca. 1 Jahr.<\/p>\n<hr \/>\n<h3><strong>Mirabellen-Marmelade<\/strong><\/h3>\n<p><strong>Beschreibung:<\/strong> Dauer ca. 40 min, einfach<\/p>\n<p><strong>Zutaten:<\/strong> 1 kg Mirabellen, 500 g Gelierzucker 2:1, 1 TL Vanillezucker, 60 g Honig, \u00bd Vanillestange, \u00bd Zitrone, 3 St\u00e4ngel Thymian<\/p>\n<p><strong>Zubereitung:<\/strong> Mirabellen waschen, entsteinen und in Viertel schneiden. Fr\u00fcchte, Zucker, Vanillezucker, Honig und Saft der halben Zitrone in einen Topf geben und mehrere Stunden ziehen lassen. Danach aufkochen und mit dem Stabmixer p\u00fcrieren. Thymianzweige zugeben und 5 min sprudelnd kochen lassen. Bis zum Rand in Marmeladengl\u00e4ser f\u00fcllen, zuschrauben und ca. 30 min auf dem Kopf erkalten lassen.<\/p>\n<hr \/>\n<p><a href=\"https:\/\/ogv-wurmberg.de\/cms\/mirabellen\/\">zur\u00fcck!<\/a><\/p>\n","protected":false},"excerpt":{"rendered":"<p>Der s\u00fc\u00dfe intensive Geschmack frischer Mirabellen erfreut jeden Obstliebhaber. Trotzdem wird der gr\u00f6\u00dfte Teil der in Deutschland geernteten Mirabellen f\u00fcr Lik\u00f6r und Obstbrand verarbeitet. Nur geringe Mengen kommen in den Einzelhandel. Dies mag daran liegen, dass die Erntezeit von August bis September nur sehr kurz ist und Mirabellen nicht gelagert werden k\u00f6nnen. Man sollte die [&hellip;]<\/p>\n","protected":false},"author":2,"featured_media":0,"parent":0,"menu_order":0,"comment_status":"closed","ping_status":"closed","template":"","meta":{"footnotes":""},"class_list":["post-8435","page","type-page","status-publish","hentry"],"_links":{"self":[{"href":"https:\/\/ogv-wurmberg.de\/cms\/wp-json\/wp\/v2\/pages\/8435","targetHints":{"allow":["GET"]}}],"collection":[{"href":"https:\/\/ogv-wurmberg.de\/cms\/wp-json\/wp\/v2\/pages"}],"about":[{"href":"https:\/\/ogv-wurmberg.de\/cms\/wp-json\/wp\/v2\/types\/page"}],"author":[{"embeddable":true,"href":"https:\/\/ogv-wurmberg.de\/cms\/wp-json\/wp\/v2\/users\/2"}],"replies":[{"embeddable":true,"href":"https:\/\/ogv-wurmberg.de\/cms\/wp-json\/wp\/v2\/comments?post=8435"}],"version-history":[{"count":11,"href":"https:\/\/ogv-wurmberg.de\/cms\/wp-json\/wp\/v2\/pages\/8435\/revisions"}],"predecessor-version":[{"id":8585,"href":"https:\/\/ogv-wurmberg.de\/cms\/wp-json\/wp\/v2\/pages\/8435\/revisions\/8585"}],"wp:attachment":[{"href":"https:\/\/ogv-wurmberg.de\/cms\/wp-json\/wp\/v2\/media?parent=8435"}],"curies":[{"name":"wp","href":"https:\/\/api.w.org\/{rel}","templated":true}]}}