{"id":9082,"date":"2021-11-22T21:48:58","date_gmt":"2021-11-22T20:48:58","guid":{"rendered":"https:\/\/ogv-wurmberg.de\/cms\/?page_id=9082"},"modified":"2026-01-19T21:57:40","modified_gmt":"2026-01-19T20:57:40","slug":"termine-2026","status":"publish","type":"page","link":"https:\/\/ogv-wurmberg.de\/cms\/termine-2026\/","title":{"rendered":"Termine 2026"},"content":{"rendered":"<p>Aufgelistet sind hier die diesj\u00e4hrigen Veranstaltungen, deren Termin bereits fest steht. Sobald weitere hinzukommen, werden sie zus\u00e4tzlich unten aufgef\u00fchrt&#8230;<\/p>\n<ul>\n<li>\n<h3><strong>Jahreshauptversammlung<\/strong><u><b><br \/>\n<\/b><\/u><\/h3>\n<\/li>\n<\/ul>\n<p>findet am<i><b> Freitag, den 23. Januar 2026 um 19.00 Uhr<\/b><\/i> Im Steinernen Kreuz in Wurmberg statt. Dazu sind alle Mitglieder herzlich eingeladen.<\/p>\n<ul>\n<li>\n<h3><strong>Winterschnittkurs<br \/>\n<\/strong><\/h3>\n<\/li>\n<\/ul>\n<p>findet am Samstag, den <strong>07. Februar 2026<\/strong> in Wurmberg unter der Leitung von Fachwart und Obstbaumpfleger Herr <strong>Cedric Wolfm\u00fcller<\/strong> statt.<br \/>\nTreffpunkt um <strong>13:30 Uhr<\/strong> an der Vereinsscheune des OGV Wurmberg im Welschen Feld.<br \/>\nWir m\u00f6chten den Pflegeschnitt von Jungb\u00e4umen und Erhaltungsschnitt vom 20-j\u00e4hrigen Obstb\u00e4umen zeigen.<\/p>\n<ul>\n<li>\n<h3><strong>Schnittkurs f\u00fcr Zierstr\u00e4ucher und Rosen<\/strong><\/h3>\n<\/li>\n<\/ul>\n<p>findet am Samstag, den <strong>14. M\u00e4rz 2026<\/strong> unter der Leitung von Fachwart <strong>Herr Claus H\u00f6fflin <\/strong>statt.<br \/>\nTreffpunkt 13:30 Uhr beim Garten eines Vereinsmitglieds.<br \/>\nAdresse wird noch rechtzeitig im Gemeindemittteilungsblatt bekannt gegeben.<\/p>\n<ul>\n<li>\n<h3><strong>Gottesdienst im Gr\u00fcnen<\/strong><\/h3>\n<\/li>\n<\/ul>\n<p>feiern wir am Sonntag, den <strong>17. Mai 2026 um 10:30 Uhr<\/strong> mit der Evangelischen<br \/>\nKirchengemeinde an der Vereinsscheune des OGV Wurmberg im Welschen Feld.<\/p>\n<ul>\n<li>\n<h3><strong>Sommerfest mit Schleppertreffen 2026<\/strong><\/h3>\n<\/li>\n<\/ul>\n<p>Unser Sommerfest mit Schleppertreffen ist f\u00fcr Sonntag, den <strong>28. Juni 2026 <\/strong>in unserer Vereinsscheune im Welschen Feld geplant.<\/p>\n<ul>\n<li>\n<h3><strong>Ausflug 2026<\/strong><\/h3>\n<\/li>\n<\/ul>\n<p>findet am <em><strong>Sonntag, den 29. August 2026<\/strong><\/em> statt.<br \/>\nHierzu werden im Laufe des Jahres noch weitere Details bekannt gegeben!<\/p>\n<p>&nbsp;<\/p>\n","protected":false},"excerpt":{"rendered":"<p>Aufgelistet sind hier die diesj\u00e4hrigen Veranstaltungen, deren Termin bereits fest steht. Sobald weitere hinzukommen, werden sie zus\u00e4tzlich unten aufgef\u00fchrt&#8230; Jahreshauptversammlung findet am Freitag, den 23. Januar 2026 um 19.00 Uhr Im Steinernen Kreuz in Wurmberg statt. Dazu sind alle Mitglieder herzlich eingeladen. Winterschnittkurs findet am Samstag, den 07. Februar 2026 in Wurmberg unter der Leitung [&hellip;]<\/p>\n","protected":false},"author":3,"featured_media":0,"parent":0,"menu_order":0,"comment_status":"closed","ping_status":"closed","template":"","meta":{"footnotes":""},"class_list":["post-9082","page","type-page","status-publish","hentry"],"_links":{"self":[{"href":"https:\/\/ogv-wurmberg.de\/cms\/wp-json\/wp\/v2\/pages\/9082","targetHints":{"allow":["GET"]}}],"collection":[{"href":"https:\/\/ogv-wurmberg.de\/cms\/wp-json\/wp\/v2\/pages"}],"about":[{"href":"https:\/\/ogv-wurmberg.de\/cms\/wp-json\/wp\/v2\/types\/page"}],"author":[{"embeddable":true,"href":"https:\/\/ogv-wurmberg.de\/cms\/wp-json\/wp\/v2\/users\/3"}],"replies":[{"embeddable":true,"href":"https:\/\/ogv-wurmberg.de\/cms\/wp-json\/wp\/v2\/comments?post=9082"}],"version-history":[{"count":17,"href":"https:\/\/ogv-wurmberg.de\/cms\/wp-json\/wp\/v2\/pages\/9082\/revisions"}],"predecessor-version":[{"id":9157,"href":"https:\/\/ogv-wurmberg.de\/cms\/wp-json\/wp\/v2\/pages\/9082\/revisions\/9157"}],"wp:attachment":[{"href":"https:\/\/ogv-wurmberg.de\/cms\/wp-json\/wp\/v2\/media?parent=9082"}],"curies":[{"name":"wp","href":"https:\/\/api.w.org\/{rel}","templated":true}]}}